{"id":15840,"date":"2021-10-12T15:51:09","date_gmt":"2021-10-12T13:51:09","guid":{"rendered":"https:\/\/turbo-balancer.com\/ueber-uns\/"},"modified":"2023-03-16T08:30:05","modified_gmt":"2023-03-16T07:30:05","slug":"ueber-uns","status":"publish","type":"page","link":"https:\/\/turbo-balancer.com\/de\/ueber-uns\/","title":{"rendered":"\u00dcber uns"},"content":{"rendered":"\t\t<div data-elementor-type=\"wp-page\" data-elementor-id=\"15840\" class=\"elementor elementor-15840 elementor-4400\">\n\t\t\t\t\t\t\t\t\t<section class=\"elementor-section elementor-top-section elementor-element elementor-element-68f64a5 elementor-section-content-middle elementor-section-boxed elementor-section-height-default elementor-section-height-default wd-section-disabled\" data-id=\"68f64a5\" data-element_type=\"section\">\n\t\t\t\t\t\t<div class=\"elementor-container elementor-column-gap-default\">\n\t\t\t\t\t<div class=\"elementor-column elementor-col-50 elementor-top-column elementor-element elementor-element-abe1ee5\" data-id=\"abe1ee5\" data-element_type=\"column\">\n\t\t\t<div class=\"elementor-widget-wrap\">\n\t\t\t\t\t\t\t\t\t<\/div>\n\t\t<\/div>\n\t\t\t\t<div class=\"elementor-column elementor-col-50 elementor-top-column elementor-element elementor-element-49de4f1\" data-id=\"49de4f1\" data-element_type=\"column\">\n\t\t\t<div class=\"elementor-widget-wrap\">\n\t\t\t\t\t\t\t\t\t<\/div>\n\t\t<\/div>\n\t\t\t\t\t\t\t<\/div>\n\t\t<\/section>\n\t\t\t\t<section class=\"elementor-section elementor-top-section elementor-element elementor-element-cf0e1ff elementor-section-boxed elementor-section-height-default elementor-section-height-default wd-section-disabled\" data-id=\"cf0e1ff\" data-element_type=\"section\">\n\t\t\t\t\t\t<div class=\"elementor-container elementor-column-gap-default\">\n\t\t\t\t\t<div class=\"elementor-column elementor-col-100 elementor-top-column elementor-element elementor-element-d4582ab\" data-id=\"d4582ab\" data-element_type=\"column\">\n\t\t\t<div class=\"elementor-widget-wrap elementor-element-populated\">\n\t\t\t\t\t\t\t\t<div class=\"elementor-element elementor-element-de6816b elementor-widget elementor-widget-wd_title\" data-id=\"de6816b\" data-element_type=\"widget\" data-widget_type=\"wd_title.default\">\n\t\t\t\t<div class=\"elementor-widget-container\">\n\t\t\t\t\t<div class=\"title-wrapper set-mb-s reset-last-child wd-title-color-primary wd-title-style-default wd-title-size-large text-center\">\n\n\t\t\t\t\t\t\t<div class=\"title-subtitle subtitle-color-primary subtitle-style-default wd-fontsize-xs\">\n\t\t\t\t\tEINIGE WORTE \u00dcBER UNS\t\t\t\t<\/div>\n\t\t\t\n\t\t\t<div class=\"liner-continer\">\n\t\t\t\t<h4 class=\"woodmart-title-container title wd-fontsize-xxl\">Die Geschichte von Cimat in K\u00fcrze!<\/h4> \n\t\t\t\t\t\t\t<\/div>\n\n\t\t\t\t\t\t\t<div class=\"title-after_title set-cont-mb-s reset-last-child wd-fontsize-s\">\n\t\t\t\t\t<p>Cimat Sp.z o.o. wurde 1987 von drei Doktoranden der damaligen Technischen Universit\u00e4t in Bydgoszcz (Bromberg) gegr\u00fcndet, die heute Universit\u00e4t f\u00fcr Technik und Biowissenschaften hei\u00dft.<\/p><p>Damals beschlossen die drei M\u00e4nner Andrzej Topolinski, Miroslaw Malec und Ludwik Ciolczyk, eine Firma zu gr\u00fcnden, die Unternehmen im Bereich der Schwingungsanalyse und des dynamischen Auswuchtens technische Unterst\u00fctzung bieten sollte. Die ersten Konstruktionen des Messger\u00e4ts ROTORTEST erm\u00f6glichten es dem jungen Unternehmen, seine Existenz in den 1990er Jahren zu stabilisieren, als die sich dynamisch ver\u00e4ndernden polnischen Unternehmen ihre Auswuchtmaschinen modernisieren mussten, insbesondere im Hinblick auf die veraltete Elektronik. CIMAT begann auch, den polnischen Markt mit kompletten Auswuchtmaschinen f\u00fcr verschiedene Branchen zu beliefern. Seit Beginn des neuen Jahrhunderts hat CIMAT konsequent in einen neuen Markt expandiert - die Ausr\u00fcstung von Werkst\u00e4tten f\u00fcr die Wiederaufbereitung von Turboladern. Auswuchtmaschinen f\u00fcr Komponenten und Kerne von Turboladern und dann die Ger\u00e4te f\u00fcr die Regulierung von Systemen mit variabler Geometrie Turbo Test erm\u00f6glichten sogar die Entwicklung des Marktes f\u00fcr die \u00dcberholung von Turboladern in Polen. Der Beitritt Polens zur Europ\u00e4ischen Union im Jahr 2004 war ein weiterer Meilenstein in der Entwicklung des Unternehmens und erm\u00f6glichte sein weiteres Wachstum. Die Expansion auf europ\u00e4ische und au\u00dfereurop\u00e4ische M\u00e4rkte f\u00fchrte dazu, dass die H\u00e4lfte der derzeit produzierten Einheiten ins Ausland geliefert wird. Die T\u00e4tigkeit des Unternehmens auf den ausl\u00e4ndischen M\u00e4rkten f\u00fchrte dazu, dass es von den Managern der Burke Porter Group wahrgenommen wurde, die eine Holding aus Hightech-Unternehmen aufbaute, die unter anderem im Bereich der Automobilindustrie t\u00e4tig sind.<\/p><p>\u00a0<\/p>\t\t\t\t<\/div>\n\t\t\t\t\t<\/div>\n\t\t\t\t<\/div>\n\t\t\t\t<\/div>\n\t\t\t\t<div class=\"elementor-element elementor-element-3b8f1c6 elementor-widget elementor-widget-wd_image_or_svg\" data-id=\"3b8f1c6\" data-element_type=\"widget\" data-widget_type=\"wd_image_or_svg.default\">\n\t\t\t\t<div class=\"elementor-widget-container\">\n\t\t\t\n\t\t<div class=\"wd-image text-center\">\n\t\t\t\t\t\t\t\t<img loading=\"lazy\" decoding=\"async\" width=\"1000\" height=\"487\" src=\"https:\/\/turbo-balancer.com\/wp-content\/uploads\/2022\/08\/cimat-company-new.jpg\" class=\"attachment-full size-full\" alt=\"\" srcset=\"https:\/\/turbo-balancer.com\/wp-content\/uploads\/2022\/08\/cimat-company-new.jpg 1000w, https:\/\/turbo-balancer.com\/wp-content\/uploads\/2022\/08\/cimat-company-new-400x195.jpg 400w, https:\/\/turbo-balancer.com\/wp-content\/uploads\/2022\/08\/cimat-company-new-768x374.jpg 768w\" sizes=\"auto, (max-width: 1000px) 100vw, 1000px\" \/>\t\t\t\t\t<\/div>\n\n\t\t\t\t<\/div>\n\t\t\t\t<\/div>\n\t\t\t\t\t<\/div>\n\t\t<\/div>\n\t\t\t\t\t\t\t<\/div>\n\t\t<\/section>\n\t\t\t\t<section class=\"elementor-section elementor-top-section elementor-element elementor-element-790c39a elementor-section-content-middle elementor-section-boxed elementor-section-height-default elementor-section-height-default wd-section-disabled\" data-id=\"790c39a\" data-element_type=\"section\">\n\t\t\t\t\t\t<div class=\"elementor-container elementor-column-gap-default\">\n\t\t\t\t\t<div class=\"elementor-column elementor-col-50 elementor-top-column elementor-element elementor-element-6b96681\" data-id=\"6b96681\" data-element_type=\"column\">\n\t\t\t<div class=\"elementor-widget-wrap elementor-element-populated\">\n\t\t\t\t\t\t\t\t<div class=\"elementor-element elementor-element-6862710 elementor-widget elementor-widget-wd_image_or_svg\" data-id=\"6862710\" data-element_type=\"widget\" data-widget_type=\"wd_image_or_svg.default\">\n\t\t\t\t<div class=\"elementor-widget-container\">\n\t\t\t\n\t\t<div class=\"wd-image text-right\">\n\t\t\t\t\t\t\t\t<img loading=\"lazy\" decoding=\"async\" width=\"689\" height=\"430\" src=\"https:\/\/turbo-balancer.com\/wp-content\/uploads\/2022\/06\/mapa.jpg\" class=\"attachment-full size-full\" alt=\"\" srcset=\"https:\/\/turbo-balancer.com\/wp-content\/uploads\/2022\/06\/mapa.jpg 689w, https:\/\/turbo-balancer.com\/wp-content\/uploads\/2022\/06\/mapa-400x250.jpg 400w\" sizes=\"auto, (max-width: 689px) 100vw, 689px\" \/>\t\t\t\t\t<\/div>\n\n\t\t\t\t<\/div>\n\t\t\t\t<\/div>\n\t\t\t\t\t<\/div>\n\t\t<\/div>\n\t\t\t\t<div class=\"elementor-column elementor-col-50 elementor-top-column elementor-element elementor-element-b4a0030\" data-id=\"b4a0030\" data-element_type=\"column\" data-settings=\"{&quot;background_background&quot;:&quot;classic&quot;}\">\n\t\t\t<div class=\"elementor-widget-wrap elementor-element-populated\">\n\t\t\t\t\t\t\t\t<div class=\"elementor-element elementor-element-aa6d5e1 color-scheme-inherit text-left elementor-widget elementor-widget-text-editor\" data-id=\"aa6d5e1\" data-element_type=\"widget\" data-widget_type=\"text-editor.default\">\n\t\t\t\t<div class=\"elementor-widget-container\">\n\t\t\t<style>\/*! elementor - v3.6.5 - 27-04-2022 *\/\n.elementor-widget-text-editor.elementor-drop-cap-view-stacked .elementor-drop-cap{background-color:#818a91;color:#fff}.elementor-widget-text-editor.elementor-drop-cap-view-framed .elementor-drop-cap{color:#818a91;border:3px solid;background-color:transparent}.elementor-widget-text-editor:not(.elementor-drop-cap-view-default) .elementor-drop-cap{margin-top:8px}.elementor-widget-text-editor:not(.elementor-drop-cap-view-default) .elementor-drop-cap-letter{width:1em;height:1em}.elementor-widget-text-editor .elementor-drop-cap{float:left;text-align:center;line-height:1;font-size:50px}.elementor-widget-text-editor .elementor-drop-cap-letter{display:inline-block}<\/style>\t\t\t\t<p style=\"margin-bottom: var(--wd-tags-mb); font-style: normal; font-variant-ligatures: normal; font-variant-caps: normal; font-weight: 400; font-family: 'Open Sans', Arial, Helvetica, sans-serif; font-size: 16px; white-space: pre-wrap;\">Der Markt geh\u00f6rt Unternehmen, die umfassende und professionelle Dienstleistungen anbieten. Mit Cimat Machines ist es m\u00f6glich, einen kompletten \u00dcberholungsprozess des Turboladers durchzuf\u00fchren. Renommierte Ausr\u00fcstung des polnischen Herstellers, des Weltmarktf\u00fchrers in der \u00dcberholung von Turboladern, bedeutet h\u00f6here Genauigkeit und bestm\u00f6gliche Wirkung der Dienstleistung.<\/p>\n<p style=\"margin-bottom: 0px; font-style: normal; font-variant-ligatures: normal; font-variant-caps: normal; font-weight: 400; font-family: 'Open Sans', Arial, Helvetica, sans-serif; font-size: 16px; white-space: pre-wrap;\">Reputable equipment of the Polish manufacturer, the world leader in turbocharger reconditioning,<br \/>means higher accuracy and the best possible effect of the service.<\/p><\/p>\n\t\t\t\t\t\t<\/div>\n\t\t\t\t<\/div>\n\t\t\t\t\t<\/div>\n\t\t<\/div>\n\t\t\t\t\t\t\t<\/div>\n\t\t<\/section>\n\t\t\t\t<section class=\"elementor-section elementor-top-section elementor-element elementor-element-b79a165 elementor-section-full_width elementor-section-content-middle elementor-section-height-default elementor-section-height-default wd-section-disabled\" data-id=\"b79a165\" data-element_type=\"section\" data-settings=\"{&quot;background_background&quot;:&quot;classic&quot;}\">\n\t\t\t\t\t\t<div class=\"elementor-container elementor-column-gap-default\">\n\t\t\t\t\t<div class=\"elementor-column elementor-col-100 elementor-top-column elementor-element elementor-element-a62cca8\" data-id=\"a62cca8\" data-element_type=\"column\">\n\t\t\t<div class=\"elementor-widget-wrap elementor-element-populated\">\n\t\t\t\t\t\t\t\t<div class=\"elementor-element elementor-element-ce1c6ed elementor-widget elementor-widget-heading\" data-id=\"ce1c6ed\" data-element_type=\"widget\" data-widget_type=\"heading.default\">\n\t\t\t\t<div class=\"elementor-widget-container\">\n\t\t\t<style>\/*! elementor - v3.6.5 - 27-04-2022 *\/\n.elementor-heading-title{padding:0;margin:0;line-height:1}.elementor-widget-heading .elementor-heading-title[class*=elementor-size-]>a{color:inherit;font-size:inherit;line-height:inherit}.elementor-widget-heading .elementor-heading-title.elementor-size-small{font-size:15px}.elementor-widget-heading .elementor-heading-title.elementor-size-medium{font-size:19px}.elementor-widget-heading .elementor-heading-title.elementor-size-large{font-size:29px}.elementor-widget-heading .elementor-heading-title.elementor-size-xl{font-size:39px}.elementor-widget-heading .elementor-heading-title.elementor-size-xxl{font-size:59px}<\/style><h2 class=\"elementor-heading-title elementor-size-default\">WIE WIR HEUTE AUSSEHEN<\/h2>\t\t<\/div>\n\t\t\t\t<\/div>\n\t\t\t\t<div class=\"elementor-element elementor-element-0c916b6 elementor-widget__width-initial elementor-aspect-ratio-169 elementor-widget elementor-widget-video\" data-id=\"0c916b6\" data-element_type=\"widget\" data-settings=\"{&quot;youtube_url&quot;:&quot;https:\\\/\\\/youtu.be\\\/ivMhsLG_4Lo&quot;,&quot;modestbranding&quot;:&quot;yes&quot;,&quot;video_type&quot;:&quot;youtube&quot;,&quot;controls&quot;:&quot;yes&quot;,&quot;aspect_ratio&quot;:&quot;169&quot;}\" data-widget_type=\"video.default\">\n\t\t\t\t<div class=\"elementor-widget-container\">\n\t\t\t<style>\/*! elementor - v3.6.5 - 27-04-2022 *\/\n.elementor-widget-video .elementor-widget-container{overflow:hidden;-webkit-transform:translateZ(0);transform:translateZ(0)}.elementor-widget-video .elementor-open-inline .elementor-custom-embed-image-overlay{position:absolute;top:0;left:0;width:100%;height:100%;background-size:cover;background-position:50%}.elementor-widget-video .elementor-custom-embed-image-overlay{cursor:pointer;text-align:center}.elementor-widget-video .elementor-custom-embed-image-overlay:hover .elementor-custom-embed-play i{opacity:1}.elementor-widget-video .elementor-custom-embed-image-overlay img{display:block;width:100%}.elementor-widget-video .e-hosted-video .elementor-video{-o-object-fit:cover;object-fit:cover}<\/style>\t\t<div class=\"elementor-wrapper elementor-fit-aspect-ratio elementor-open-inline\">\n\t\t\t<div class=\"elementor-video\"><\/div>\t\t<\/div>\n\t\t\t\t<\/div>\n\t\t\t\t<\/div>\n\t\t\t\t\t<\/div>\n\t\t<\/div>\n\t\t\t\t\t\t\t<\/div>\n\t\t<\/section>\n\t\t\t\t\t\t\t<\/div>\n\t\t","protected":false},"excerpt":{"rendered":"<p>EINIGE WORTE \u00dcBER UNS Die Geschichte von Cimat in K\u00fcrze! Cimat Sp.z o.o. wurde 1987 von drei Doktoranden der damaligen<\/p>\n","protected":false},"author":1,"featured_media":0,"parent":0,"menu_order":0,"comment_status":"closed","ping_status":"closed","template":"","meta":{"footnotes":""},"class_list":["post-15840","page","type-page","status-publish","hentry"],"_links":{"self":[{"href":"https:\/\/turbo-balancer.com\/de\/wp-json\/wp\/v2\/pages\/15840","targetHints":{"allow":["GET"]}}],"collection":[{"href":"https:\/\/turbo-balancer.com\/de\/wp-json\/wp\/v2\/pages"}],"about":[{"href":"https:\/\/turbo-balancer.com\/de\/wp-json\/wp\/v2\/types\/page"}],"author":[{"embeddable":true,"href":"https:\/\/turbo-balancer.com\/de\/wp-json\/wp\/v2\/users\/1"}],"replies":[{"embeddable":true,"href":"https:\/\/turbo-balancer.com\/de\/wp-json\/wp\/v2\/comments?post=15840"}],"version-history":[{"count":10,"href":"https:\/\/turbo-balancer.com\/de\/wp-json\/wp\/v2\/pages\/15840\/revisions"}],"predecessor-version":[{"id":16280,"href":"https:\/\/turbo-balancer.com\/de\/wp-json\/wp\/v2\/pages\/15840\/revisions\/16280"}],"wp:attachment":[{"href":"https:\/\/turbo-balancer.com\/de\/wp-json\/wp\/v2\/media?parent=15840"}],"curies":[{"name":"wp","href":"https:\/\/api.w.org\/{rel}","templated":true}]}}