{"id":15978,"date":"2022-06-12T00:38:15","date_gmt":"2022-06-11T22:38:15","guid":{"rendered":"https:\/\/turbo-balancer.com\/cmt-tr-polimer\/"},"modified":"2024-08-14T11:45:10","modified_gmt":"2024-08-14T09:45:10","slug":"cmt-tr-polimer","status":"publish","type":"page","link":"https:\/\/turbo-balancer.com\/de\/cmt-tr-polimer\/","title":{"rendered":"CMT-TR POLIMER"},"content":{"rendered":"\t\t<div data-elementor-type=\"wp-page\" data-elementor-id=\"15978\" class=\"elementor elementor-15978 elementor-9215\">\n\t\t\t\t\t\t\t\t\t<section class=\"elementor-section elementor-top-section elementor-element elementor-element-ca96606 elementor-section-full_width elementor-section-content-middle elementor-section-stretched elementor-section-height-default elementor-section-height-default wd-section-disabled\" data-id=\"ca96606\" data-element_type=\"section\" data-settings=\"{&quot;stretch_section&quot;:&quot;section-stretched&quot;}\">\n\t\t\t\t\t\t<div class=\"elementor-container elementor-column-gap-default\">\n\t\t\t\t\t<div class=\"elementor-column elementor-col-50 elementor-top-column elementor-element elementor-element-9b991ac\" data-id=\"9b991ac\" data-element_type=\"column\">\n\t\t\t<div class=\"elementor-widget-wrap elementor-element-populated\">\n\t\t\t\t\t\t\t\t<div class=\"elementor-element elementor-element-9eecfc7 elementor-widget__width-initial elementor-widget elementor-widget-htmega-thumbgallery-addons\" data-id=\"9eecfc7\" data-element_type=\"widget\" data-widget_type=\"htmega-thumbgallery-addons.default\">\n\t\t\t\t<div class=\"elementor-widget-container\">\n\t\t\t            <div class=\"htmega-sliderarea htmega-thumbnails-style-2 sid9eecfc7\" >\r\n                <div class=\"htb-row row--5 htb-align-items-center mt--40\">\r\n\r\n                                            <div class=\"htb-col-lg-12\">\r\n                            <div class=\"ht-thumb-gallery\">\r\n                                <ul dir=\"ltr\" class=\"htmega-thumbgallery-for htmega-arrow-2\" data-settings=\"{&quot;arrows&quot;:false,&quot;arrow_prev_txt&quot;:false,&quot;arrow_next_txt&quot;:false,&quot;dots&quot;:false,&quot;autoplay&quot;:false,&quot;autoplay_speed&quot;:3000,&quot;animation_speed&quot;:300,&quot;pause_on_hover&quot;:true,&quot;center_mode&quot;:false,&quot;center_padding&quot;:0,&quot;display_columns&quot;:1,&quot;scroll_columns&quot;:1,&quot;tablet_width&quot;:750,&quot;tablet_display_columns&quot;:1,&quot;tablet_scroll_columns&quot;:1,&quot;mobile_width&quot;:360,&quot;mobile_display_columns&quot;:1,&quot;mobile_scroll_columns&quot;:1}\">\r\n                                                                            <li>\r\n                                            <img loading=\"lazy\" decoding=\"async\" width=\"534\" height=\"800\" src=\"https:\/\/turbo-balancer.com\/wp-content\/uploads\/2024\/08\/CMT-TR-Polimer_CIMAT-534x800.png\" class=\"attachment-large size-large\" alt=\"\" srcset=\"https:\/\/turbo-balancer.com\/wp-content\/uploads\/2024\/08\/CMT-TR-Polimer_CIMAT-534x800.png 534w, https:\/\/turbo-balancer.com\/wp-content\/uploads\/2024\/08\/CMT-TR-Polimer_CIMAT-200x300.png 200w, https:\/\/turbo-balancer.com\/wp-content\/uploads\/2024\/08\/CMT-TR-Polimer_CIMAT-768x1151.png 768w, https:\/\/turbo-balancer.com\/wp-content\/uploads\/2024\/08\/CMT-TR-Polimer_CIMAT-1025x1536.png 1025w, https:\/\/turbo-balancer.com\/wp-content\/uploads\/2024\/08\/CMT-TR-Polimer_CIMAT-1366x2048.png 1366w\" sizes=\"auto, (max-width: 534px) 100vw, 534px\" \/>                                        <\/li>\r\n                                                                    <\/ul>\r\n\r\n                            <\/div>\r\n                        <\/div>\r\n\r\n                        <div class=\"htb-col-lg-12 htmega-nav-col\">\r\n                            <div class=\"htmega-thumbgallery-nav \" data-navsettings=\"{&quot;navarrows&quot;:true,&quot;navarrow_prev_txt&quot;:&quot;&lt;i aria-hidden=\\&quot;true\\&quot; class=\\&quot;fas fa-angle-left\\&quot;&gt;&lt;\\\/i&gt;&quot;,&quot;navarrow_next_txt&quot;:&quot;&lt;i aria-hidden=\\&quot;true\\&quot; class=\\&quot;fas fa-angle-right\\&quot;&gt;&lt;\\\/i&gt;&quot;,&quot;navdots&quot;:false,&quot;navvertical&quot;:false,&quot;navautoplay&quot;:false,&quot;navautoplay_speed&quot;:3000,&quot;navanimation_speed&quot;:300,&quot;navpause_on_hover&quot;:true,&quot;navcenter_mode&quot;:true,&quot;navcenter_padding&quot;:50,&quot;navdisplay_columns&quot;:4,&quot;navscroll_columns&quot;:1,&quot;navtablet_width&quot;:750,&quot;navtablet_display_columns&quot;:4,&quot;navtablet_scroll_columns&quot;:1,&quot;navmobile_width&quot;:100,&quot;navmobile_display_columns&quot;:null,&quot;navmobile_scroll_columns&quot;:null}\" >\r\n                                                                    <div class=\"small-thumb\">\r\n                                        <img loading=\"lazy\" decoding=\"async\" width=\"534\" height=\"800\" src=\"https:\/\/turbo-balancer.com\/wp-content\/uploads\/2024\/08\/CMT-TR-Polimer_CIMAT-534x800.png\" class=\"attachment-large size-large\" alt=\"\" srcset=\"https:\/\/turbo-balancer.com\/wp-content\/uploads\/2024\/08\/CMT-TR-Polimer_CIMAT-534x800.png 534w, https:\/\/turbo-balancer.com\/wp-content\/uploads\/2024\/08\/CMT-TR-Polimer_CIMAT-200x300.png 200w, https:\/\/turbo-balancer.com\/wp-content\/uploads\/2024\/08\/CMT-TR-Polimer_CIMAT-768x1151.png 768w, https:\/\/turbo-balancer.com\/wp-content\/uploads\/2024\/08\/CMT-TR-Polimer_CIMAT-1025x1536.png 1025w, https:\/\/turbo-balancer.com\/wp-content\/uploads\/2024\/08\/CMT-TR-Polimer_CIMAT-1366x2048.png 1366w\" sizes=\"auto, (max-width: 534px) 100vw, 534px\" \/>                                    <\/div>\r\n                                                            <\/div>\r\n                        <\/div>\r\n                    \r\n                    <!-- End Thumb Gallery -->\r\n                <\/div>\r\n            <\/div>\r\n            \r\n                                <style>\r\n                         @media (max-width: 100px) {\r\n                            .sid9eecfc7 .htmega-nav-col {\r\n                                display:none;\r\n                                } \r\n                            }                    <\/style>\r\n\r\n                        \t\t<\/div>\n\t\t\t\t<\/div>\n\t\t\t\t\t<\/div>\n\t\t<\/div>\n\t\t\t\t<div class=\"elementor-column elementor-col-50 elementor-top-column elementor-element elementor-element-977ecf8\" data-id=\"977ecf8\" data-element_type=\"column\" data-settings=\"{&quot;background_background&quot;:&quot;classic&quot;,&quot;animation&quot;:&quot;none&quot;}\">\n\t\t\t<div class=\"elementor-widget-wrap elementor-element-populated\">\n\t\t\t\t\t\t\t\t<div class=\"elementor-element elementor-element-1620d7a elementor-widget elementor-widget-heading\" data-id=\"1620d7a\" data-element_type=\"widget\" data-widget_type=\"heading.default\">\n\t\t\t\t<div class=\"elementor-widget-container\">\n\t\t\t<style>\/*! elementor - v3.6.5 - 27-04-2022 *\/\n.elementor-heading-title{padding:0;margin:0;line-height:1}.elementor-widget-heading .elementor-heading-title[class*=elementor-size-]>a{color:inherit;font-size:inherit;line-height:inherit}.elementor-widget-heading .elementor-heading-title.elementor-size-small{font-size:15px}.elementor-widget-heading .elementor-heading-title.elementor-size-medium{font-size:19px}.elementor-widget-heading .elementor-heading-title.elementor-size-large{font-size:29px}.elementor-widget-heading .elementor-heading-title.elementor-size-xl{font-size:39px}.elementor-widget-heading .elementor-heading-title.elementor-size-xxl{font-size:59px}<\/style><h1 class=\"elementor-heading-title elementor-size-xl\">CMT-TR POLIMER<\/h1>\t\t<\/div>\n\t\t\t\t<\/div>\n\t\t\t\t<div class=\"elementor-element elementor-element-6e6cb5a elementor-widget elementor-widget-wd_text_block\" data-id=\"6e6cb5a\" data-element_type=\"widget\" data-widget_type=\"wd_text_block.default\">\n\t\t\t\t<div class=\"elementor-widget-container\">\n\t\t\t\t\t<div class=\"wd-text-block reset-last-child text-left\">\n\t\t\t\n\t\t\tRotorauswuchtmaschine f\u00fcr Turbolader\n\t\t\t\t\t<\/div>\n\t\t\t\t<\/div>\n\t\t\t\t<\/div>\n\t\t\t\t<div class=\"elementor-element elementor-element-4897f63 elementor-absolute elementor-widget elementor-widget-image\" data-id=\"4897f63\" data-element_type=\"widget\" data-settings=\"{&quot;_position&quot;:&quot;absolute&quot;}\" data-widget_type=\"image.default\">\n\t\t\t\t<div class=\"elementor-widget-container\">\n\t\t\t<style>\/*! elementor - v3.6.5 - 27-04-2022 *\/\n.elementor-widget-image{text-align:center}.elementor-widget-image a{display:inline-block}.elementor-widget-image a img[src$=\".svg\"]{width:48px}.elementor-widget-image img{vertical-align:middle;display:inline-block}<\/style>\t\t\t\t\t\t\t\t\t\t\t\t<img loading=\"lazy\" decoding=\"async\" width=\"218\" height=\"21\" src=\"https:\/\/turbo-balancer.com\/wp-content\/uploads\/2022\/06\/industry-4.png\" class=\"attachment-large size-large\" alt=\"\" \/>\t\t\t\t\t\t\t\t\t\t\t\t\t\t\t<\/div>\n\t\t\t\t<\/div>\n\t\t\t\t\t<\/div>\n\t\t<\/div>\n\t\t\t\t\t\t\t<\/div>\n\t\t<\/section>\n\t\t\t\t<section class=\"elementor-section elementor-top-section elementor-element elementor-element-4f15d44 elementor-section-stretched elementor-section-boxed elementor-section-height-default elementor-section-height-default wd-section-disabled\" data-id=\"4f15d44\" data-element_type=\"section\" data-settings=\"{&quot;stretch_section&quot;:&quot;section-stretched&quot;,&quot;background_background&quot;:&quot;classic&quot;}\">\n\t\t\t\t\t\t<div class=\"elementor-container elementor-column-gap-default\">\n\t\t\t\t\t<div class=\"elementor-column elementor-col-100 elementor-top-column elementor-element elementor-element-ed9adf5\" data-id=\"ed9adf5\" data-element_type=\"column\" data-settings=\"{&quot;background_background&quot;:&quot;classic&quot;}\">\n\t\t\t<div class=\"elementor-widget-wrap elementor-element-populated\">\n\t\t\t\t\t\t\t\t<div class=\"elementor-element elementor-element-054dfb6 elementor-widget elementor-widget-wd_text_block\" data-id=\"054dfb6\" data-element_type=\"widget\" data-widget_type=\"wd_text_block.default\">\n\t\t\t\t<div class=\"elementor-widget-container\">\n\t\t\t\t\t<div class=\"wd-text-block reset-last-child text-left\">\n\t\t\t\n\t\t\t<p>Die Rotorauswuchtmaschine wird in der ersten Stufe des Turbolader-\u00dcberholungsprozesses eingesetzt. Die Maschine wurde speziell f\u00fcr das dynamische Auswuchten von Turboladerrotoren aller Art in zwei Ausgleichsebenen entwickelt. Es eignet sich zum Auswuchten der Rotoren der Turbolader von Pkw, leichten und schweren Lkw.<br \/><br \/><\/p>\t\t\t<link rel=\"stylesheet\" id=\"elementor-post-16024-css\" href=\"https:\/\/turbo-balancer.com\/wp-content\/uploads\/elementor\/css\/post-16024.css?ver=1763457173\" type=\"text\/css\" media=\"all\">\n\t\t\t\t\t<div data-elementor-type=\"wp-post\" data-elementor-id=\"16024\" class=\"elementor elementor-16024 elementor-9222\">\n\t\t\t\t\t\t\t\t\t<section class=\"elementor-section elementor-top-section elementor-element elementor-element-7bd425a elementor-section-boxed elementor-section-height-default elementor-section-height-default wd-section-disabled\" data-id=\"7bd425a\" data-element_type=\"section\">\n\t\t\t\t\t\t<div class=\"elementor-container elementor-column-gap-default\">\n\t\t\t\t\t<div class=\"elementor-column elementor-col-100 elementor-top-column elementor-element elementor-element-5764f6a\" data-id=\"5764f6a\" data-element_type=\"column\">\n\t\t\t<div class=\"elementor-widget-wrap elementor-element-populated\">\n\t\t\t\t\t\t\t\t<div class=\"elementor-element elementor-element-71cd90f elementor-widget elementor-widget-wd_title\" data-id=\"71cd90f\" data-element_type=\"widget\" data-widget_type=\"wd_title.default\">\n\t\t\t\t<div class=\"elementor-widget-container\">\n\t\t\t\t\t<div class=\"title-wrapper set-mb-s reset-last-child wd-title-color-default wd-title-style-default wd-title-size-default text-center\">\n\n\t\t\t\n\t\t\t<div class=\"liner-continer\">\n\t\t\t\t<h4 class=\"woodmart-title-container title wd-fontsize-l\">KERNAUSWUCHTMASCHINE MIT LANGSAMER GESCHWINDIGKEIT<\/h4> \n\t\t\t\t\t\t\t<\/div>\n\n\t\t\t\t\t<\/div>\n\t\t\t\t<\/div>\n\t\t\t\t<\/div>\n\t\t\t\t<div class=\"elementor-element elementor-element-642bb5b elementor-widget elementor-widget-htmega-datatable-addons\" data-id=\"642bb5b\" data-element_type=\"widget\" data-widget_type=\"htmega-datatable-addons.default\">\n\t\t\t\t<div class=\"elementor-widget-container\">\n\t\t\t        <div class=\"htmega-table-style htmega-table-style-3 htb-table-responsive\">\r\n            <table class=\"htb-table \">\r\n                                    <thead>\r\n                        <tr>\r\n                            <th class='elementor-repeater-item-5a57080'>Beschreibung<\/th><th class='elementor-repeater-item-4380bbc'>Parameter<\/th>                        <\/tr>\r\n                    <\/thead>\r\n                                <tbody>\r\n                                            <tr>\r\n                            <td class=\"elementor-repeater-item-154d033\" >Maximale Rotormasse<\/td><td class=\"elementor-repeater-item-fb45e01\" >20 g - 5 kg<\/td>                        <\/tr>\r\n                                            <tr>\r\n                            <td class=\"elementor-repeater-item-b347740\" >Maximaler Rotordurchmesser<\/td><td class=\"elementor-repeater-item-be610d8\" >200 mm<\/td>                        <\/tr>\r\n                                            <tr>\r\n                            <td class=\"elementor-repeater-item-6c52299\" >Maximaler Abstand zwischen St\u00fctztlagern<\/td><td class=\"elementor-repeater-item-94686f1\" >200 mm<\/td>                        <\/tr>\r\n                                            <tr>\r\n                            <td class=\"elementor-repeater-item-5716c96\" >Durchmesserbereich des Rotorzapfens<\/td><td class=\"elementor-repeater-item-9484d19\" >5 \u2013 25 mm<\/td>                        <\/tr>\r\n                                            <tr>\r\n                            <td class=\"elementor-repeater-item-b36d13e\" >Ma\u00dfeinheiten des Messsystems<\/td><td class=\"elementor-repeater-item-a04c6ad\" >[mg], [gmm]<\/td>                        <\/tr>\r\n                                            <tr>\r\n                            <td class=\"elementor-repeater-item-6c62c4f\" >Anzahl Korrekturebenen<\/td><td class=\"elementor-repeater-item-3a2145b\" >2<\/td>                        <\/tr>\r\n                                            <tr>\r\n                            <td class=\"elementor-repeater-item-37cc0bd\" >Minimal erreichbare Restunwucht<\/td><td class=\"elementor-repeater-item-086a6fe\" >0.05 gmm<\/td>                        <\/tr>\r\n                                            <tr>\r\n                            <td class=\"elementor-repeater-item-59e5f50\" >Maximale Auswuchtgeschwindigkeit<\/td><td class=\"elementor-repeater-item-ebb18d0\" >Bis zu 16\u00a0000 rpm<\/td>                        <\/tr>\r\n                                            <tr>\r\n                            <td class=\"elementor-repeater-item-22613a0\" >Spezifische Rotorkalibrierung<\/td><td class=\"elementor-repeater-item-0947870\" >Standardkalibrierungsprozess, bei dem Kalibrierungsl\u00e4ufe mit Testgewichten durchgef\u00fchrt werden m\u00fcssen, um eine Rotor-Setup-Datei zu erstellen.<\/td>                        <\/tr>\r\n                                            <tr>\r\n                            <td class=\"elementor-repeater-item-602b3fb\" >\u201eABC\u201c-Rotorkalibrierung<\/td><td class=\"elementor-repeater-item-6539b24\" >Einfacher Kalibrierungsprozess, der keine Kalibrierungsl\u00e4ufe zum Erstellen einer Rotor-Setup-Datei erfordert.<\/td>                        <\/tr>\r\n                                    <\/tbody>\r\n            <\/table>\r\n        <\/div>\r\n        \t\t<\/div>\n\t\t\t\t<\/div>\n\t\t\t\t<div class=\"elementor-element elementor-element-ae42f82 elementor-widget elementor-widget-wd_title\" data-id=\"ae42f82\" data-element_type=\"widget\" data-widget_type=\"wd_title.default\">\n\t\t\t\t<div class=\"elementor-widget-container\">\n\t\t\t\t\t<div class=\"title-wrapper set-mb-s reset-last-child wd-title-color-default wd-title-style-default wd-title-size-default text-center\">\n\n\t\t\t\n\t\t\t<div class=\"liner-continer\">\n\t\t\t\t<h4 class=\"woodmart-title-container title wd-fontsize-l\">ALLGEMEINE DATEN <\/h4> \n\t\t\t\t\t\t\t<\/div>\n\n\t\t\t\t\t<\/div>\n\t\t\t\t<\/div>\n\t\t\t\t<\/div>\n\t\t\t\t<div class=\"elementor-element elementor-element-2ff9e90 elementor-widget elementor-widget-htmega-datatable-addons\" data-id=\"2ff9e90\" data-element_type=\"widget\" data-widget_type=\"htmega-datatable-addons.default\">\n\t\t\t\t<div class=\"elementor-widget-container\">\n\t\t\t        <div class=\"htmega-table-style htmega-table-style-3 htb-table-responsive\">\r\n            <table class=\"htb-table \">\r\n                                    <thead>\r\n                        <tr>\r\n                            <th class='elementor-repeater-item-5a57080'>Beschreibung<\/th><th class='elementor-repeater-item-4380bbc'>Parameter<\/th>                        <\/tr>\r\n                    <\/thead>\r\n                                <tbody>\r\n                                            <tr>\r\n                            <td class=\"elementor-repeater-item-154d033\" >\u00d6lfiltration<\/td><td class=\"elementor-repeater-item-aeef59c\" >Mehrstufig<\/td>                        <\/tr>\r\n                                            <tr>\r\n                            <td class=\"elementor-repeater-item-c3461a0\" >Sicherheitsschutz<\/td><td class=\"elementor-repeater-item-fb45e01\" >Typ C mit Sicherheitsschalter mit Zuhaltung<\/td>                        <\/tr>\r\n                                            <tr>\r\n                            <td class=\"elementor-repeater-item-b347740\" >Gewicht<\/td><td class=\"elementor-repeater-item-be610d8\" >450 kg<\/td>                        <\/tr>\r\n                                            <tr>\r\n                            <td class=\"elementor-repeater-item-b308131\" >Stromversorgung<\/td><td class=\"elementor-repeater-item-fe7c595\" >230 V, 50\/60 Hz <\/td>                        <\/tr>\r\n                                    <\/tbody>\r\n            <\/table>\r\n        <\/div>\r\n        \t\t<\/div>\n\t\t\t\t<\/div>\n\t\t\t\t\t<\/div>\n\t\t<\/div>\n\t\t\t\t\t\t\t<\/div>\n\t\t<\/section>\n\t\t\t\t\t\t\t<\/div>\n\t\t\n\t\t\t\t\t<\/div>\n\t\t\t\t<\/div>\n\t\t\t\t<\/div>\n\t\t\t\t\t<\/div>\n\t\t<\/div>\n\t\t\t\t\t\t\t<\/div>\n\t\t<\/section>\n\t\t\t\t\t\t\t<\/div>\n\t\t","protected":false},"excerpt":{"rendered":"<p>CMT-TR POLIMER Rotorauswuchtmaschine f\u00fcr Turbolader Die Rotorauswuchtmaschine wird in der ersten Stufe des Turbolader-\u00dcberholungsprozesses eingesetzt. Die Maschine wurde speziell f\u00fcr<\/p>\n","protected":false},"author":1,"featured_media":15780,"parent":0,"menu_order":0,"comment_status":"closed","ping_status":"closed","template":"","meta":{"footnotes":""},"class_list":["post-15978","page","type-page","status-publish","has-post-thumbnail","hentry"],"_links":{"self":[{"href":"https:\/\/turbo-balancer.com\/de\/wp-json\/wp\/v2\/pages\/15978","targetHints":{"allow":["GET"]}}],"collection":[{"href":"https:\/\/turbo-balancer.com\/de\/wp-json\/wp\/v2\/pages"}],"about":[{"href":"https:\/\/turbo-balancer.com\/de\/wp-json\/wp\/v2\/types\/page"}],"author":[{"embeddable":true,"href":"https:\/\/turbo-balancer.com\/de\/wp-json\/wp\/v2\/users\/1"}],"replies":[{"embeddable":true,"href":"https:\/\/turbo-balancer.com\/de\/wp-json\/wp\/v2\/comments?post=15978"}],"version-history":[{"count":14,"href":"https:\/\/turbo-balancer.com\/de\/wp-json\/wp\/v2\/pages\/15978\/revisions"}],"predecessor-version":[{"id":17562,"href":"https:\/\/turbo-balancer.com\/de\/wp-json\/wp\/v2\/pages\/15978\/revisions\/17562"}],"wp:featuredmedia":[{"embeddable":true,"href":"https:\/\/turbo-balancer.com\/de\/wp-json\/wp\/v2\/media\/15780"}],"wp:attachment":[{"href":"https:\/\/turbo-balancer.com\/de\/wp-json\/wp\/v2\/media?parent=15978"}],"curies":[{"name":"wp","href":"https:\/\/api.w.org\/{rel}","templated":true}]}}