{"id":15990,"date":"2022-06-02T22:40:49","date_gmt":"2022-06-02T20:40:49","guid":{"rendered":"https:\/\/turbo-balancer.com\/cmt-vsr-pro\/"},"modified":"2023-03-13T18:57:20","modified_gmt":"2023-03-13T17:57:20","slug":"cmt-vsr-pro","status":"publish","type":"page","link":"https:\/\/turbo-balancer.com\/de\/cmt-vsr-pro\/","title":{"rendered":"CMT-VSR PRO"},"content":{"rendered":"\t\t<div data-elementor-type=\"wp-page\" data-elementor-id=\"15990\" class=\"elementor elementor-15990 elementor-9143\">\n\t\t\t\t\t\t\t\t\t<section class=\"elementor-section elementor-top-section elementor-element elementor-element-ca96606 elementor-section-full_width elementor-section-content-middle elementor-section-stretched elementor-section-height-default elementor-section-height-default wd-section-disabled\" data-id=\"ca96606\" data-element_type=\"section\" data-settings=\"{&quot;stretch_section&quot;:&quot;section-stretched&quot;}\">\n\t\t\t\t\t\t<div class=\"elementor-container elementor-column-gap-default\">\n\t\t\t\t\t<div class=\"elementor-column elementor-col-50 elementor-top-column elementor-element elementor-element-9b991ac\" data-id=\"9b991ac\" data-element_type=\"column\">\n\t\t\t<div class=\"elementor-widget-wrap elementor-element-populated\">\n\t\t\t\t\t\t\t\t<div class=\"elementor-element elementor-element-9eecfc7 elementor-widget__width-initial elementor-widget elementor-widget-htmega-thumbgallery-addons\" data-id=\"9eecfc7\" data-element_type=\"widget\" data-widget_type=\"htmega-thumbgallery-addons.default\">\n\t\t\t\t<div class=\"elementor-widget-container\">\n\t\t\t            <div class=\"htmega-sliderarea htmega-thumbnails-style-2 sid9eecfc7\" >\r\n                <div class=\"htb-row row--5 htb-align-items-center mt--40\">\r\n\r\n                                            <div class=\"htb-col-lg-12\">\r\n                            <div class=\"ht-thumb-gallery\">\r\n                                <ul dir=\"ltr\" class=\"htmega-thumbgallery-for htmega-arrow-2\" data-settings=\"{&quot;arrows&quot;:false,&quot;arrow_prev_txt&quot;:false,&quot;arrow_next_txt&quot;:false,&quot;dots&quot;:false,&quot;autoplay&quot;:false,&quot;autoplay_speed&quot;:3000,&quot;animation_speed&quot;:300,&quot;pause_on_hover&quot;:true,&quot;center_mode&quot;:false,&quot;center_padding&quot;:0,&quot;display_columns&quot;:1,&quot;scroll_columns&quot;:1,&quot;tablet_width&quot;:750,&quot;tablet_display_columns&quot;:1,&quot;tablet_scroll_columns&quot;:1,&quot;mobile_width&quot;:360,&quot;mobile_display_columns&quot;:1,&quot;mobile_scroll_columns&quot;:1}\">\r\n                                                                            <li>\r\n                                            <img loading=\"lazy\" decoding=\"async\" width=\"1058\" height=\"705\" src=\"https:\/\/turbo-balancer.com\/wp-content\/uploads\/2022\/06\/cmt-vsr-pro-balancing-machine.jpg\" class=\"attachment-large size-large\" alt=\"\" srcset=\"https:\/\/turbo-balancer.com\/wp-content\/uploads\/2022\/06\/cmt-vsr-pro-balancing-machine.jpg 1058w, https:\/\/turbo-balancer.com\/wp-content\/uploads\/2022\/06\/cmt-vsr-pro-balancing-machine-400x267.jpg 400w, https:\/\/turbo-balancer.com\/wp-content\/uploads\/2022\/06\/cmt-vsr-pro-balancing-machine-768x512.jpg 768w, https:\/\/turbo-balancer.com\/wp-content\/uploads\/2022\/06\/cmt-vsr-pro-balancing-machine-860x573.jpg 860w, https:\/\/turbo-balancer.com\/wp-content\/uploads\/2022\/06\/cmt-vsr-pro-balancing-machine-430x287.jpg 430w, https:\/\/turbo-balancer.com\/wp-content\/uploads\/2022\/06\/cmt-vsr-pro-balancing-machine-700x466.jpg 700w, https:\/\/turbo-balancer.com\/wp-content\/uploads\/2022\/06\/cmt-vsr-pro-balancing-machine-300x200.jpg 300w\" sizes=\"auto, (max-width: 1058px) 100vw, 1058px\" \/>                                        <\/li>\r\n                                                                            <li>\r\n                                            <img loading=\"lazy\" decoding=\"async\" width=\"1058\" height=\"705\" src=\"https:\/\/turbo-balancer.com\/wp-content\/uploads\/2022\/06\/cmt-vsr-pro-balancing-machines.jpg\" class=\"attachment-large size-large\" alt=\"\" srcset=\"https:\/\/turbo-balancer.com\/wp-content\/uploads\/2022\/06\/cmt-vsr-pro-balancing-machines.jpg 1058w, https:\/\/turbo-balancer.com\/wp-content\/uploads\/2022\/06\/cmt-vsr-pro-balancing-machines-400x267.jpg 400w, https:\/\/turbo-balancer.com\/wp-content\/uploads\/2022\/06\/cmt-vsr-pro-balancing-machines-768x512.jpg 768w, https:\/\/turbo-balancer.com\/wp-content\/uploads\/2022\/06\/cmt-vsr-pro-balancing-machines-860x573.jpg 860w, https:\/\/turbo-balancer.com\/wp-content\/uploads\/2022\/06\/cmt-vsr-pro-balancing-machines-430x287.jpg 430w, https:\/\/turbo-balancer.com\/wp-content\/uploads\/2022\/06\/cmt-vsr-pro-balancing-machines-700x466.jpg 700w, https:\/\/turbo-balancer.com\/wp-content\/uploads\/2022\/06\/cmt-vsr-pro-balancing-machines-300x200.jpg 300w\" sizes=\"auto, (max-width: 1058px) 100vw, 1058px\" \/>                                        <\/li>\r\n                                                                            <li>\r\n                                            <img loading=\"lazy\" decoding=\"async\" width=\"1058\" height=\"705\" src=\"https:\/\/turbo-balancer.com\/wp-content\/uploads\/2022\/06\/cmt-vsr-pro-high-speedbalancing-machines.jpg\" class=\"attachment-large size-large\" alt=\"\" srcset=\"https:\/\/turbo-balancer.com\/wp-content\/uploads\/2022\/06\/cmt-vsr-pro-high-speedbalancing-machines.jpg 1058w, https:\/\/turbo-balancer.com\/wp-content\/uploads\/2022\/06\/cmt-vsr-pro-high-speedbalancing-machines-400x267.jpg 400w, https:\/\/turbo-balancer.com\/wp-content\/uploads\/2022\/06\/cmt-vsr-pro-high-speedbalancing-machines-768x512.jpg 768w, https:\/\/turbo-balancer.com\/wp-content\/uploads\/2022\/06\/cmt-vsr-pro-high-speedbalancing-machines-860x573.jpg 860w, https:\/\/turbo-balancer.com\/wp-content\/uploads\/2022\/06\/cmt-vsr-pro-high-speedbalancing-machines-430x287.jpg 430w, https:\/\/turbo-balancer.com\/wp-content\/uploads\/2022\/06\/cmt-vsr-pro-high-speedbalancing-machines-700x466.jpg 700w, https:\/\/turbo-balancer.com\/wp-content\/uploads\/2022\/06\/cmt-vsr-pro-high-speedbalancing-machines-300x200.jpg 300w\" sizes=\"auto, (max-width: 1058px) 100vw, 1058px\" \/>                                        <\/li>\r\n                                                                            <li>\r\n                                            <img loading=\"lazy\" decoding=\"async\" width=\"1058\" height=\"705\" src=\"https:\/\/turbo-balancer.com\/wp-content\/uploads\/2022\/06\/cmt-vsr-pro-high-speed-balancing-machines.jpg\" class=\"attachment-large size-large\" alt=\"\" srcset=\"https:\/\/turbo-balancer.com\/wp-content\/uploads\/2022\/06\/cmt-vsr-pro-high-speed-balancing-machines.jpg 1058w, https:\/\/turbo-balancer.com\/wp-content\/uploads\/2022\/06\/cmt-vsr-pro-high-speed-balancing-machines-400x267.jpg 400w, https:\/\/turbo-balancer.com\/wp-content\/uploads\/2022\/06\/cmt-vsr-pro-high-speed-balancing-machines-768x512.jpg 768w, https:\/\/turbo-balancer.com\/wp-content\/uploads\/2022\/06\/cmt-vsr-pro-high-speed-balancing-machines-860x573.jpg 860w, https:\/\/turbo-balancer.com\/wp-content\/uploads\/2022\/06\/cmt-vsr-pro-high-speed-balancing-machines-430x287.jpg 430w, https:\/\/turbo-balancer.com\/wp-content\/uploads\/2022\/06\/cmt-vsr-pro-high-speed-balancing-machines-700x466.jpg 700w, https:\/\/turbo-balancer.com\/wp-content\/uploads\/2022\/06\/cmt-vsr-pro-high-speed-balancing-machines-300x200.jpg 300w\" sizes=\"auto, (max-width: 1058px) 100vw, 1058px\" \/>                                        <\/li>\r\n                                                                            <li>\r\n                                            <img loading=\"lazy\" decoding=\"async\" width=\"1058\" height=\"705\" src=\"https:\/\/turbo-balancer.com\/wp-content\/uploads\/2022\/06\/cmt-vsr-pro-high-speed-balancing-machines-2.jpg\" class=\"attachment-large size-large\" alt=\"\" srcset=\"https:\/\/turbo-balancer.com\/wp-content\/uploads\/2022\/06\/cmt-vsr-pro-high-speed-balancing-machines-2.jpg 1058w, https:\/\/turbo-balancer.com\/wp-content\/uploads\/2022\/06\/cmt-vsr-pro-high-speed-balancing-machines-2-400x267.jpg 400w, https:\/\/turbo-balancer.com\/wp-content\/uploads\/2022\/06\/cmt-vsr-pro-high-speed-balancing-machines-2-768x512.jpg 768w, https:\/\/turbo-balancer.com\/wp-content\/uploads\/2022\/06\/cmt-vsr-pro-high-speed-balancing-machines-2-860x573.jpg 860w, https:\/\/turbo-balancer.com\/wp-content\/uploads\/2022\/06\/cmt-vsr-pro-high-speed-balancing-machines-2-430x287.jpg 430w, https:\/\/turbo-balancer.com\/wp-content\/uploads\/2022\/06\/cmt-vsr-pro-high-speed-balancing-machines-2-700x466.jpg 700w, https:\/\/turbo-balancer.com\/wp-content\/uploads\/2022\/06\/cmt-vsr-pro-high-speed-balancing-machines-2-300x200.jpg 300w\" sizes=\"auto, (max-width: 1058px) 100vw, 1058px\" \/>                                        <\/li>\r\n                                                                    <\/ul>\r\n\r\n                            <\/div>\r\n                        <\/div>\r\n\r\n                        <div class=\"htb-col-lg-12 htmega-nav-col\">\r\n                            <div class=\"htmega-thumbgallery-nav \" data-navsettings=\"{&quot;navarrows&quot;:true,&quot;navarrow_prev_txt&quot;:&quot;&lt;i aria-hidden=\\&quot;true\\&quot; class=\\&quot;fas fa-angle-left\\&quot;&gt;&lt;\\\/i&gt;&quot;,&quot;navarrow_next_txt&quot;:&quot;&lt;i aria-hidden=\\&quot;true\\&quot; class=\\&quot;fas fa-angle-right\\&quot;&gt;&lt;\\\/i&gt;&quot;,&quot;navdots&quot;:false,&quot;navvertical&quot;:false,&quot;navautoplay&quot;:false,&quot;navautoplay_speed&quot;:3000,&quot;navanimation_speed&quot;:300,&quot;navpause_on_hover&quot;:true,&quot;navcenter_mode&quot;:true,&quot;navcenter_padding&quot;:50,&quot;navdisplay_columns&quot;:4,&quot;navscroll_columns&quot;:1,&quot;navtablet_width&quot;:750,&quot;navtablet_display_columns&quot;:4,&quot;navtablet_scroll_columns&quot;:1,&quot;navmobile_width&quot;:100,&quot;navmobile_display_columns&quot;:null,&quot;navmobile_scroll_columns&quot;:null}\" >\r\n                                                                    <div class=\"small-thumb\">\r\n                                        <img decoding=\"async\" src=\"https:\/\/turbo-balancer.com\/wp-content\/uploads\/2022\/06\/cmt-vsr-pro-balancing-machine-300x200.jpg\" title=\"cmt-vsr-pro-balancing-machine\" alt=\"cmt-vsr-pro-balancing-machine\" \/>                                    <\/div>\r\n                                                                    <div class=\"small-thumb\">\r\n                                        <img decoding=\"async\" src=\"https:\/\/turbo-balancer.com\/wp-content\/uploads\/2022\/06\/cmt-vsr-pro-balancing-machines-300x200.jpg\" title=\"cmt-vsr-pro-balancing-machines\" alt=\"cmt-vsr-pro-balancing-machines\" \/>                                    <\/div>\r\n                                                                    <div class=\"small-thumb\">\r\n                                        <img decoding=\"async\" src=\"https:\/\/turbo-balancer.com\/wp-content\/uploads\/2022\/06\/cmt-vsr-pro-high-speedbalancing-machines-300x200.jpg\" title=\"cmt-vsr-pro-high-speedbalancing-machines\" alt=\"cmt-vsr-pro-high-speedbalancing-machines\" \/>                                    <\/div>\r\n                                                                    <div class=\"small-thumb\">\r\n                                        <img decoding=\"async\" src=\"https:\/\/turbo-balancer.com\/wp-content\/uploads\/2022\/06\/cmt-vsr-pro-high-speed-balancing-machines-300x200.jpg\" title=\"cmt-vsr-pro-high-speed-balancing-machines\" alt=\"cmt-vsr-pro-high-speed-balancing-machines\" \/>                                    <\/div>\r\n                                                                    <div class=\"small-thumb\">\r\n                                        <img decoding=\"async\" src=\"https:\/\/turbo-balancer.com\/wp-content\/uploads\/2022\/06\/cmt-vsr-pro-high-speed-balancing-machines-2-300x200.jpg\" title=\"cmt-vsr-pro-high-speed-balancing-machines-2\" alt=\"cmt-vsr-pro-high-speed-balancing-machines-2\" \/>                                    <\/div>\r\n                                                            <\/div>\r\n                        <\/div>\r\n                    \r\n                    <!-- End Thumb Gallery -->\r\n                <\/div>\r\n            <\/div>\r\n            \r\n                                <style>\r\n                         @media (max-width: 100px) {\r\n                            .sid9eecfc7 .htmega-nav-col {\r\n                                display:none;\r\n                                } \r\n                            }                    <\/style>\r\n\r\n                        \t\t<\/div>\n\t\t\t\t<\/div>\n\t\t\t\t\t<\/div>\n\t\t<\/div>\n\t\t\t\t<div class=\"elementor-column elementor-col-50 elementor-top-column elementor-element elementor-element-977ecf8\" data-id=\"977ecf8\" data-element_type=\"column\" data-settings=\"{&quot;background_background&quot;:&quot;classic&quot;,&quot;animation&quot;:&quot;none&quot;}\">\n\t\t\t<div class=\"elementor-widget-wrap elementor-element-populated\">\n\t\t\t\t\t\t\t\t<div class=\"elementor-element elementor-element-1620d7a elementor-widget elementor-widget-heading\" data-id=\"1620d7a\" data-element_type=\"widget\" data-widget_type=\"heading.default\">\n\t\t\t\t<div class=\"elementor-widget-container\">\n\t\t\t<style>\/*! elementor - v3.6.5 - 27-04-2022 *\/\n.elementor-heading-title{padding:0;margin:0;line-height:1}.elementor-widget-heading .elementor-heading-title[class*=elementor-size-]>a{color:inherit;font-size:inherit;line-height:inherit}.elementor-widget-heading .elementor-heading-title.elementor-size-small{font-size:15px}.elementor-widget-heading .elementor-heading-title.elementor-size-medium{font-size:19px}.elementor-widget-heading .elementor-heading-title.elementor-size-large{font-size:29px}.elementor-widget-heading .elementor-heading-title.elementor-size-xl{font-size:39px}.elementor-widget-heading .elementor-heading-title.elementor-size-xxl{font-size:59px}<\/style><h1 class=\"elementor-heading-title elementor-size-xl\">CMT-VSR PRO<\/h1>\t\t<\/div>\n\t\t\t\t<\/div>\n\t\t\t\t<div class=\"elementor-element elementor-element-6e6cb5a elementor-widget elementor-widget-wd_text_block\" data-id=\"6e6cb5a\" data-element_type=\"widget\" data-widget_type=\"wd_text_block.default\">\n\t\t\t\t<div class=\"elementor-widget-container\">\n\t\t\t\t\t<div class=\"wd-text-block reset-last-child text-left\">\n\t\t\t\n\t\t\t<p align=\"JUSTIFY\"><span lang=\"en-US\">Hochgeschwindigkeits-Rumpfgruppenwuchtmaschine mit fest montiertem Korrekturfr\u00e4ser und servogesteuertem Luftventil<\/span><\/p>\n\t\t\t\t\t<\/div>\n\t\t\t\t<\/div>\n\t\t\t\t<\/div>\n\t\t\t\t<div class=\"elementor-element elementor-element-8c3d148 elementor-absolute elementor-widget elementor-widget-image\" data-id=\"8c3d148\" data-element_type=\"widget\" data-settings=\"{&quot;_position&quot;:&quot;absolute&quot;}\" data-widget_type=\"image.default\">\n\t\t\t\t<div class=\"elementor-widget-container\">\n\t\t\t<style>\/*! elementor - v3.6.5 - 27-04-2022 *\/\n.elementor-widget-image{text-align:center}.elementor-widget-image a{display:inline-block}.elementor-widget-image a img[src$=\".svg\"]{width:48px}.elementor-widget-image img{vertical-align:middle;display:inline-block}<\/style>\t\t\t\t\t\t\t\t\t\t\t\t<img loading=\"lazy\" decoding=\"async\" width=\"218\" height=\"21\" src=\"https:\/\/turbo-balancer.com\/wp-content\/uploads\/2022\/06\/industry-4.png\" class=\"attachment-large size-large\" alt=\"\" \/>\t\t\t\t\t\t\t\t\t\t\t\t\t\t\t<\/div>\n\t\t\t\t<\/div>\n\t\t\t\t\t<\/div>\n\t\t<\/div>\n\t\t\t\t\t\t\t<\/div>\n\t\t<\/section>\n\t\t\t\t<section class=\"elementor-section elementor-top-section elementor-element elementor-element-3ee8093 elementor-section-boxed elementor-section-height-default elementor-section-height-default wd-section-disabled\" data-id=\"3ee8093\" data-element_type=\"section\">\n\t\t\t\t\t\t<div class=\"elementor-container elementor-column-gap-default\">\n\t\t\t\t\t<div class=\"elementor-column elementor-col-100 elementor-top-column elementor-element elementor-element-a506b6f\" data-id=\"a506b6f\" data-element_type=\"column\">\n\t\t\t<div class=\"elementor-widget-wrap elementor-element-populated\">\n\t\t\t\t\t\t\t\t<div class=\"elementor-element elementor-element-d0415a6 elementor-widget elementor-widget-wd_text_block\" data-id=\"d0415a6\" data-element_type=\"widget\" data-widget_type=\"wd_text_block.default\">\n\t\t\t\t<div class=\"elementor-widget-container\">\n\t\t\t\t\t<div class=\"wd-text-block reset-last-child text-left\">\n\t\t\t\n\t\t\t<p><strong>Eigenschaften &amp; Vorteile:<\/strong><\/p><ul><li>Erstklassige Rauschunterdr\u00fcckung<\/li><li>Fest montierter Korrekturfr\u00e4ser, der eine hochwertige Oberfl\u00e4cheng\u00fcte sicherstellt<\/li><li>Servogesteuertes Luftventil zur Erzielung der hervorragenden Unwuchtmesseigenschaften!<\/li><li>M\u00f6glichkeit, eine spezifische Kalibrierung f\u00fcr jedes Kernbaugruppenmodell zu erstellen<\/li><li>Universelles, robustes und innovatives Adaptersystem, bew\u00e4hrt von den Branchenspezialisten<\/li><li>Lasergeschwindigkeitssensor f\u00fcr den Kern mit einem bohrungslosen Verdichterrad<\/li><li>Schwenkr\u00e4der f\u00fcr einen bequemen Transport der Maschine ohne Verwendung eines Hubwagens<\/li><li><span lang=\"en-US\">Optionale 2-Ebenen-Langsaml\u00e4ufer-Kernauswuchtmaschine mit der maximalen Massekapazit\u00e4t bis 16 kg und Pr\u00fcfung eines Kerns auf Dichtheit<\/span><\/li><li>Hergestellt in Polen aus hochwertigen europ\u00e4ischen Industriekomponenten<\/li><\/ul>\t\t\t<link rel=\"stylesheet\" id=\"elementor-post-16036-css\" href=\"https:\/\/turbo-balancer.com\/wp-content\/uploads\/elementor\/css\/post-16036.css?ver=1763421807\" type=\"text\/css\" media=\"all\">\n\t\t\t\t\t<div data-elementor-type=\"wp-post\" data-elementor-id=\"16036\" class=\"elementor elementor-16036 elementor-9145\">\n\t\t\t\t\t\t\t\t\t<section class=\"elementor-section elementor-top-section elementor-element elementor-element-7bd425a elementor-section-boxed elementor-section-height-default elementor-section-height-default wd-section-disabled\" data-id=\"7bd425a\" data-element_type=\"section\">\n\t\t\t\t\t\t<div class=\"elementor-container elementor-column-gap-default\">\n\t\t\t\t\t<div class=\"elementor-column elementor-col-100 elementor-top-column elementor-element elementor-element-5764f6a\" data-id=\"5764f6a\" data-element_type=\"column\">\n\t\t\t<div class=\"elementor-widget-wrap elementor-element-populated\">\n\t\t\t\t\t\t\t\t<div class=\"elementor-element elementor-element-0aba6a4 elementor-widget elementor-widget-htmega-datatable-addons\" data-id=\"0aba6a4\" data-element_type=\"widget\" data-widget_type=\"htmega-datatable-addons.default\">\n\t\t\t\t<div class=\"elementor-widget-container\">\n\t\t\t        <div class=\"htmega-table-style htmega-table-style-3 htb-table-responsive\">\r\n            <table class=\"htb-table \">\r\n                                    <thead>\r\n                        <tr>\r\n                            <th class='elementor-repeater-item-5a57080'>Beschreibung<\/th><th class='elementor-repeater-item-4380bbc'>Parameter<\/th>                        <\/tr>\r\n                    <\/thead>\r\n                                <tbody>\r\n                                            <tr>\r\n                            <td class=\"elementor-repeater-item-154d033\" >Maximaler Durchmesser des Turbinenrads<\/td><td class=\"elementor-repeater-item-fb45e01\" >134 mm (Inducer) | 114 mm (Exducer)<\/td>                        <\/tr>\r\n                                            <tr>\r\n                            <td class=\"elementor-repeater-item-b347740\" >Max. Durchmesser Verdichterrad<\/td><td class=\"elementor-repeater-item-be610d8\" >179 mm<\/td>                        <\/tr>\r\n                                            <tr>\r\n                            <td class=\"elementor-repeater-item-b308131\" >Maximaler Drehzahlwert<\/td><td class=\"elementor-repeater-item-fe7c595\" >300.000 rpm<\/td>                        <\/tr>\r\n                                            <tr>\r\n                            <td class=\"elementor-repeater-item-6c52299\" >Luftventil<\/td><td class=\"elementor-repeater-item-94686f1\" >Servogesteuert<\/td>                        <\/tr>\r\n                                            <tr>\r\n                            <td class=\"elementor-repeater-item-5716c96\" >Geschwindigkeits- \/ Zyklussteuerung<\/td><td class=\"elementor-repeater-item-9484d19\" >Automatisch gem\u00e4\u00df generierter Hochlaufkurve<\/td>                        <\/tr>\r\n                                            <tr>\r\n                            <td class=\"elementor-repeater-item-b36d13e\" >Korrekturpunkt<\/td><td class=\"elementor-repeater-item-3a2145b\" >Automatisch berechnet<\/td>                        <\/tr>\r\n                                            <tr>\r\n                            <td class=\"elementor-repeater-item-37cc0bd\" >Einheit der Unwuchtmessung<\/td><td class=\"elementor-repeater-item-086a6fe\" >Milligramm,  gmm<\/td>                        <\/tr>\r\n                                            <tr>\r\n                            <td class=\"elementor-repeater-item-22613a0\" >Einheit der Vibrationsmessung<\/td><td class=\"elementor-repeater-item-ebb18d0\" >G, m\/s\u00b2<\/td>                        <\/tr>\r\n                                            <tr>\r\n                            <td class=\"elementor-repeater-item-369e4ff\" >Minimal erreichbare Restunwucht<\/td><td class=\"elementor-repeater-item-d4b0d08\" >0.05 gmm<\/td>                        <\/tr>\r\n                                            <tr>\r\n                            <td class=\"elementor-repeater-item-325a92f\" >Korrekturfr\u00e4ser<\/td><td class=\"elementor-repeater-item-491daac\" >Fest montiert<\/td>                        <\/tr>\r\n                                            <tr>\r\n                            <td class=\"elementor-repeater-item-52d398e\" >Rumpfgruppenwuchtung mit umgekehrter Drehrichtung <\/td><td class=\"elementor-repeater-item-f46dbd7\" >Ja<\/td>                        <\/tr>\r\n                                            <tr>\r\n                            <td class=\"elementor-repeater-item-5c7a240\" >\u00d6lfiltration<\/td><td class=\"elementor-repeater-item-10709cf\" >Mehrstufig<\/td>                        <\/tr>\r\n                                            <tr>\r\n                            <td class=\"elementor-repeater-item-dcbe458\" >Sicherheitsschutz<\/td><td class=\"elementor-repeater-item-56d441a\" >Typ C mit Sicherheitsschalter mit Zuhaltung<\/td>                        <\/tr>\r\n                                            <tr>\r\n                            <td class=\"elementor-repeater-item-c52aa96\" >Durchmesser der Luftzufuhrleitung<\/td><td class=\"elementor-repeater-item-e7c877a\" >1,25\u201d<\/td>                        <\/tr>\r\n                                            <tr>\r\n                            <td class=\"elementor-repeater-item-3382e2c\" >Erforderlicher Luftdruck<\/td><td class=\"elementor-repeater-item-909ef78\" >8 bar<\/td>                        <\/tr>\r\n                                            <tr>\r\n                            <td class=\"elementor-repeater-item-5901e96\" >Erforderliche Lufttankkapazit\u00e4t<\/td><td class=\"elementor-repeater-item-2520b51\" >F\u00fcr normale Turbolader: 500 l<\/br>F\u00fcr gro\u00dfe Turbolader \u2265 1000  l<\/td>                        <\/tr>\r\n                                            <tr>\r\n                            <td class=\"elementor-repeater-item-2e2e9be\" >Stromversorgung<\/td><td class=\"elementor-repeater-item-aa4ce86\" >230 V, 50\/60 Hz<\/td>                        <\/tr>\r\n                                            <tr>\r\n                            <td class=\"elementor-repeater-item-447abc3\" >Gewicht<\/td><td class=\"elementor-repeater-item-43b8d37\" >600 kg<\/td>                        <\/tr>\r\n                                            <tr>\r\n                            <td class=\"elementor-repeater-item-26c5242\" >Spezifische Kalibrierung<\/td><td class=\"elementor-repeater-item-84b5bd6\" >Kalibrierungsprozess, bei dem ein Kalibrierungslauf mit einem Testgewicht durchgef\u00fchrt werden muss, um eine Setup-Datei f\u00fcr ein bestimmtes Kernmodell zu erstellen.<\/td>                        <\/tr>\r\n                                            <tr>\r\n                            <td class=\"elementor-repeater-item-792b281\" >Herstellerkalibrierung<\/td><td class=\"elementor-repeater-item-8bad6b2\" >Einfacher Kalibrierungsprozess, der keinen Kalibrierungslauf erfordert, um eine Setup-Datei f\u00fcr ein bestimmtes Kernmodell zu erstellen.<\/td>                        <\/tr>\r\n                                            <tr>\r\n                            <td class=\"elementor-repeater-item-65470c6\" >Abmessungen der Maschine<\/td><td class=\"elementor-repeater-item-77baaf3\" >1330(1700)x780x1800 mm<\/td>                        <\/tr>\r\n                                    <\/tbody>\r\n            <\/table>\r\n        <\/div>\r\n        \t\t<\/div>\n\t\t\t\t<\/div>\n\t\t\t\t\t<\/div>\n\t\t<\/div>\n\t\t\t\t\t\t\t<\/div>\n\t\t<\/section>\n\t\t\t\t\t\t\t<\/div>\n\t\t\n\t\t\t\t\t<\/div>\n\t\t\t\t<\/div>\n\t\t\t\t<\/div>\n\t\t\t\t\t<\/div>\n\t\t<\/div>\n\t\t\t\t\t\t\t<\/div>\n\t\t<\/section>\n\t\t\t\t\t\t\t<\/div>\n\t\t","protected":false},"excerpt":{"rendered":"<p>CMT-VSR PRO Hochgeschwindigkeits-Rumpfgruppenwuchtmaschine mit fest montiertem Korrekturfr\u00e4ser und servogesteuertem Luftventil Eigenschaften &amp; Vorteile: Erstklassige Rauschunterdr\u00fcckung Fest montierter Korrekturfr\u00e4ser, der eine<\/p>\n","protected":false},"author":1,"featured_media":15781,"parent":0,"menu_order":0,"comment_status":"closed","ping_status":"closed","template":"","meta":{"footnotes":""},"class_list":["post-15990","page","type-page","status-publish","has-post-thumbnail","hentry"],"_links":{"self":[{"href":"https:\/\/turbo-balancer.com\/de\/wp-json\/wp\/v2\/pages\/15990","targetHints":{"allow":["GET"]}}],"collection":[{"href":"https:\/\/turbo-balancer.com\/de\/wp-json\/wp\/v2\/pages"}],"about":[{"href":"https:\/\/turbo-balancer.com\/de\/wp-json\/wp\/v2\/types\/page"}],"author":[{"embeddable":true,"href":"https:\/\/turbo-balancer.com\/de\/wp-json\/wp\/v2\/users\/1"}],"replies":[{"embeddable":true,"href":"https:\/\/turbo-balancer.com\/de\/wp-json\/wp\/v2\/comments?post=15990"}],"version-history":[{"count":5,"href":"https:\/\/turbo-balancer.com\/de\/wp-json\/wp\/v2\/pages\/15990\/revisions"}],"predecessor-version":[{"id":16273,"href":"https:\/\/turbo-balancer.com\/de\/wp-json\/wp\/v2\/pages\/15990\/revisions\/16273"}],"wp:featuredmedia":[{"embeddable":true,"href":"https:\/\/turbo-balancer.com\/de\/wp-json\/wp\/v2\/media\/15781"}],"wp:attachment":[{"href":"https:\/\/turbo-balancer.com\/de\/wp-json\/wp\/v2\/media?parent=15990"}],"curies":[{"name":"wp","href":"https:\/\/api.w.org\/{rel}","templated":true}]}}