{"id":14520,"date":"2022-06-12T00:38:15","date_gmt":"2022-06-11T22:38:15","guid":{"rendered":"https:\/\/turbo-balancer.com\/cmt-tr-polimer\/"},"modified":"2024-08-14T11:24:14","modified_gmt":"2024-08-14T09:24:14","slug":"cmt-tr-polimer","status":"publish","type":"page","link":"https:\/\/turbo-balancer.com\/es\/cmt-tr-polimer\/","title":{"rendered":"CMT-TR POLIMER"},"content":{"rendered":"\t\t<div data-elementor-type=\"wp-page\" data-elementor-id=\"14520\" class=\"elementor elementor-14520 elementor-9215\">\n\t\t\t\t\t\t\t\t\t<section class=\"elementor-section elementor-top-section elementor-element elementor-element-c060c89 elementor-section-full_width elementor-section-content-middle elementor-section-stretched elementor-section-height-default elementor-section-height-default wd-section-disabled\" data-id=\"c060c89\" data-element_type=\"section\" data-settings=\"{&quot;stretch_section&quot;:&quot;section-stretched&quot;}\">\n\t\t\t\t\t\t<div class=\"elementor-container elementor-column-gap-default\">\n\t\t\t\t\t<div class=\"elementor-column elementor-col-100 elementor-top-column elementor-element elementor-element-83d1f2c\" data-id=\"83d1f2c\" data-element_type=\"column\">\n\t\t\t<div class=\"elementor-widget-wrap elementor-element-populated\">\n\t\t\t\t\t\t\t\t<div class=\"elementor-element elementor-element-8e6f32f elementor-widget elementor-widget-shortcode\" data-id=\"8e6f32f\" data-element_type=\"widget\" data-widget_type=\"shortcode.default\">\n\t\t\t\t<div class=\"elementor-widget-container\">\n\t\t\t\t\t<div class=\"elementor-shortcode\">[breadcrumb]<\/div>\n\t\t\t\t<\/div>\n\t\t\t\t<\/div>\n\t\t\t\t\t<\/div>\n\t\t<\/div>\n\t\t\t\t\t\t\t<\/div>\n\t\t<\/section>\n\t\t\t\t<section class=\"elementor-section elementor-top-section elementor-element elementor-element-ca96606 elementor-section-full_width elementor-section-content-middle elementor-section-stretched elementor-section-height-default elementor-section-height-default wd-section-disabled\" data-id=\"ca96606\" data-element_type=\"section\" data-settings=\"{&quot;stretch_section&quot;:&quot;section-stretched&quot;}\">\n\t\t\t\t\t\t<div class=\"elementor-container elementor-column-gap-default\">\n\t\t\t\t\t<div class=\"elementor-column elementor-col-50 elementor-top-column elementor-element elementor-element-9b991ac\" data-id=\"9b991ac\" data-element_type=\"column\">\n\t\t\t<div class=\"elementor-widget-wrap elementor-element-populated\">\n\t\t\t\t\t\t\t\t<div class=\"elementor-element elementor-element-9eecfc7 elementor-widget__width-initial elementor-widget elementor-widget-htmega-thumbgallery-addons\" data-id=\"9eecfc7\" data-element_type=\"widget\" data-widget_type=\"htmega-thumbgallery-addons.default\">\n\t\t\t\t<div class=\"elementor-widget-container\">\n\t\t\t            <div class=\"htmega-sliderarea htmega-thumbnails-style-2 sid9eecfc7\" >\r\n                <div class=\"htb-row row--5 htb-align-items-center mt--40\">\r\n\r\n                                            <div class=\"htb-col-lg-12\">\r\n                            <div class=\"ht-thumb-gallery\">\r\n                                <ul dir=\"ltr\" class=\"htmega-thumbgallery-for htmega-arrow-2\" data-settings=\"{&quot;arrows&quot;:false,&quot;arrow_prev_txt&quot;:false,&quot;arrow_next_txt&quot;:false,&quot;dots&quot;:false,&quot;autoplay&quot;:false,&quot;autoplay_speed&quot;:3000,&quot;animation_speed&quot;:300,&quot;pause_on_hover&quot;:true,&quot;center_mode&quot;:false,&quot;center_padding&quot;:0,&quot;display_columns&quot;:1,&quot;scroll_columns&quot;:1,&quot;tablet_width&quot;:750,&quot;tablet_display_columns&quot;:1,&quot;tablet_scroll_columns&quot;:1,&quot;mobile_width&quot;:360,&quot;mobile_display_columns&quot;:1,&quot;mobile_scroll_columns&quot;:1}\">\r\n                                                                            <li>\r\n                                            <img loading=\"lazy\" decoding=\"async\" width=\"534\" height=\"800\" src=\"https:\/\/turbo-balancer.com\/wp-content\/uploads\/2024\/08\/CMT-TR-Polimer_CIMAT-534x800.png\" class=\"attachment-large size-large\" alt=\"\" srcset=\"https:\/\/turbo-balancer.com\/wp-content\/uploads\/2024\/08\/CMT-TR-Polimer_CIMAT-534x800.png 534w, https:\/\/turbo-balancer.com\/wp-content\/uploads\/2024\/08\/CMT-TR-Polimer_CIMAT-200x300.png 200w, https:\/\/turbo-balancer.com\/wp-content\/uploads\/2024\/08\/CMT-TR-Polimer_CIMAT-768x1151.png 768w, https:\/\/turbo-balancer.com\/wp-content\/uploads\/2024\/08\/CMT-TR-Polimer_CIMAT-1025x1536.png 1025w, https:\/\/turbo-balancer.com\/wp-content\/uploads\/2024\/08\/CMT-TR-Polimer_CIMAT-1366x2048.png 1366w\" sizes=\"auto, (max-width: 534px) 100vw, 534px\" \/>                                        <\/li>\r\n                                                                    <\/ul>\r\n\r\n                            <\/div>\r\n                        <\/div>\r\n\r\n                        <div class=\"htb-col-lg-12 htmega-nav-col\">\r\n                            <div class=\"htmega-thumbgallery-nav \" data-navsettings=\"{&quot;navarrows&quot;:true,&quot;navarrow_prev_txt&quot;:&quot;&lt;i aria-hidden=\\&quot;true\\&quot; class=\\&quot;fas fa-angle-left\\&quot;&gt;&lt;\\\/i&gt;&quot;,&quot;navarrow_next_txt&quot;:&quot;&lt;i aria-hidden=\\&quot;true\\&quot; class=\\&quot;fas fa-angle-right\\&quot;&gt;&lt;\\\/i&gt;&quot;,&quot;navdots&quot;:false,&quot;navvertical&quot;:false,&quot;navautoplay&quot;:false,&quot;navautoplay_speed&quot;:3000,&quot;navanimation_speed&quot;:300,&quot;navpause_on_hover&quot;:true,&quot;navcenter_mode&quot;:true,&quot;navcenter_padding&quot;:50,&quot;navdisplay_columns&quot;:4,&quot;navscroll_columns&quot;:1,&quot;navtablet_width&quot;:750,&quot;navtablet_display_columns&quot;:4,&quot;navtablet_scroll_columns&quot;:1,&quot;navmobile_width&quot;:100,&quot;navmobile_display_columns&quot;:null,&quot;navmobile_scroll_columns&quot;:null}\" >\r\n                                                                    <div class=\"small-thumb\">\r\n                                        <img loading=\"lazy\" decoding=\"async\" width=\"534\" height=\"800\" src=\"https:\/\/turbo-balancer.com\/wp-content\/uploads\/2024\/08\/CMT-TR-Polimer_CIMAT-534x800.png\" class=\"attachment-large size-large\" alt=\"\" srcset=\"https:\/\/turbo-balancer.com\/wp-content\/uploads\/2024\/08\/CMT-TR-Polimer_CIMAT-534x800.png 534w, https:\/\/turbo-balancer.com\/wp-content\/uploads\/2024\/08\/CMT-TR-Polimer_CIMAT-200x300.png 200w, https:\/\/turbo-balancer.com\/wp-content\/uploads\/2024\/08\/CMT-TR-Polimer_CIMAT-768x1151.png 768w, https:\/\/turbo-balancer.com\/wp-content\/uploads\/2024\/08\/CMT-TR-Polimer_CIMAT-1025x1536.png 1025w, https:\/\/turbo-balancer.com\/wp-content\/uploads\/2024\/08\/CMT-TR-Polimer_CIMAT-1366x2048.png 1366w\" sizes=\"auto, (max-width: 534px) 100vw, 534px\" \/>                                    <\/div>\r\n                                                            <\/div>\r\n                        <\/div>\r\n                    \r\n                    <!-- End Thumb Gallery -->\r\n                <\/div>\r\n            <\/div>\r\n            \r\n                                <style>\r\n                         @media (max-width: 100px) {\r\n                            .sid9eecfc7 .htmega-nav-col {\r\n                                display:none;\r\n                                } \r\n                            }                    <\/style>\r\n\r\n                        \t\t<\/div>\n\t\t\t\t<\/div>\n\t\t\t\t\t<\/div>\n\t\t<\/div>\n\t\t\t\t<div class=\"elementor-column elementor-col-50 elementor-top-column elementor-element elementor-element-977ecf8\" data-id=\"977ecf8\" data-element_type=\"column\" data-settings=\"{&quot;background_background&quot;:&quot;classic&quot;,&quot;animation&quot;:&quot;none&quot;}\">\n\t\t\t<div class=\"elementor-widget-wrap elementor-element-populated\">\n\t\t\t\t\t\t\t\t<div class=\"elementor-element elementor-element-1620d7a elementor-widget elementor-widget-heading\" data-id=\"1620d7a\" data-element_type=\"widget\" data-widget_type=\"heading.default\">\n\t\t\t\t<div class=\"elementor-widget-container\">\n\t\t\t<style>\/*! elementor - v3.6.5 - 27-04-2022 *\/\n.elementor-heading-title{padding:0;margin:0;line-height:1}.elementor-widget-heading .elementor-heading-title[class*=elementor-size-]>a{color:inherit;font-size:inherit;line-height:inherit}.elementor-widget-heading .elementor-heading-title.elementor-size-small{font-size:15px}.elementor-widget-heading .elementor-heading-title.elementor-size-medium{font-size:19px}.elementor-widget-heading .elementor-heading-title.elementor-size-large{font-size:29px}.elementor-widget-heading .elementor-heading-title.elementor-size-xl{font-size:39px}.elementor-widget-heading .elementor-heading-title.elementor-size-xxl{font-size:59px}<\/style><h1 class=\"elementor-heading-title elementor-size-xl\">CMT-TR POLIMER<\/h1>\t\t<\/div>\n\t\t\t\t<\/div>\n\t\t\t\t<div class=\"elementor-element elementor-element-6e6cb5a elementor-widget elementor-widget-wd_text_block\" data-id=\"6e6cb5a\" data-element_type=\"widget\" data-widget_type=\"wd_text_block.default\">\n\t\t\t\t<div class=\"elementor-widget-container\">\n\t\t\t\t\t<div class=\"wd-text-block reset-last-child text-left\">\n\t\t\t\n\t\t\tEquipo creado para equilibrar los ejes de los turbocompresores en turismos, camiones, barcos o piezas agr\u00edcolas.\n\t\t\t\t\t<\/div>\n\t\t\t\t<\/div>\n\t\t\t\t<\/div>\n\t\t\t\t<div class=\"elementor-element elementor-element-4897f63 elementor-absolute elementor-widget elementor-widget-image\" data-id=\"4897f63\" data-element_type=\"widget\" data-settings=\"{&quot;_position&quot;:&quot;absolute&quot;}\" data-widget_type=\"image.default\">\n\t\t\t\t<div class=\"elementor-widget-container\">\n\t\t\t<style>\/*! elementor - v3.6.5 - 27-04-2022 *\/\n.elementor-widget-image{text-align:center}.elementor-widget-image a{display:inline-block}.elementor-widget-image a img[src$=\".svg\"]{width:48px}.elementor-widget-image img{vertical-align:middle;display:inline-block}<\/style>\t\t\t\t\t\t\t\t\t\t\t\t<img loading=\"lazy\" decoding=\"async\" width=\"218\" height=\"21\" src=\"https:\/\/turbo-balancer.com\/wp-content\/uploads\/2022\/06\/industry-4.png\" class=\"attachment-large size-large\" alt=\"\" \/>\t\t\t\t\t\t\t\t\t\t\t\t\t\t\t<\/div>\n\t\t\t\t<\/div>\n\t\t\t\t\t<\/div>\n\t\t<\/div>\n\t\t\t\t\t\t\t<\/div>\n\t\t<\/section>\n\t\t\t\t<section class=\"elementor-section elementor-top-section elementor-element elementor-element-4f15d44 elementor-section-stretched elementor-section-boxed elementor-section-height-default elementor-section-height-default wd-section-disabled\" data-id=\"4f15d44\" data-element_type=\"section\" data-settings=\"{&quot;stretch_section&quot;:&quot;section-stretched&quot;,&quot;background_background&quot;:&quot;classic&quot;}\">\n\t\t\t\t\t\t<div class=\"elementor-container elementor-column-gap-default\">\n\t\t\t\t\t<div class=\"elementor-column elementor-col-100 elementor-top-column elementor-element elementor-element-ed9adf5\" data-id=\"ed9adf5\" data-element_type=\"column\" data-settings=\"{&quot;background_background&quot;:&quot;classic&quot;}\">\n\t\t\t<div class=\"elementor-widget-wrap elementor-element-populated\">\n\t\t\t\t\t\t\t\t<div class=\"elementor-element elementor-element-054dfb6 elementor-widget elementor-widget-wd_text_block\" data-id=\"054dfb6\" data-element_type=\"widget\" data-widget_type=\"wd_text_block.default\">\n\t\t\t\t<div class=\"elementor-widget-container\">\n\t\t\t\t\t<div class=\"wd-text-block reset-last-child text-left\">\n\t\t\t\n\t\t\t<p><span style=\"font-size: 18px; background-color: var(--wd-main-bgcolor); color: var(--wd-text-color);\">\t\t\t<link rel=\"stylesheet\" id=\"elementor-post-14420-css\" href=\"https:\/\/turbo-balancer.com\/wp-content\/uploads\/elementor\/css\/post-14420.css?ver=1763433865\" type=\"text\/css\" media=\"all\">\n\t\t\t\t\t<div data-elementor-type=\"wp-post\" data-elementor-id=\"14420\" class=\"elementor elementor-14420 elementor-9222\">\n\t\t\t\t\t\t\t\t\t<section class=\"elementor-section elementor-top-section elementor-element elementor-element-7bd425a elementor-section-boxed elementor-section-height-default elementor-section-height-default wd-section-disabled\" data-id=\"7bd425a\" data-element_type=\"section\">\n\t\t\t\t\t\t<div class=\"elementor-container elementor-column-gap-default\">\n\t\t\t\t\t<div class=\"elementor-column elementor-col-100 elementor-top-column elementor-element elementor-element-5764f6a\" data-id=\"5764f6a\" data-element_type=\"column\">\n\t\t\t<div class=\"elementor-widget-wrap elementor-element-populated\">\n\t\t\t\t\t\t\t\t<div class=\"elementor-element elementor-element-71cd90f elementor-widget elementor-widget-wd_title\" data-id=\"71cd90f\" data-element_type=\"widget\" data-widget_type=\"wd_title.default\">\n\t\t\t\t<div class=\"elementor-widget-container\">\n\t\t\t\t\t<div class=\"title-wrapper set-mb-s reset-last-child wd-title-color-default wd-title-style-default wd-title-size-default text-center\">\n\n\t\t\t\n\t\t\t<div class=\"liner-continer\">\n\t\t\t\t<h4 class=\"woodmart-title-container title wd-fontsize-l\">M\u00c1QUINA DE EQUILIBRADO DE ROTOR<\/h4> \n\t\t\t\t\t\t\t<\/div>\n\n\t\t\t\t\t<\/div>\n\t\t\t\t<\/div>\n\t\t\t\t<\/div>\n\t\t\t\t<div class=\"elementor-element elementor-element-642bb5b elementor-widget elementor-widget-htmega-datatable-addons\" data-id=\"642bb5b\" data-element_type=\"widget\" data-widget_type=\"htmega-datatable-addons.default\">\n\t\t\t\t<div class=\"elementor-widget-container\">\n\t\t\t        <div class=\"htmega-table-style htmega-table-style-3 htb-table-responsive\">\r\n            <table class=\"htb-table \">\r\n                                    <thead>\r\n                        <tr>\r\n                            <th class='elementor-repeater-item-5a57080'>Descripci\u00f3n<\/th><th class='elementor-repeater-item-4380bbc'>Par\u00e1metros<\/th>                        <\/tr>\r\n                    <\/thead>\r\n                                <tbody>\r\n                                            <tr>\r\n                            <td class=\"elementor-repeater-item-154d033\" >Peso m\u00e1ximo del rotor<\/td><td class=\"elementor-repeater-item-72069b3\" >5 kg<\/td>                        <\/tr>\r\n                                            <tr>\r\n                            <td class=\"elementor-repeater-item-48a9f93\" >Di\u00e1metro m\u00e1ximo del rotor<\/td><td class=\"elementor-repeater-item-fb45e01\" >200 mm<\/td>                        <\/tr>\r\n                                            <tr>\r\n                            <td class=\"elementor-repeater-item-b347740\" >Distancia entre los puntos de apoyo<\/td><td class=\"elementor-repeater-item-be610d8\" >200 mm<\/td>                        <\/tr>\r\n                                            <tr>\r\n                            <td class=\"elementor-repeater-item-6c52299\" >Rango de di\u00e1metro de rodamientos<\/td><td class=\"elementor-repeater-item-94686f1\" >5 \u2013 25 mm<\/td>                        <\/tr>\r\n                                            <tr>\r\n                            <td class=\"elementor-repeater-item-5716c96\" >Unidad de medici\u00f3n<\/td><td class=\"elementor-repeater-item-9484d19\" >mg, gmm<\/td>                        <\/tr>\r\n                                            <tr>\r\n                            <td class=\"elementor-repeater-item-b36d13e\" >N\u00famero de planos de correcci\u00f3n<\/td><td class=\"elementor-repeater-item-a04c6ad\" >2<\/td>                        <\/tr>\r\n                                            <tr>\r\n                            <td class=\"elementor-repeater-item-6c62c4f\" >Incertidumbre de medici\u00f3n<\/td><td class=\"elementor-repeater-item-3a2145b\" >0.05 gmm<\/td>                        <\/tr>\r\n                                            <tr>\r\n                            <td class=\"elementor-repeater-item-37cc0bd\" >Desequilibrio m\u00ednimo residual permisible<\/td><td class=\"elementor-repeater-item-086a6fe\" >\u2265 95%<\/td>                        <\/tr>\r\n                                            <tr>\r\n                            <td class=\"elementor-repeater-item-59e5f50\" >RPM M\u00e1ximas<\/td><td class=\"elementor-repeater-item-ebb18d0\" >Hasta 16,000 RPM<\/td>                        <\/tr>\r\n                                            <tr>\r\n                            <td class=\"elementor-repeater-item-22613a0\" >Control de velocidad<\/td><td class=\"elementor-repeater-item-0947870\" >Regulable con potenci\u00f3metro<\/td>                        <\/tr>\r\n                                            <tr>\r\n                            <td class=\"elementor-repeater-item-38ce25f\" >Tipo de motor<\/td><td class=\"elementor-repeater-item-6539b24\" >Servo motor<\/td>                        <\/tr>\r\n                                            <tr>\r\n                            <td class=\"elementor-repeater-item-b3b0896\" >Potencia del motor<\/td><td class=\"elementor-repeater-item-602b3fb\" >400 W<\/td>                        <\/tr>\r\n                                            <tr>\r\n                            <td class=\"elementor-repeater-item-15c5ed8\" >Indexaci\u00f3n Autom\u00e1tica del rotor<\/td><td class=\"elementor-repeater-item-6160e9d\" >Si<\/td>                        <\/tr>\r\n                                            <tr>\r\n                            <td class=\"elementor-repeater-item-3b45e98\" >Indexaci\u00f3n manual del \u00e1ngulo<\/td><td class=\"elementor-repeater-item-4ca11c7\" >Si<\/td>                        <\/tr>\r\n                                            <tr>\r\n                            <td class=\"elementor-repeater-item-ffeaed8\" >Tipo de sensor de velocidad<\/td><td class=\"elementor-repeater-item-8f1c55b\" >Contraste<\/td>                        <\/tr>\r\n                                            <tr>\r\n                            <td class=\"elementor-repeater-item-8aae374\" >Material de construcci\u00f3n<\/td><td class=\"elementor-repeater-item-bd374da\" >Cemento Pol\u00edm\u00e9rico<\/td>                        <\/tr>\r\n                                            <tr>\r\n                            <td class=\"elementor-repeater-item-9457127\" >V-blocks para equilibrado de rotores ligeros<\/td><td class=\"elementor-repeater-item-fbb8728\" >Si<\/td>                        <\/tr>\r\n                                            <tr>\r\n                            <td class=\"elementor-repeater-item-5369ab6\" >Regulaci\u00f3n de rodamientos en altura<\/td><td class=\"elementor-repeater-item-efada9c\" >Opcional<\/td>                        <\/tr>\r\n                                            <tr>\r\n                            <td class=\"elementor-repeater-item-0e87e2d\" >Calibraci\u00f3n espec\u00edfica de rotor<\/td><td class=\"elementor-repeater-item-034973b\" >Calibraci\u00f3n con un peso de prueba para crear un archivo de configuraci\u00f3n para un determinado modelo patr\u00f3n<\/td>                        <\/tr>\r\n                                            <tr>\r\n                            <td class=\"elementor-repeater-item-6606d70\" >Calibraci\u00f3n de Rotor \u201cABC\u201d<\/td><td class=\"elementor-repeater-item-bec75f0\" >Proceso de calibraci\u00f3n simple que no requiere de ciclos para crear un archivo de calibraci\u00f3n de rotor.<\/td>                        <\/tr>\r\n                                            <tr>\r\n                            <td class=\"elementor-repeater-item-5f80b25\" >Guarda de seguridad<\/td><td class=\"elementor-repeater-item-65eaa82\" >Tipo C con interruptor de seguridad electromec\u00e1nico<\/td>                        <\/tr>\r\n                                    <\/tbody>\r\n            <\/table>\r\n        <\/div>\r\n        \t\t<\/div>\n\t\t\t\t<\/div>\n\t\t\t\t<div class=\"elementor-element elementor-element-ae42f82 elementor-widget elementor-widget-wd_title\" data-id=\"ae42f82\" data-element_type=\"widget\" data-widget_type=\"wd_title.default\">\n\t\t\t\t<div class=\"elementor-widget-container\">\n\t\t\t\t\t<div class=\"title-wrapper set-mb-s reset-last-child wd-title-color-default wd-title-style-default wd-title-size-default text-center\">\n\n\t\t\t\n\t\t\t<div class=\"liner-continer\">\n\t\t\t\t<h4 class=\"woodmart-title-container title wd-fontsize-l\">FECHA GENERAL <\/h4> \n\t\t\t\t\t\t\t<\/div>\n\n\t\t\t\t\t<\/div>\n\t\t\t\t<\/div>\n\t\t\t\t<\/div>\n\t\t\t\t<div class=\"elementor-element elementor-element-2ff9e90 elementor-widget elementor-widget-htmega-datatable-addons\" data-id=\"2ff9e90\" data-element_type=\"widget\" data-widget_type=\"htmega-datatable-addons.default\">\n\t\t\t\t<div class=\"elementor-widget-container\">\n\t\t\t        <div class=\"htmega-table-style htmega-table-style-3 htb-table-responsive\">\r\n            <table class=\"htb-table \">\r\n                                    <thead>\r\n                        <tr>\r\n                            <th class='elementor-repeater-item-5a57080'>Descripci\u00f3n<\/th><th class='elementor-repeater-item-4380bbc'>Par\u00e1metros<\/th>                        <\/tr>\r\n                    <\/thead>\r\n                                <tbody>\r\n                                            <tr>\r\n                            <td class=\"elementor-repeater-item-154d033\" >Peso de la m\u00e1quina<\/td><td class=\"elementor-repeater-item-fb45e01\" >450 kg<\/td>                        <\/tr>\r\n                                            <tr>\r\n                            <td class=\"elementor-repeater-item-b347740\" >Fuente de alimentaci\u00f3n (corriente)<\/td><td class=\"elementor-repeater-item-be610d8\" >230 V, 50\/60 Hz o a elecci\u00f3n del cliente<\/td>                        <\/tr>\r\n                                            <tr>\r\n                            <td class=\"elementor-repeater-item-b308131\" >Dimensiones de la m\u00e1quina<\/td><td class=\"elementor-repeater-item-fe7c595\" >1,750 mm x 1,000 mm x 1,750 mm<\/td>                        <\/tr>\r\n                                    <\/tbody>\r\n            <\/table>\r\n        <\/div>\r\n        \t\t<\/div>\n\t\t\t\t<\/div>\n\t\t\t\t\t<\/div>\n\t\t<\/div>\n\t\t\t\t\t\t\t<\/div>\n\t\t<\/section>\n\t\t\t\t\t\t\t<\/div>\n\t\t<\/span><\/p>\n\t\t\t\t\t<\/div>\n\t\t\t\t<\/div>\n\t\t\t\t<\/div>\n\t\t\t\t\t<\/div>\n\t\t<\/div>\n\t\t\t\t\t\t\t<\/div>\n\t\t<\/section>\n\t\t\t\t\t\t\t<\/div>\n\t\t","protected":false},"excerpt":{"rendered":"<p>[breadcrumb] CMT-TR POLIMER Equipo creado para equilibrar los ejes de los turbocompresores en turismos, camiones, barcos o piezas agr\u00edcolas. M\u00c1QUINA<\/p>\n","protected":false},"author":1,"featured_media":13817,"parent":0,"menu_order":0,"comment_status":"closed","ping_status":"closed","template":"","meta":{"footnotes":""},"class_list":["post-14520","page","type-page","status-publish","has-post-thumbnail","hentry"],"_links":{"self":[{"href":"https:\/\/turbo-balancer.com\/es\/wp-json\/wp\/v2\/pages\/14520","targetHints":{"allow":["GET"]}}],"collection":[{"href":"https:\/\/turbo-balancer.com\/es\/wp-json\/wp\/v2\/pages"}],"about":[{"href":"https:\/\/turbo-balancer.com\/es\/wp-json\/wp\/v2\/types\/page"}],"author":[{"embeddable":true,"href":"https:\/\/turbo-balancer.com\/es\/wp-json\/wp\/v2\/users\/1"}],"replies":[{"embeddable":true,"href":"https:\/\/turbo-balancer.com\/es\/wp-json\/wp\/v2\/comments?post=14520"}],"version-history":[{"count":11,"href":"https:\/\/turbo-balancer.com\/es\/wp-json\/wp\/v2\/pages\/14520\/revisions"}],"predecessor-version":[{"id":17552,"href":"https:\/\/turbo-balancer.com\/es\/wp-json\/wp\/v2\/pages\/14520\/revisions\/17552"}],"wp:featuredmedia":[{"embeddable":true,"href":"https:\/\/turbo-balancer.com\/es\/wp-json\/wp\/v2\/media\/13817"}],"wp:attachment":[{"href":"https:\/\/turbo-balancer.com\/es\/wp-json\/wp\/v2\/media?parent=14520"}],"curies":[{"name":"wp","href":"https:\/\/api.w.org\/{rel}","templated":true}]}}