{"id":14532,"date":"2022-05-29T18:06:53","date_gmt":"2022-05-29T16:06:53","guid":{"rendered":"https:\/\/turbo-balancer.com\/cmt-vsr-big\/"},"modified":"2024-05-05T16:44:33","modified_gmt":"2024-05-05T14:44:33","slug":"cmt-vsr-big","status":"publish","type":"page","link":"https:\/\/turbo-balancer.com\/es\/cmt-vsr-big\/","title":{"rendered":"CMT-VSR BIG"},"content":{"rendered":"\t\t<div data-elementor-type=\"wp-page\" data-elementor-id=\"14532\" class=\"elementor elementor-14532 elementor-8958\">\n\t\t\t\t\t\t\t\t\t<section class=\"elementor-section elementor-top-section elementor-element elementor-element-c060c89 elementor-section-full_width elementor-section-content-middle elementor-section-stretched elementor-section-height-default elementor-section-height-default wd-section-disabled\" data-id=\"c060c89\" data-element_type=\"section\" data-settings=\"{&quot;stretch_section&quot;:&quot;section-stretched&quot;}\">\n\t\t\t\t\t\t<div class=\"elementor-container elementor-column-gap-default\">\n\t\t\t\t\t<div class=\"elementor-column elementor-col-100 elementor-top-column elementor-element elementor-element-83d1f2c\" data-id=\"83d1f2c\" data-element_type=\"column\">\n\t\t\t<div class=\"elementor-widget-wrap elementor-element-populated\">\n\t\t\t\t\t\t\t\t<div class=\"elementor-element elementor-element-8e6f32f elementor-widget elementor-widget-shortcode\" data-id=\"8e6f32f\" data-element_type=\"widget\" data-widget_type=\"shortcode.default\">\n\t\t\t\t<div class=\"elementor-widget-container\">\n\t\t\t\t\t<div class=\"elementor-shortcode\">[breadcrumb]<\/div>\n\t\t\t\t<\/div>\n\t\t\t\t<\/div>\n\t\t\t\t\t<\/div>\n\t\t<\/div>\n\t\t\t\t\t\t\t<\/div>\n\t\t<\/section>\n\t\t\t\t<section class=\"elementor-section elementor-top-section elementor-element elementor-element-ca96606 elementor-section-full_width elementor-section-content-middle elementor-section-stretched elementor-section-height-default elementor-section-height-default wd-section-disabled\" data-id=\"ca96606\" data-element_type=\"section\" data-settings=\"{&quot;stretch_section&quot;:&quot;section-stretched&quot;}\">\n\t\t\t\t\t\t<div class=\"elementor-container elementor-column-gap-default\">\n\t\t\t\t\t<div class=\"elementor-column elementor-col-50 elementor-top-column elementor-element elementor-element-9b991ac\" data-id=\"9b991ac\" data-element_type=\"column\">\n\t\t\t<div class=\"elementor-widget-wrap elementor-element-populated\">\n\t\t\t\t\t\t\t\t<div class=\"elementor-element elementor-element-9eecfc7 elementor-widget__width-initial elementor-widget elementor-widget-htmega-thumbgallery-addons\" data-id=\"9eecfc7\" data-element_type=\"widget\" data-widget_type=\"htmega-thumbgallery-addons.default\">\n\t\t\t\t<div class=\"elementor-widget-container\">\n\t\t\t            <div class=\"htmega-sliderarea htmega-thumbnails-style-2 sid9eecfc7\" >\r\n                <div class=\"htb-row row--5 htb-align-items-center mt--40\">\r\n\r\n                                            <div class=\"htb-col-lg-12\">\r\n                            <div class=\"ht-thumb-gallery\">\r\n                                <ul dir=\"ltr\" class=\"htmega-thumbgallery-for htmega-arrow-2\" data-settings=\"{&quot;arrows&quot;:false,&quot;arrow_prev_txt&quot;:false,&quot;arrow_next_txt&quot;:false,&quot;dots&quot;:false,&quot;autoplay&quot;:false,&quot;autoplay_speed&quot;:3000,&quot;animation_speed&quot;:300,&quot;pause_on_hover&quot;:true,&quot;center_mode&quot;:false,&quot;center_padding&quot;:0,&quot;display_columns&quot;:1,&quot;scroll_columns&quot;:1,&quot;tablet_width&quot;:750,&quot;tablet_display_columns&quot;:1,&quot;tablet_scroll_columns&quot;:1,&quot;mobile_width&quot;:360,&quot;mobile_display_columns&quot;:1,&quot;mobile_scroll_columns&quot;:1}\">\r\n                                                                            <li>\r\n                                            <img loading=\"lazy\" decoding=\"async\" width=\"1200\" height=\"800\" src=\"https:\/\/turbo-balancer.com\/wp-content\/uploads\/2024\/05\/CMT-VSR-BIG-7-1200x800.jpg\" class=\"attachment-large size-large\" alt=\"\" srcset=\"https:\/\/turbo-balancer.com\/wp-content\/uploads\/2024\/05\/CMT-VSR-BIG-7-1200x800.jpg 1200w, https:\/\/turbo-balancer.com\/wp-content\/uploads\/2024\/05\/CMT-VSR-BIG-7-400x267.jpg 400w, https:\/\/turbo-balancer.com\/wp-content\/uploads\/2024\/05\/CMT-VSR-BIG-7-768x512.jpg 768w, https:\/\/turbo-balancer.com\/wp-content\/uploads\/2024\/05\/CMT-VSR-BIG-7-1536x1024.jpg 1536w, https:\/\/turbo-balancer.com\/wp-content\/uploads\/2024\/05\/CMT-VSR-BIG-7-2048x1365.jpg 2048w\" sizes=\"auto, (max-width: 1200px) 100vw, 1200px\" \/>                                        <\/li>\r\n                                                                    <\/ul>\r\n\r\n                            <\/div>\r\n                        <\/div>\r\n\r\n                        <div class=\"htb-col-lg-12 htmega-nav-col\">\r\n                            <div class=\"htmega-thumbgallery-nav \" data-navsettings=\"{&quot;navarrows&quot;:true,&quot;navarrow_prev_txt&quot;:&quot;&lt;i aria-hidden=\\&quot;true\\&quot; class=\\&quot;fas fa-angle-left\\&quot;&gt;&lt;\\\/i&gt;&quot;,&quot;navarrow_next_txt&quot;:&quot;&lt;i aria-hidden=\\&quot;true\\&quot; class=\\&quot;fas fa-angle-right\\&quot;&gt;&lt;\\\/i&gt;&quot;,&quot;navdots&quot;:false,&quot;navvertical&quot;:false,&quot;navautoplay&quot;:false,&quot;navautoplay_speed&quot;:3000,&quot;navanimation_speed&quot;:300,&quot;navpause_on_hover&quot;:true,&quot;navcenter_mode&quot;:true,&quot;navcenter_padding&quot;:50,&quot;navdisplay_columns&quot;:4,&quot;navscroll_columns&quot;:1,&quot;navtablet_width&quot;:750,&quot;navtablet_display_columns&quot;:4,&quot;navtablet_scroll_columns&quot;:1,&quot;navmobile_width&quot;:100,&quot;navmobile_display_columns&quot;:null,&quot;navmobile_scroll_columns&quot;:null}\" >\r\n                                                                    <div class=\"small-thumb\">\r\n                                        <img loading=\"lazy\" decoding=\"async\" width=\"1200\" height=\"800\" src=\"https:\/\/turbo-balancer.com\/wp-content\/uploads\/2024\/05\/CMT-VSR-BIG-7-1200x800.jpg\" class=\"attachment-large size-large\" alt=\"\" srcset=\"https:\/\/turbo-balancer.com\/wp-content\/uploads\/2024\/05\/CMT-VSR-BIG-7-1200x800.jpg 1200w, https:\/\/turbo-balancer.com\/wp-content\/uploads\/2024\/05\/CMT-VSR-BIG-7-400x267.jpg 400w, https:\/\/turbo-balancer.com\/wp-content\/uploads\/2024\/05\/CMT-VSR-BIG-7-768x512.jpg 768w, https:\/\/turbo-balancer.com\/wp-content\/uploads\/2024\/05\/CMT-VSR-BIG-7-1536x1024.jpg 1536w, https:\/\/turbo-balancer.com\/wp-content\/uploads\/2024\/05\/CMT-VSR-BIG-7-2048x1365.jpg 2048w\" sizes=\"auto, (max-width: 1200px) 100vw, 1200px\" \/>                                    <\/div>\r\n                                                            <\/div>\r\n                        <\/div>\r\n                    \r\n                    <!-- End Thumb Gallery -->\r\n                <\/div>\r\n            <\/div>\r\n            \r\n                                <style>\r\n                         @media (max-width: 100px) {\r\n                            .sid9eecfc7 .htmega-nav-col {\r\n                                display:none;\r\n                                } \r\n                            }                    <\/style>\r\n\r\n                        \t\t<\/div>\n\t\t\t\t<\/div>\n\t\t\t\t\t<\/div>\n\t\t<\/div>\n\t\t\t\t<div class=\"elementor-column elementor-col-50 elementor-top-column elementor-element elementor-element-977ecf8\" data-id=\"977ecf8\" data-element_type=\"column\" data-settings=\"{&quot;background_background&quot;:&quot;classic&quot;,&quot;animation&quot;:&quot;none&quot;}\">\n\t\t\t<div class=\"elementor-widget-wrap elementor-element-populated\">\n\t\t\t\t\t\t\t\t<div class=\"elementor-element elementor-element-1620d7a elementor-widget elementor-widget-heading\" data-id=\"1620d7a\" data-element_type=\"widget\" data-widget_type=\"heading.default\">\n\t\t\t\t<div class=\"elementor-widget-container\">\n\t\t\t<style>\/*! elementor - v3.6.5 - 27-04-2022 *\/\n.elementor-heading-title{padding:0;margin:0;line-height:1}.elementor-widget-heading .elementor-heading-title[class*=elementor-size-]>a{color:inherit;font-size:inherit;line-height:inherit}.elementor-widget-heading .elementor-heading-title.elementor-size-small{font-size:15px}.elementor-widget-heading .elementor-heading-title.elementor-size-medium{font-size:19px}.elementor-widget-heading .elementor-heading-title.elementor-size-large{font-size:29px}.elementor-widget-heading .elementor-heading-title.elementor-size-xl{font-size:39px}.elementor-widget-heading .elementor-heading-title.elementor-size-xxl{font-size:59px}<\/style><h1 class=\"elementor-heading-title elementor-size-xl\">CMT-VSR BIG<\/h1>\t\t<\/div>\n\t\t\t\t<\/div>\n\t\t\t\t<div class=\"elementor-element elementor-element-6e6cb5a elementor-widget elementor-widget-wd_text_block\" data-id=\"6e6cb5a\" data-element_type=\"widget\" data-widget_type=\"wd_text_block.default\">\n\t\t\t\t<div class=\"elementor-widget-container\">\n\t\t\t\t\t<div class=\"wd-text-block reset-last-child text-left\">\n\t\t\t\n\t\t\t<p>M\u00e1quina de equilibrado de cartuchos a alta velocidad (chra)<\/p>\n\t\t\t\t\t<\/div>\n\t\t\t\t<\/div>\n\t\t\t\t<\/div>\n\t\t\t\t<div class=\"elementor-element elementor-element-ed64f78 elementor-absolute elementor-widget elementor-widget-image\" data-id=\"ed64f78\" data-element_type=\"widget\" data-settings=\"{&quot;_position&quot;:&quot;absolute&quot;}\" data-widget_type=\"image.default\">\n\t\t\t\t<div class=\"elementor-widget-container\">\n\t\t\t<style>\/*! elementor - v3.6.5 - 27-04-2022 *\/\n.elementor-widget-image{text-align:center}.elementor-widget-image a{display:inline-block}.elementor-widget-image a img[src$=\".svg\"]{width:48px}.elementor-widget-image img{vertical-align:middle;display:inline-block}<\/style>\t\t\t\t\t\t\t\t\t\t\t\t<img loading=\"lazy\" decoding=\"async\" width=\"218\" height=\"21\" src=\"https:\/\/turbo-balancer.com\/wp-content\/uploads\/2022\/06\/industry-4.png\" class=\"attachment-large size-large\" alt=\"\" \/>\t\t\t\t\t\t\t\t\t\t\t\t\t\t\t<\/div>\n\t\t\t\t<\/div>\n\t\t\t\t\t<\/div>\n\t\t<\/div>\n\t\t\t\t\t\t\t<\/div>\n\t\t<\/section>\n\t\t\t\t<section class=\"elementor-section elementor-top-section elementor-element elementor-element-4f15d44 elementor-section-stretched elementor-section-boxed elementor-section-height-default elementor-section-height-default wd-section-disabled\" data-id=\"4f15d44\" data-element_type=\"section\" data-settings=\"{&quot;stretch_section&quot;:&quot;section-stretched&quot;,&quot;background_background&quot;:&quot;classic&quot;}\">\n\t\t\t\t\t\t<div class=\"elementor-container elementor-column-gap-default\">\n\t\t\t\t\t<div class=\"elementor-column elementor-col-100 elementor-top-column elementor-element elementor-element-ed9adf5\" data-id=\"ed9adf5\" data-element_type=\"column\" data-settings=\"{&quot;background_background&quot;:&quot;classic&quot;}\">\n\t\t\t<div class=\"elementor-widget-wrap elementor-element-populated\">\n\t\t\t\t\t\t\t\t<div class=\"elementor-element elementor-element-21a834a elementor-widget elementor-widget-wd_text_block\" data-id=\"21a834a\" data-element_type=\"widget\" data-widget_type=\"wd_text_block.default\">\n\t\t\t\t<div class=\"elementor-widget-container\">\n\t\t\t\t\t<div class=\"wd-text-block reset-last-child text-left\">\n\t\t\t\n\t\t\t<p>El objeto de la oferta es la m\u00e1quina equilibradora de alta velocidad del conjunto del n\u00facleo del turbocompresor de turismos, veh\u00edculos comerciales, veh\u00edculos todoterreno, marinos, agr\u00edcolas y de deportes de motor.\n\nEl n\u00facleo se instala en el cubo de la m\u00e1quina mediante el uso de una placa adaptadora con las dos abrazaderas para bloquearlo. La rueda de la turbina se acciona mediante aire comprimido suministrado a trav\u00e9s de un manguito con un sistema de boquillas. Durante la medici\u00f3n del desequilibrio se suministra aceite con una temperatura y presi\u00f3n adecuadas. El resultado de la medici\u00f3n es el gr\u00e1fico de la vibraci\u00f3n en funci\u00f3n de la velocidad de rotaci\u00f3n. Para simplificar el an\u00e1lisis del gr\u00e1fico de vibraci\u00f3n, el software indica la posici\u00f3n angular exacta del desequilibrio. El equilibrado en toda la gama de rotaciones prolonga la vida \u00fatil del turbocompresor y elimina el efecto indeseable de los silbidos.\n<span style=\"font-size: 18px; background-color: var(--wd-main-bgcolor); color: var(--wd-text-color);\">\n\t\t\t<link rel=\"stylesheet\" id=\"elementor-post-14444-css\" href=\"https:\/\/turbo-balancer.com\/wp-content\/uploads\/elementor\/css\/post-14444.css?ver=1763519323\" type=\"text\/css\" media=\"all\">\n\t\t\t\t\t<div data-elementor-type=\"wp-post\" data-elementor-id=\"14444\" class=\"elementor elementor-14444 elementor-8963\">\n\t\t\t\t\t\t\t\t\t<section class=\"elementor-section elementor-top-section elementor-element elementor-element-7bd425a elementor-section-boxed elementor-section-height-default elementor-section-height-default wd-section-disabled\" data-id=\"7bd425a\" data-element_type=\"section\">\n\t\t\t\t\t\t<div class=\"elementor-container elementor-column-gap-default\">\n\t\t\t\t\t<div class=\"elementor-column elementor-col-100 elementor-top-column elementor-element elementor-element-5764f6a\" data-id=\"5764f6a\" data-element_type=\"column\">\n\t\t\t<div class=\"elementor-widget-wrap elementor-element-populated\">\n\t\t\t\t\t\t\t\t<div class=\"elementor-element elementor-element-0aba6a4 elementor-widget elementor-widget-htmega-datatable-addons\" data-id=\"0aba6a4\" data-element_type=\"widget\" data-widget_type=\"htmega-datatable-addons.default\">\n\t\t\t\t<div class=\"elementor-widget-container\">\n\t\t\t        <div class=\"htmega-table-style htmega-table-style-3 htb-table-responsive\">\r\n            <table class=\"htb-table \">\r\n                                    <thead>\r\n                        <tr>\r\n                            <th class='elementor-repeater-item-5a57080'>Descripci\u00f3n<\/th><th class='elementor-repeater-item-4380bbc'>Par\u00e1metros<\/th>                        <\/tr>\r\n                    <\/thead>\r\n                                <tbody>\r\n                                            <tr>\r\n                            <td class=\"elementor-repeater-item-154d033\" >Di\u00e1metro m\u00e1ximo de rueda turbina<\/td><td class=\"elementor-repeater-item-fb45e01\" >134 mm (Inductor) | 114 mm (Exductor)<\/td>                        <\/tr>\r\n                                            <tr>\r\n                            <td class=\"elementor-repeater-item-b347740\" >Di\u00e1metro m\u00e1ximo de rueda compresora<\/td><td class=\"elementor-repeater-item-be610d8\" >179 mm<\/td>                        <\/tr>\r\n                                            <tr>\r\n                            <td class=\"elementor-repeater-item-b308131\" >RPM M\u00e1ximas<\/td><td class=\"elementor-repeater-item-fe7c595\" >300.000 rpm<\/td>                        <\/tr>\r\n                                            <tr>\r\n                            <td class=\"elementor-repeater-item-6c52299\" >Control de velocidad \/ de ciclo<\/td><td class=\"elementor-repeater-item-94686f1\" >Autom\u00e1tica<\/td>                        <\/tr>\r\n                                            <tr>\r\n                            <td class=\"elementor-repeater-item-5716c96\" >Unidad de medici\u00f3n<\/td><td class=\"elementor-repeater-item-9484d19\" >G, m\/s\u00b2<\/td>                        <\/tr>\r\n                                            <tr>\r\n                            <td class=\"elementor-repeater-item-b36d13e\" >C\u00e1lculo de puntos de correcci\u00f3n<\/td><td class=\"elementor-repeater-item-3a2145b\" >Autom\u00e1tica<\/td>                        <\/tr>\r\n                                            <tr>\r\n                            <td class=\"elementor-repeater-item-37cc0bd\" >Equilibrado de conjunto en contra rotaci\u00f3n<\/td><td class=\"elementor-repeater-item-086a6fe\" >Si<\/td>                        <\/tr>\r\n                                            <tr>\r\n                            <td class=\"elementor-repeater-item-22613a0\" >Filtrado de aceite<\/td><td class=\"elementor-repeater-item-ebb18d0\" >Multietapa<\/td>                        <\/tr>\r\n                                            <tr>\r\n                            <td class=\"elementor-repeater-item-369e4ff\" >Guarda de seguridad<\/td><td class=\"elementor-repeater-item-d4b0d08\" >Tipo C con interruptor de seguridad electromec\u00e1nico<\/td>                        <\/tr>\r\n                                            <tr>\r\n                            <td class=\"elementor-repeater-item-325a92f\" >Diam\u00e9tro de la entrada  de aire<\/td><td class=\"elementor-repeater-item-491daac\" >1,25\u201d<\/td>                        <\/tr>\r\n                                            <tr>\r\n                            <td class=\"elementor-repeater-item-52d398e\" >Presi\u00f3n de aire requerida<\/td><td class=\"elementor-repeater-item-f46dbd7\" >8 bar<\/td>                        <\/tr>\r\n                                            <tr>\r\n                            <td class=\"elementor-repeater-item-5c7a240\" >Capacidad requerida del tanque de aire<\/td><td class=\"elementor-repeater-item-10709cf\" >Para turbocompresores de autom\u00f3biles de pasajeros: \u2265 500 l <br\/>Para turbocompresores de veh\u00edculos pesados: \u2265 500 l<\/td>                        <\/tr>\r\n                                            <tr>\r\n                            <td class=\"elementor-repeater-item-dcbe458\" >Fuente de alimentaci\u00f3n (corriente)<\/td><td class=\"elementor-repeater-item-56d441a\" >230 V, 50\/60 Hz o a elecci\u00f3n del cliente<\/td>                        <\/tr>\r\n                                            <tr>\r\n                            <td class=\"elementor-repeater-item-c52aa96\" >Peso de la m\u00e1quina<\/td><td class=\"elementor-repeater-item-e7c877a\" >340 kg<\/td>                        <\/tr>\r\n                                            <tr>\r\n                            <td class=\"elementor-repeater-item-3382e2c\" >Dimensiones de la m\u00e1quina<\/td><td class=\"elementor-repeater-item-909ef78\" >1,450 mm x 940 mm x 1,600 mm<\/td>                        <\/tr>\r\n                                    <\/tbody>\r\n            <\/table>\r\n        <\/div>\r\n        \t\t<\/div>\n\t\t\t\t<\/div>\n\t\t\t\t\t<\/div>\n\t\t<\/div>\n\t\t\t\t\t\t\t<\/div>\n\t\t<\/section>\n\t\t\t\t\t\t\t<\/div>\n\t\t<\/span>\n<\/p>\n\t\t\t\t\t<\/div>\n\t\t\t\t<\/div>\n\t\t\t\t<\/div>\n\t\t\t\t\t<\/div>\n\t\t<\/div>\n\t\t\t\t\t\t\t<\/div>\n\t\t<\/section>\n\t\t\t\t\t\t\t<\/div>\n\t\t","protected":false},"excerpt":{"rendered":"<p>[breadcrumb] CMT-VSR BIG M\u00e1quina de equilibrado de cartuchos a alta velocidad (chra) El objeto de la oferta es la m\u00e1quina<\/p>\n","protected":false},"author":1,"featured_media":13823,"parent":0,"menu_order":0,"comment_status":"closed","ping_status":"closed","template":"","meta":{"footnotes":""},"class_list":["post-14532","page","type-page","status-publish","has-post-thumbnail","hentry"],"_links":{"self":[{"href":"https:\/\/turbo-balancer.com\/es\/wp-json\/wp\/v2\/pages\/14532","targetHints":{"allow":["GET"]}}],"collection":[{"href":"https:\/\/turbo-balancer.com\/es\/wp-json\/wp\/v2\/pages"}],"about":[{"href":"https:\/\/turbo-balancer.com\/es\/wp-json\/wp\/v2\/types\/page"}],"author":[{"embeddable":true,"href":"https:\/\/turbo-balancer.com\/es\/wp-json\/wp\/v2\/users\/1"}],"replies":[{"embeddable":true,"href":"https:\/\/turbo-balancer.com\/es\/wp-json\/wp\/v2\/comments?post=14532"}],"version-history":[{"count":11,"href":"https:\/\/turbo-balancer.com\/es\/wp-json\/wp\/v2\/pages\/14532\/revisions"}],"predecessor-version":[{"id":17349,"href":"https:\/\/turbo-balancer.com\/es\/wp-json\/wp\/v2\/pages\/14532\/revisions\/17349"}],"wp:featuredmedia":[{"embeddable":true,"href":"https:\/\/turbo-balancer.com\/es\/wp-json\/wp\/v2\/media\/13823"}],"wp:attachment":[{"href":"https:\/\/turbo-balancer.com\/es\/wp-json\/wp\/v2\/media?parent=14532"}],"curies":[{"name":"wp","href":"https:\/\/api.w.org\/{rel}","templated":true}]}}