{"id":14992,"date":"2021-10-12T15:51:09","date_gmt":"2021-10-12T13:51:09","guid":{"rendered":"https:\/\/turbo-balancer.com\/chi-siamo\/"},"modified":"2023-02-23T22:00:35","modified_gmt":"2023-02-23T21:00:35","slug":"chi-siamo","status":"publish","type":"page","link":"https:\/\/turbo-balancer.com\/it\/chi-siamo\/","title":{"rendered":"Chi siamo"},"content":{"rendered":"\t\t<div data-elementor-type=\"wp-page\" data-elementor-id=\"14992\" class=\"elementor elementor-14992 elementor-4400\">\n\t\t\t\t\t\t\t\t\t<section class=\"elementor-section elementor-top-section elementor-element elementor-element-68f64a5 elementor-section-content-middle elementor-section-boxed elementor-section-height-default elementor-section-height-default wd-section-disabled\" data-id=\"68f64a5\" data-element_type=\"section\">\n\t\t\t\t\t\t<div class=\"elementor-container elementor-column-gap-default\">\n\t\t\t\t\t<div class=\"elementor-column elementor-col-50 elementor-top-column elementor-element elementor-element-abe1ee5\" data-id=\"abe1ee5\" data-element_type=\"column\">\n\t\t\t<div class=\"elementor-widget-wrap\">\n\t\t\t\t\t\t\t\t\t<\/div>\n\t\t<\/div>\n\t\t\t\t<div class=\"elementor-column elementor-col-50 elementor-top-column elementor-element elementor-element-49de4f1\" data-id=\"49de4f1\" data-element_type=\"column\">\n\t\t\t<div class=\"elementor-widget-wrap\">\n\t\t\t\t\t\t\t\t\t<\/div>\n\t\t<\/div>\n\t\t\t\t\t\t\t<\/div>\n\t\t<\/section>\n\t\t\t\t<section class=\"elementor-section elementor-top-section elementor-element elementor-element-cf0e1ff elementor-section-boxed elementor-section-height-default elementor-section-height-default wd-section-disabled\" data-id=\"cf0e1ff\" data-element_type=\"section\">\n\t\t\t\t\t\t<div class=\"elementor-container elementor-column-gap-default\">\n\t\t\t\t\t<div class=\"elementor-column elementor-col-100 elementor-top-column elementor-element elementor-element-d4582ab\" data-id=\"d4582ab\" data-element_type=\"column\">\n\t\t\t<div class=\"elementor-widget-wrap elementor-element-populated\">\n\t\t\t\t\t\t\t\t<div class=\"elementor-element elementor-element-de6816b elementor-widget elementor-widget-wd_title\" data-id=\"de6816b\" data-element_type=\"widget\" data-widget_type=\"wd_title.default\">\n\t\t\t\t<div class=\"elementor-widget-container\">\n\t\t\t\t\t<div class=\"title-wrapper set-mb-s reset-last-child wd-title-color-primary wd-title-style-default wd-title-size-large text-center\">\n\n\t\t\t\t\t\t\t<div class=\"title-subtitle subtitle-color-primary subtitle-style-default wd-fontsize-xs\">\n\t\t\t\t\tALCUNE PAROLE SU DI NOI\t\t\t\t<\/div>\n\t\t\t\n\t\t\t<div class=\"liner-continer\">\n\t\t\t\t<h4 class=\"woodmart-title-container title wd-fontsize-xxl\">La storia di Cimat in breve!<\/h4> \n\t\t\t\t\t\t\t<\/div>\n\n\t\t\t\t\t\t\t<div class=\"title-after_title set-cont-mb-s reset-last-child wd-fontsize-s\">\n\t\t\t\t\t<p>Cimat Sp.z o.o. \u00e8 stata fondata nel 1987 da tre dottorandi dell'allora universit\u00e0 tecnica di Bydgoszcz, oggi denominata Universit\u00e0 di Tecnologia e Scienze della Vita.<\/p><p>All'epoca i tre uomini, Andrzej Topolinski, Miroslaw Malec e Ludwik Ciolczyk, decisero di fondare un'azienda che fornisse servizi di assistenza tecnica alle imprese nel campo dell'analisi delle vibrazioni e dell'equilibratura dinamica. I primi progetti del dispositivo di misura ROTORTEST permisero alla giovane azienda di stabilizzare la propria esistenza negli anni '90, quando le aziende polacche, in continua evoluzione dinamica, avevano bisogno di modernizzare le proprie macchine di bilanciamento, soprattutto in termini di elettronica obsoleta. CIMAT inizi\u00f2 anche a fornire al mercato polacco macchine di equilibratura complete per vari settori industriali. Dall'inizio del nuovo secolo, CIMAT si \u00e8 costantemente espansa in un nuovo mercato, quello delle apparecchiature destinate alle officine di rigenerazione dei turbocompressori. Le macchine di bilanciamento per i componenti e i CORE ASSY dei turbocompressori e poi i dispositivi di regolazione dei sistemi a geometria variabile Turbo Test hanno permesso di sviluppare il mercato del ricondizionamento dei turbocompressori in Polonia. L'adesione della Polonia all'Unione Europea nel 2004 \u00e8 stata un'altra pietra miliare nello sviluppo dell'azienda e ne ha permesso l'ulteriore crescita. L'espansione nei mercati europei ed extraeuropei ha fatto s\u00ec che met\u00e0 delle unit\u00e0 attualmente prodotte vengano spedite all'estero. L'attivit\u00e0 dell'azienda sui mercati esteri ha fatto s\u00ec che venisse notata dai dirigenti del Burke Porter Group, che stava costruendo una holding composta da aziende high-tech operanti, tra l'altro, nel settore dell'industria automobilistica.<\/p>\t\t\t\t<\/div>\n\t\t\t\t\t<\/div>\n\t\t\t\t<\/div>\n\t\t\t\t<\/div>\n\t\t\t\t<div class=\"elementor-element elementor-element-3b8f1c6 elementor-widget elementor-widget-wd_image_or_svg\" data-id=\"3b8f1c6\" data-element_type=\"widget\" data-widget_type=\"wd_image_or_svg.default\">\n\t\t\t\t<div class=\"elementor-widget-container\">\n\t\t\t\n\t\t<div class=\"wd-image text-center\">\n\t\t\t\t\t\t\t\t<img loading=\"lazy\" decoding=\"async\" width=\"1000\" height=\"487\" src=\"https:\/\/turbo-balancer.com\/wp-content\/uploads\/2022\/08\/cimat-company-new.jpg\" class=\"attachment-full size-full\" alt=\"\" srcset=\"https:\/\/turbo-balancer.com\/wp-content\/uploads\/2022\/08\/cimat-company-new.jpg 1000w, https:\/\/turbo-balancer.com\/wp-content\/uploads\/2022\/08\/cimat-company-new-400x195.jpg 400w, https:\/\/turbo-balancer.com\/wp-content\/uploads\/2022\/08\/cimat-company-new-768x374.jpg 768w\" sizes=\"auto, (max-width: 1000px) 100vw, 1000px\" \/>\t\t\t\t\t<\/div>\n\n\t\t\t\t<\/div>\n\t\t\t\t<\/div>\n\t\t\t\t\t<\/div>\n\t\t<\/div>\n\t\t\t\t\t\t\t<\/div>\n\t\t<\/section>\n\t\t\t\t<section class=\"elementor-section elementor-top-section elementor-element elementor-element-790c39a elementor-section-content-middle elementor-section-boxed elementor-section-height-default elementor-section-height-default wd-section-disabled\" data-id=\"790c39a\" data-element_type=\"section\">\n\t\t\t\t\t\t<div class=\"elementor-container elementor-column-gap-default\">\n\t\t\t\t\t<div class=\"elementor-column elementor-col-50 elementor-top-column elementor-element elementor-element-6b96681\" data-id=\"6b96681\" data-element_type=\"column\">\n\t\t\t<div class=\"elementor-widget-wrap elementor-element-populated\">\n\t\t\t\t\t\t\t\t<div class=\"elementor-element elementor-element-6862710 elementor-widget elementor-widget-wd_image_or_svg\" data-id=\"6862710\" data-element_type=\"widget\" data-widget_type=\"wd_image_or_svg.default\">\n\t\t\t\t<div class=\"elementor-widget-container\">\n\t\t\t\n\t\t<div class=\"wd-image text-right\">\n\t\t\t\t\t\t\t\t<img loading=\"lazy\" decoding=\"async\" width=\"689\" height=\"430\" src=\"https:\/\/turbo-balancer.com\/wp-content\/uploads\/2022\/06\/mapa.jpg\" class=\"attachment-full size-full\" alt=\"\" srcset=\"https:\/\/turbo-balancer.com\/wp-content\/uploads\/2022\/06\/mapa.jpg 689w, https:\/\/turbo-balancer.com\/wp-content\/uploads\/2022\/06\/mapa-400x250.jpg 400w\" sizes=\"auto, (max-width: 689px) 100vw, 689px\" \/>\t\t\t\t\t<\/div>\n\n\t\t\t\t<\/div>\n\t\t\t\t<\/div>\n\t\t\t\t\t<\/div>\n\t\t<\/div>\n\t\t\t\t<div class=\"elementor-column elementor-col-50 elementor-top-column elementor-element elementor-element-b4a0030\" data-id=\"b4a0030\" data-element_type=\"column\" data-settings=\"{&quot;background_background&quot;:&quot;classic&quot;}\">\n\t\t\t<div class=\"elementor-widget-wrap elementor-element-populated\">\n\t\t\t\t\t\t\t\t<div class=\"elementor-element elementor-element-aa6d5e1 color-scheme-inherit text-left elementor-widget elementor-widget-text-editor\" data-id=\"aa6d5e1\" data-element_type=\"widget\" data-widget_type=\"text-editor.default\">\n\t\t\t\t<div class=\"elementor-widget-container\">\n\t\t\t<style>\/*! elementor - v3.6.5 - 27-04-2022 *\/\n.elementor-widget-text-editor.elementor-drop-cap-view-stacked .elementor-drop-cap{background-color:#818a91;color:#fff}.elementor-widget-text-editor.elementor-drop-cap-view-framed .elementor-drop-cap{color:#818a91;border:3px solid;background-color:transparent}.elementor-widget-text-editor:not(.elementor-drop-cap-view-default) .elementor-drop-cap{margin-top:8px}.elementor-widget-text-editor:not(.elementor-drop-cap-view-default) .elementor-drop-cap-letter{width:1em;height:1em}.elementor-widget-text-editor .elementor-drop-cap{float:left;text-align:center;line-height:1;font-size:50px}.elementor-widget-text-editor .elementor-drop-cap-letter{display:inline-block}<\/style>\t\t\t\t<p style=\"margin-bottom: var(--wd-tags-mb); font-style: normal; font-variant-ligatures: normal; font-variant-caps: normal; font-weight: 400; font-family: 'Open Sans', Arial, Helvetica, sans-serif; font-size: 16px; white-space: pre-wrap;\">s s<\/p>\n<p style=\"margin-bottom: 0px; font-style: normal; font-variant-ligatures: normal; font-variant-caps: normal; font-weight: 400; font-family: 'Open Sans', Arial, Helvetica, sans-serif; font-size: 16px; white-space: pre-wrap;\">s<br \/>s<\/p><\/p>\n\t\t\t\t\t\t<\/div>\n\t\t\t\t<\/div>\n\t\t\t\t\t<\/div>\n\t\t<\/div>\n\t\t\t\t\t\t\t<\/div>\n\t\t<\/section>\n\t\t\t\t<section class=\"elementor-section elementor-top-section elementor-element elementor-element-b79a165 elementor-section-full_width elementor-section-content-middle elementor-section-height-default elementor-section-height-default wd-section-disabled\" data-id=\"b79a165\" data-element_type=\"section\" data-settings=\"{&quot;background_background&quot;:&quot;classic&quot;}\">\n\t\t\t\t\t\t<div class=\"elementor-container elementor-column-gap-default\">\n\t\t\t\t\t<div class=\"elementor-column elementor-col-100 elementor-top-column elementor-element elementor-element-a62cca8\" data-id=\"a62cca8\" data-element_type=\"column\">\n\t\t\t<div class=\"elementor-widget-wrap elementor-element-populated\">\n\t\t\t\t\t\t\t\t<div class=\"elementor-element elementor-element-ce1c6ed elementor-widget elementor-widget-heading\" data-id=\"ce1c6ed\" data-element_type=\"widget\" data-widget_type=\"heading.default\">\n\t\t\t\t<div class=\"elementor-widget-container\">\n\t\t\t<style>\/*! elementor - v3.6.5 - 27-04-2022 *\/\n.elementor-heading-title{padding:0;margin:0;line-height:1}.elementor-widget-heading .elementor-heading-title[class*=elementor-size-]>a{color:inherit;font-size:inherit;line-height:inherit}.elementor-widget-heading .elementor-heading-title.elementor-size-small{font-size:15px}.elementor-widget-heading .elementor-heading-title.elementor-size-medium{font-size:19px}.elementor-widget-heading .elementor-heading-title.elementor-size-large{font-size:29px}.elementor-widget-heading .elementor-heading-title.elementor-size-xl{font-size:39px}.elementor-widget-heading .elementor-heading-title.elementor-size-xxl{font-size:59px}<\/style><h2 class=\"elementor-heading-title elementor-size-default\">Come siamo oggi.<\/h2>\t\t<\/div>\n\t\t\t\t<\/div>\n\t\t\t\t<div class=\"elementor-element elementor-element-0c916b6 elementor-widget__width-initial elementor-aspect-ratio-169 elementor-widget elementor-widget-video\" data-id=\"0c916b6\" data-element_type=\"widget\" data-settings=\"{&quot;youtube_url&quot;:&quot;https:\\\/\\\/youtu.be\\\/ivMhsLG_4Lo&quot;,&quot;modestbranding&quot;:&quot;yes&quot;,&quot;video_type&quot;:&quot;youtube&quot;,&quot;controls&quot;:&quot;yes&quot;,&quot;aspect_ratio&quot;:&quot;169&quot;}\" data-widget_type=\"video.default\">\n\t\t\t\t<div class=\"elementor-widget-container\">\n\t\t\t<style>\/*! elementor - v3.6.5 - 27-04-2022 *\/\n.elementor-widget-video .elementor-widget-container{overflow:hidden;-webkit-transform:translateZ(0);transform:translateZ(0)}.elementor-widget-video .elementor-open-inline .elementor-custom-embed-image-overlay{position:absolute;top:0;left:0;width:100%;height:100%;background-size:cover;background-position:50%}.elementor-widget-video .elementor-custom-embed-image-overlay{cursor:pointer;text-align:center}.elementor-widget-video .elementor-custom-embed-image-overlay:hover .elementor-custom-embed-play i{opacity:1}.elementor-widget-video .elementor-custom-embed-image-overlay img{display:block;width:100%}.elementor-widget-video .e-hosted-video .elementor-video{-o-object-fit:cover;object-fit:cover}<\/style>\t\t<div class=\"elementor-wrapper elementor-fit-aspect-ratio elementor-open-inline\">\n\t\t\t<div class=\"elementor-video\"><\/div>\t\t<\/div>\n\t\t\t\t<\/div>\n\t\t\t\t<\/div>\n\t\t\t\t\t<\/div>\n\t\t<\/div>\n\t\t\t\t\t\t\t<\/div>\n\t\t<\/section>\n\t\t\t\t\t\t\t<\/div>\n\t\t","protected":false},"excerpt":{"rendered":"<p>ALCUNE PAROLE SU DI NOI La storia di Cimat in breve! Cimat Sp.z o.o. \u00e8 stata fondata nel 1987 da<\/p>\n","protected":false},"author":1,"featured_media":0,"parent":0,"menu_order":0,"comment_status":"closed","ping_status":"closed","template":"","meta":{"footnotes":""},"class_list":["post-14992","page","type-page","status-publish","hentry"],"_links":{"self":[{"href":"https:\/\/turbo-balancer.com\/it\/wp-json\/wp\/v2\/pages\/14992","targetHints":{"allow":["GET"]}}],"collection":[{"href":"https:\/\/turbo-balancer.com\/it\/wp-json\/wp\/v2\/pages"}],"about":[{"href":"https:\/\/turbo-balancer.com\/it\/wp-json\/wp\/v2\/types\/page"}],"author":[{"embeddable":true,"href":"https:\/\/turbo-balancer.com\/it\/wp-json\/wp\/v2\/users\/1"}],"replies":[{"embeddable":true,"href":"https:\/\/turbo-balancer.com\/it\/wp-json\/wp\/v2\/comments?post=14992"}],"version-history":[{"count":11,"href":"https:\/\/turbo-balancer.com\/it\/wp-json\/wp\/v2\/pages\/14992\/revisions"}],"predecessor-version":[{"id":15693,"href":"https:\/\/turbo-balancer.com\/it\/wp-json\/wp\/v2\/pages\/14992\/revisions\/15693"}],"wp:attachment":[{"href":"https:\/\/turbo-balancer.com\/it\/wp-json\/wp\/v2\/media?parent=14992"}],"curies":[{"name":"wp","href":"https:\/\/api.w.org\/{rel}","templated":true}]}}