{"id":11150,"date":"2021-10-12T15:51:09","date_gmt":"2021-10-12T13:51:09","guid":{"rendered":"https:\/\/turbo-balancer.com\/about-us\/"},"modified":"2022-08-17T09:24:35","modified_gmt":"2022-08-17T07:24:35","slug":"nasza-historia","status":"publish","type":"page","link":"https:\/\/turbo-balancer.com\/pl\/nasza-historia\/","title":{"rendered":"Nasza historia"},"content":{"rendered":"\t\t<div data-elementor-type=\"wp-page\" data-elementor-id=\"11150\" class=\"elementor elementor-11150 elementor-4400\">\n\t\t\t\t\t\t\t\t\t<section class=\"elementor-section elementor-top-section elementor-element elementor-element-68f64a5 elementor-section-content-middle elementor-section-boxed elementor-section-height-default elementor-section-height-default wd-section-disabled\" data-id=\"68f64a5\" data-element_type=\"section\">\n\t\t\t\t\t\t<div class=\"elementor-container elementor-column-gap-default\">\n\t\t\t\t\t<div class=\"elementor-column elementor-col-50 elementor-top-column elementor-element elementor-element-abe1ee5\" data-id=\"abe1ee5\" data-element_type=\"column\">\n\t\t\t<div class=\"elementor-widget-wrap\">\n\t\t\t\t\t\t\t\t\t<\/div>\n\t\t<\/div>\n\t\t\t\t<div class=\"elementor-column elementor-col-50 elementor-top-column elementor-element elementor-element-49de4f1\" data-id=\"49de4f1\" data-element_type=\"column\">\n\t\t\t<div class=\"elementor-widget-wrap\">\n\t\t\t\t\t\t\t\t\t<\/div>\n\t\t<\/div>\n\t\t\t\t\t\t\t<\/div>\n\t\t<\/section>\n\t\t\t\t<section class=\"elementor-section elementor-top-section elementor-element elementor-element-cf0e1ff elementor-section-boxed elementor-section-height-default elementor-section-height-default wd-section-disabled\" data-id=\"cf0e1ff\" data-element_type=\"section\">\n\t\t\t\t\t\t<div class=\"elementor-container elementor-column-gap-default\">\n\t\t\t\t\t<div class=\"elementor-column elementor-col-100 elementor-top-column elementor-element elementor-element-d4582ab\" data-id=\"d4582ab\" data-element_type=\"column\">\n\t\t\t<div class=\"elementor-widget-wrap elementor-element-populated\">\n\t\t\t\t\t\t\t\t<div class=\"elementor-element elementor-element-de6816b elementor-widget elementor-widget-wd_title\" data-id=\"de6816b\" data-element_type=\"widget\" data-widget_type=\"wd_title.default\">\n\t\t\t\t<div class=\"elementor-widget-container\">\n\t\t\t\t\t<div class=\"title-wrapper set-mb-s reset-last-child wd-title-color-primary wd-title-style-default wd-title-size-large text-center\">\n\n\t\t\t\t\t\t\t<div class=\"title-subtitle subtitle-color-primary subtitle-style-default wd-fontsize-xs\">\n\t\t\t\t\tPare s\u0142\u00f3w o nas\t\t\t\t<\/div>\n\t\t\t\n\t\t\t<div class=\"liner-continer\">\n\t\t\t\t<h4 class=\"woodmart-title-container title wd-fontsize-xxl\">Historia Cimat w skr\u00f3cie!<\/h4> \n\t\t\t\t\t\t\t<\/div>\n\n\t\t\t\t\t\t\t<div class=\"title-after_title set-cont-mb-s reset-last-child wd-fontsize-s\">\n\t\t\t\t\t<p>Przedsi\u0119biorstwo Cimat Sp.z o.o. zosta\u0142o za\u0142o\u017cone w 1987 roku przez trzech doktorant\u00f3w \u00f3wczesnej uczelni technicznej w Bydgoszcz, kt\u00f3ra dzisiaj nosi nazw\u0119 Uniwersytet Techniczno-Przyrodniczy.<\/p><p>Wtedy to trzej panowie: Andrzej Topoli\u0144ski, Miros\u0142aw Malec oraz Ludwik Cio\u0142czyk postanowili za\u0142o\u017cy\u0107 firm\u0119, kt\u00f3ra b\u0119dzie \u015bwiadczy\u0142a us\u0142ugi wsparcia technicznego firm w zakresie analizy drga\u0144 oraz wywa\u017cania dynamicznego. Pierwsze konstrukcje urz\u0105dzenia pomiarowego ROTORTEST pozwoli\u0142y m\u0142odej firmie ustabilizowa\u0107 swoj\u0105 egzystencj\u0119 w latach 90-tych, gdy dynamicznie zmieniaj\u0105ce si\u0119 polskie firmy potrzebowa\u0142y modernizacji wywa\u017carek, szczeg\u00f3lnie w zakresie przestarza\u0142ej elektroniki. CIMAT zacz\u0105\u0142 r\u00f3wnie\u017c dostarcza\u0107 na rynek Polski kompletne wywa\u017carki do r\u00f3\u017cnych ga\u0142\u0119zi przemys\u0142u. Od pocz\u0105tku nowego wieku CIMAT konsekwentnie poszerza\u0142 dzia\u0142alno\u015b\u0107 na nowym rynku-urz\u0105dze\u0144 s\u0142u\u017c\u0105cym warsztatom regeneracji turbospr\u0119\u017carek. Wywa\u017carki komponent\u00f3w oraz rdzeni turbospr\u0119\u017carek , a nast\u0119pnie urz\u0105dze\u0144 do regulacji uk\u0142ad\u00f3w zmiennej geometrii Turbo Test pozwoli\u0142y wr\u0119cz rozwin\u0105\u0107 w kraju rynek regeneracji turbospr\u0119\u017carek. Wej\u015bcie Polski do Unii Europejskiej w 2004 roku by\u0142o kolejnym kamieniem milowym w rozwoju firmy i pozwoli\u0142o na jej dalszy wzrost. Ekspansja na rynkach europejskich oraz pozaeuropejskich sprawi\u0142y, \u017ce po\u0142owa aktualnie produkowanych urz\u0105dze\u0144 jest wysy\u0142ana za granice naszego kraju. Aktywno\u015b\u0107 firmy na rynkach zagranicznych spowodowa\u0142a, \u017ce zosta\u0142a ona zauwa\u017cona przez osoby zarz\u0105dzaj\u0105ce Grup\u0105 Burke Porter, kt\u00f3ra budowa\u0142a holding sk\u0142adaj\u0105cy si\u0119 z firm zaawansowanych technologicznie, dzia\u0142aj\u0105cych m.in. w obszarze przemys\u0142u motoryzacyjnego.<\/p>\t\t\t\t<\/div>\n\t\t\t\t\t<\/div>\n\t\t\t\t<\/div>\n\t\t\t\t<\/div>\n\t\t\t\t<div class=\"elementor-element elementor-element-3b8f1c6 elementor-widget elementor-widget-wd_image_or_svg\" data-id=\"3b8f1c6\" data-element_type=\"widget\" data-widget_type=\"wd_image_or_svg.default\">\n\t\t\t\t<div class=\"elementor-widget-container\">\n\t\t\t\n\t\t<div class=\"wd-image text-center\">\n\t\t\t\t\t\t\t\t<img loading=\"lazy\" decoding=\"async\" width=\"1000\" height=\"487\" src=\"https:\/\/turbo-balancer.com\/wp-content\/uploads\/2022\/08\/cimat-company-new.jpg\" class=\"attachment-full size-full\" alt=\"\" srcset=\"https:\/\/turbo-balancer.com\/wp-content\/uploads\/2022\/08\/cimat-company-new.jpg 1000w, https:\/\/turbo-balancer.com\/wp-content\/uploads\/2022\/08\/cimat-company-new-400x195.jpg 400w, https:\/\/turbo-balancer.com\/wp-content\/uploads\/2022\/08\/cimat-company-new-768x374.jpg 768w\" sizes=\"auto, (max-width: 1000px) 100vw, 1000px\" \/>\t\t\t\t\t<\/div>\n\n\t\t\t\t<\/div>\n\t\t\t\t<\/div>\n\t\t\t\t\t<\/div>\n\t\t<\/div>\n\t\t\t\t\t\t\t<\/div>\n\t\t<\/section>\n\t\t\t\t<section class=\"elementor-section elementor-top-section elementor-element elementor-element-790c39a elementor-section-content-middle elementor-section-boxed elementor-section-height-default elementor-section-height-default wd-section-disabled\" data-id=\"790c39a\" data-element_type=\"section\">\n\t\t\t\t\t\t<div class=\"elementor-container elementor-column-gap-default\">\n\t\t\t\t\t<div class=\"elementor-column elementor-col-50 elementor-top-column elementor-element elementor-element-6b96681\" data-id=\"6b96681\" data-element_type=\"column\">\n\t\t\t<div class=\"elementor-widget-wrap elementor-element-populated\">\n\t\t\t\t\t\t\t\t<div class=\"elementor-element elementor-element-6862710 elementor-widget elementor-widget-wd_image_or_svg\" data-id=\"6862710\" data-element_type=\"widget\" data-widget_type=\"wd_image_or_svg.default\">\n\t\t\t\t<div class=\"elementor-widget-container\">\n\t\t\t\n\t\t<div class=\"wd-image text-right\">\n\t\t\t\t\t\t\t\t<img loading=\"lazy\" decoding=\"async\" width=\"689\" height=\"430\" src=\"https:\/\/turbo-balancer.com\/wp-content\/uploads\/2022\/06\/mapa.jpg\" class=\"attachment-full size-full\" alt=\"\" srcset=\"https:\/\/turbo-balancer.com\/wp-content\/uploads\/2022\/06\/mapa.jpg 689w, https:\/\/turbo-balancer.com\/wp-content\/uploads\/2022\/06\/mapa-400x250.jpg 400w\" sizes=\"auto, (max-width: 689px) 100vw, 689px\" \/>\t\t\t\t\t<\/div>\n\n\t\t\t\t<\/div>\n\t\t\t\t<\/div>\n\t\t\t\t\t<\/div>\n\t\t<\/div>\n\t\t\t\t<div class=\"elementor-column elementor-col-50 elementor-top-column elementor-element elementor-element-b4a0030\" data-id=\"b4a0030\" data-element_type=\"column\" data-settings=\"{&quot;background_background&quot;:&quot;classic&quot;}\">\n\t\t\t<div class=\"elementor-widget-wrap elementor-element-populated\">\n\t\t\t\t\t\t\t\t<div class=\"elementor-element elementor-element-aa6d5e1 color-scheme-inherit text-left elementor-widget elementor-widget-text-editor\" data-id=\"aa6d5e1\" data-element_type=\"widget\" data-widget_type=\"text-editor.default\">\n\t\t\t\t<div class=\"elementor-widget-container\">\n\t\t\t<style>\/*! elementor - v3.6.5 - 27-04-2022 *\/\n.elementor-widget-text-editor.elementor-drop-cap-view-stacked .elementor-drop-cap{background-color:#818a91;color:#fff}.elementor-widget-text-editor.elementor-drop-cap-view-framed .elementor-drop-cap{color:#818a91;border:3px solid;background-color:transparent}.elementor-widget-text-editor:not(.elementor-drop-cap-view-default) .elementor-drop-cap{margin-top:8px}.elementor-widget-text-editor:not(.elementor-drop-cap-view-default) .elementor-drop-cap-letter{width:1em;height:1em}.elementor-widget-text-editor .elementor-drop-cap{float:left;text-align:center;line-height:1;font-size:50px}.elementor-widget-text-editor .elementor-drop-cap-letter{display:inline-block}<\/style>\t\t\t\t<p>Rynek nale\u017cy do firm, kt\u00f3re \u015bwiadcz\u0105 kompleksowe i profesjonalne us\u0142ugi. Dzi\u0119ki Cimat Machine mo\u017cliwe jest przeprowadzenie kompletnego procesu regeneracji turbospr\u0119\u017carki.<br \/><br \/>Renomowany sprz\u0119t polskiego producenta, \u015bwiatowego lidera w regeneracji turbospr\u0119\u017carek, to wi\u0119ksza dok\u0142adno\u015b\u0107 i najlepszy mo\u017cliwy efekt us\u0142ugi.<\/p>\t\t\t\t\t\t<\/div>\n\t\t\t\t<\/div>\n\t\t\t\t\t<\/div>\n\t\t<\/div>\n\t\t\t\t\t\t\t<\/div>\n\t\t<\/section>\n\t\t\t\t<section class=\"elementor-section elementor-top-section elementor-element elementor-element-b79a165 elementor-section-full_width elementor-section-content-middle elementor-section-height-default elementor-section-height-default wd-section-disabled\" data-id=\"b79a165\" data-element_type=\"section\" data-settings=\"{&quot;background_background&quot;:&quot;classic&quot;}\">\n\t\t\t\t\t\t<div class=\"elementor-container elementor-column-gap-default\">\n\t\t\t\t\t<div class=\"elementor-column elementor-col-100 elementor-top-column elementor-element elementor-element-a62cca8\" data-id=\"a62cca8\" data-element_type=\"column\">\n\t\t\t<div class=\"elementor-widget-wrap elementor-element-populated\">\n\t\t\t\t\t\t\t\t<div class=\"elementor-element elementor-element-ce1c6ed elementor-widget elementor-widget-heading\" data-id=\"ce1c6ed\" data-element_type=\"widget\" data-widget_type=\"heading.default\">\n\t\t\t\t<div class=\"elementor-widget-container\">\n\t\t\t<style>\/*! elementor - v3.6.5 - 27-04-2022 *\/\n.elementor-heading-title{padding:0;margin:0;line-height:1}.elementor-widget-heading .elementor-heading-title[class*=elementor-size-]>a{color:inherit;font-size:inherit;line-height:inherit}.elementor-widget-heading .elementor-heading-title.elementor-size-small{font-size:15px}.elementor-widget-heading .elementor-heading-title.elementor-size-medium{font-size:19px}.elementor-widget-heading .elementor-heading-title.elementor-size-large{font-size:29px}.elementor-widget-heading .elementor-heading-title.elementor-size-xl{font-size:39px}.elementor-widget-heading .elementor-heading-title.elementor-size-xxl{font-size:59px}<\/style><h2 class=\"elementor-heading-title elementor-size-default\">Cimat dzi\u015b!<\/h2>\t\t<\/div>\n\t\t\t\t<\/div>\n\t\t\t\t<div class=\"elementor-element elementor-element-0c916b6 elementor-widget__width-initial elementor-aspect-ratio-169 elementor-widget elementor-widget-video\" data-id=\"0c916b6\" data-element_type=\"widget\" data-settings=\"{&quot;youtube_url&quot;:&quot;https:\\\/\\\/youtu.be\\\/ivMhsLG_4Lo&quot;,&quot;modestbranding&quot;:&quot;yes&quot;,&quot;video_type&quot;:&quot;youtube&quot;,&quot;controls&quot;:&quot;yes&quot;,&quot;aspect_ratio&quot;:&quot;169&quot;}\" data-widget_type=\"video.default\">\n\t\t\t\t<div class=\"elementor-widget-container\">\n\t\t\t<style>\/*! elementor - v3.6.5 - 27-04-2022 *\/\n.elementor-widget-video .elementor-widget-container{overflow:hidden;-webkit-transform:translateZ(0);transform:translateZ(0)}.elementor-widget-video .elementor-open-inline .elementor-custom-embed-image-overlay{position:absolute;top:0;left:0;width:100%;height:100%;background-size:cover;background-position:50%}.elementor-widget-video .elementor-custom-embed-image-overlay{cursor:pointer;text-align:center}.elementor-widget-video .elementor-custom-embed-image-overlay:hover .elementor-custom-embed-play i{opacity:1}.elementor-widget-video .elementor-custom-embed-image-overlay img{display:block;width:100%}.elementor-widget-video .e-hosted-video .elementor-video{-o-object-fit:cover;object-fit:cover}<\/style>\t\t<div class=\"elementor-wrapper elementor-fit-aspect-ratio elementor-open-inline\">\n\t\t\t<div class=\"elementor-video\"><\/div>\t\t<\/div>\n\t\t\t\t<\/div>\n\t\t\t\t<\/div>\n\t\t\t\t\t<\/div>\n\t\t<\/div>\n\t\t\t\t\t\t\t<\/div>\n\t\t<\/section>\n\t\t\t\t\t\t\t<\/div>\n\t\t","protected":false},"excerpt":{"rendered":"<p>Pare s\u0142\u00f3w o nas Historia Cimat w skr\u00f3cie! Przedsi\u0119biorstwo Cimat Sp.z o.o. zosta\u0142o za\u0142o\u017cone w 1987 roku przez trzech doktorant\u00f3w<\/p>\n","protected":false},"author":1,"featured_media":0,"parent":0,"menu_order":0,"comment_status":"closed","ping_status":"closed","template":"","meta":{"footnotes":""},"class_list":["post-11150","page","type-page","status-publish","hentry"],"_links":{"self":[{"href":"https:\/\/turbo-balancer.com\/pl\/wp-json\/wp\/v2\/pages\/11150","targetHints":{"allow":["GET"]}}],"collection":[{"href":"https:\/\/turbo-balancer.com\/pl\/wp-json\/wp\/v2\/pages"}],"about":[{"href":"https:\/\/turbo-balancer.com\/pl\/wp-json\/wp\/v2\/types\/page"}],"author":[{"embeddable":true,"href":"https:\/\/turbo-balancer.com\/pl\/wp-json\/wp\/v2\/users\/1"}],"replies":[{"embeddable":true,"href":"https:\/\/turbo-balancer.com\/pl\/wp-json\/wp\/v2\/comments?post=11150"}],"version-history":[{"count":16,"href":"https:\/\/turbo-balancer.com\/pl\/wp-json\/wp\/v2\/pages\/11150\/revisions"}],"predecessor-version":[{"id":11923,"href":"https:\/\/turbo-balancer.com\/pl\/wp-json\/wp\/v2\/pages\/11150\/revisions\/11923"}],"wp:attachment":[{"href":"https:\/\/turbo-balancer.com\/pl\/wp-json\/wp\/v2\/media?parent=11150"}],"curies":[{"name":"wp","href":"https:\/\/api.w.org\/{rel}","templated":true}]}}