{"id":11957,"date":"2022-08-31T14:31:35","date_gmt":"2022-08-31T12:31:35","guid":{"rendered":"https:\/\/turbo-balancer.com\/?page_id=11957"},"modified":"2022-08-31T21:41:44","modified_gmt":"2022-08-31T19:41:44","slug":"baza-wiedzy","status":"publish","type":"page","link":"https:\/\/turbo-balancer.com\/pl\/baza-wiedzy\/","title":{"rendered":"Baza wiedzy"},"content":{"rendered":"\t\t<div data-elementor-type=\"wp-page\" data-elementor-id=\"11957\" class=\"elementor elementor-11957\">\n\t\t\t\t\t\t\t\t\t<section class=\"elementor-section elementor-top-section elementor-element elementor-element-99f8ac5 elementor-section-stretched elementor-section-boxed elementor-section-height-default elementor-section-height-default wd-section-disabled\" data-id=\"99f8ac5\" data-element_type=\"section\" data-settings=\"{&quot;stretch_section&quot;:&quot;section-stretched&quot;,&quot;background_background&quot;:&quot;classic&quot;}\">\n\t\t\t\t\t\t<div class=\"elementor-container elementor-column-gap-default\">\n\t\t\t\t\t<div class=\"elementor-column elementor-col-100 elementor-top-column elementor-element elementor-element-a3986bb\" data-id=\"a3986bb\" data-element_type=\"column\">\n\t\t\t<div class=\"elementor-widget-wrap elementor-element-populated\">\n\t\t\t\t\t\t\t\t<div class=\"elementor-element elementor-element-c233adf elementor-widget elementor-widget-wd_title\" data-id=\"c233adf\" data-element_type=\"widget\" data-widget_type=\"wd_title.default\">\n\t\t\t\t<div class=\"elementor-widget-container\">\n\t\t\t\t\t<div class=\"title-wrapper set-mb-s reset-last-child wd-title-color-default wd-title-style-simple wd-title-size-large text-center\">\n\n\t\t\t\n\t\t\t<div class=\"liner-continer\">\n\t\t\t\t<h2 class=\"woodmart-title-container title wd-fontsize-xxl\">Baza wiedzy<\/h2> \n\t\t\t\t\t\t\t<\/div>\n\n\t\t\t\t\t<\/div>\n\t\t\t\t<\/div>\n\t\t\t\t<\/div>\n\t\t\t\t\t<\/div>\n\t\t<\/div>\n\t\t\t\t\t\t\t<\/div>\n\t\t<\/section>\n\t\t\t\t<section class=\"elementor-section elementor-top-section elementor-element elementor-element-684a334 elementor-section-stretched elementor-section-boxed elementor-section-height-default elementor-section-height-default wd-section-disabled\" data-id=\"684a334\" data-element_type=\"section\" data-settings=\"{&quot;background_background&quot;:&quot;classic&quot;,&quot;stretch_section&quot;:&quot;section-stretched&quot;}\">\n\t\t\t\t\t\t<div class=\"elementor-container elementor-column-gap-default\">\n\t\t\t\t\t<div class=\"elementor-column elementor-col-33 elementor-top-column elementor-element elementor-element-06e9b9e\" data-id=\"06e9b9e\" data-element_type=\"column\">\n\t\t\t<div class=\"elementor-widget-wrap elementor-element-populated\">\n\t\t\t\t\t\t\t\t<div class=\"elementor-element elementor-element-3570466 elementor-widget elementor-widget-wd_banner\" data-id=\"3570466\" data-element_type=\"widget\" data-widget_type=\"wd_banner.default\">\n\t\t\t\t<div class=\"elementor-widget-container\">\n\t\t\t\t\t<div class=\"promo-banner-wrapper\">\n\t\t\t<div class=\"promo-banner banner-mask banner-hover-zoom color-scheme- banner-btn-size-default banner-btn-style-link with-btn banner-btn-position-hover cursor-pointer\" onclick=\"window.location.href='https:\/\/turbo-balancer.com\/pl\/objawy-uszkodzonej-turbosprezarki\/'\">\n\t\t\t\t<div class=\"main-wrapp-img\">\n\t\t\t\t\t<div class=\"banner-image wd-without-height\">\n\t\t\t\t\t\t\t\t\t\t\t\t\t<img loading=\"lazy\" decoding=\"async\" width=\"1920\" height=\"1280\" src=\"https:\/\/turbo-balancer.com\/wp-content\/uploads\/2022\/08\/car-turbocharger.jpg\" class=\"attachment-full size-full\" alt=\"\" srcset=\"https:\/\/turbo-balancer.com\/wp-content\/uploads\/2022\/08\/car-turbocharger.jpg 1920w, https:\/\/turbo-balancer.com\/wp-content\/uploads\/2022\/08\/car-turbocharger-400x267.jpg 400w, https:\/\/turbo-balancer.com\/wp-content\/uploads\/2022\/08\/car-turbocharger-1200x800.jpg 1200w, https:\/\/turbo-balancer.com\/wp-content\/uploads\/2022\/08\/car-turbocharger-768x512.jpg 768w, https:\/\/turbo-balancer.com\/wp-content\/uploads\/2022\/08\/car-turbocharger-1536x1024.jpg 1536w\" sizes=\"auto, (max-width: 1920px) 100vw, 1920px\" \/>\t\t\t\t\t\t\t\t\t\t\t<\/div>\n\t\t\t\t<\/div>\n\n\t\t\t\t<div class=\"wrapper-content-banner wd-fill wd-items-middle wd-justify-center\">\n\t\t\t\t\t<div class=\"content-banner text-center\">\n\t\t\t\t\t\t<div class=\"banner-title-wrap\">\n\t\t\t\t\t\t\t\n\t\t\t\t\t\t\t\t\t\t\t\t\t\t\t<h3 class=\"banner-title wd-fontsize-l\" data-elementor-setting-key=\"title\">\n\t\t\t\t\t\t\t\t\tObjawy uszkodzonej turbospr\u0119\u017carki\t\t\t\t\t\t\t\t<\/h3>\n\t\t\t\t\t\t\t\t\t\t\t\t\t<\/div>\n\n\t\t\t\t\t\t\n\t\t\t\t\t\t\t\t\t\t\t\t\t<div class=\"banner-btn-wrapper\">\n\t\t\t\t\t\t\t\t\t\t<div class=\"wd-button-wrapper text-center\" >\n\t\t\t<a class=\"btn btn-style-link btn-style- btn-size-default btn-color-primary btn-icon-pos-right\" >\n\t\t\t\t<span class=\"wd-btn-text\" data-elementor-setting-key=\"text\">\n\t\t\t\t\tCzytaj\t\t\t\t<\/span>\n\n\t\t\t\t\t\t\t<\/a>\n\t\t<\/div>\n\t\t\t\t\t\t\t\t\t<\/div>\n\t\t\t\t\t\t\t\t\t\t\t<\/div>\n\t\t\t\t<\/div>\n\t\t\t<\/div>\n\t\t<\/div>\n\t\t\t\t<\/div>\n\t\t\t\t<\/div>\n\t\t\t\t\t<\/div>\n\t\t<\/div>\n\t\t\t\t<div class=\"elementor-column elementor-col-33 elementor-top-column elementor-element elementor-element-289b4c8\" data-id=\"289b4c8\" data-element_type=\"column\">\n\t\t\t<div class=\"elementor-widget-wrap elementor-element-populated\">\n\t\t\t\t\t\t\t\t<div class=\"elementor-element elementor-element-5b5ad6a elementor-widget elementor-widget-wd_banner\" data-id=\"5b5ad6a\" data-element_type=\"widget\" data-widget_type=\"wd_banner.default\">\n\t\t\t\t<div class=\"elementor-widget-container\">\n\t\t\t\t\t<div class=\"promo-banner-wrapper\">\n\t\t\t<div class=\"promo-banner banner-mask banner-hover-zoom color-scheme- banner-btn-size-default banner-btn-style-link with-btn banner-btn-position-hover cursor-pointer\" onclick=\"window.location.href='https:\/\/turbo-balancer.com\/pl\/przyczyny-awarii-turbosprezarek\/'\">\n\t\t\t\t<div class=\"main-wrapp-img\">\n\t\t\t\t\t<div class=\"banner-image wd-without-height\">\n\t\t\t\t\t\t\t\t\t\t\t\t\t<img loading=\"lazy\" decoding=\"async\" width=\"1920\" height=\"1280\" src=\"https:\/\/turbo-balancer.com\/wp-content\/uploads\/2022\/08\/balancing-turbocharger.jpg\" class=\"attachment-full size-full\" alt=\"Balancing turbocharger\" srcset=\"https:\/\/turbo-balancer.com\/wp-content\/uploads\/2022\/08\/balancing-turbocharger.jpg 1920w, https:\/\/turbo-balancer.com\/wp-content\/uploads\/2022\/08\/balancing-turbocharger-400x267.jpg 400w, https:\/\/turbo-balancer.com\/wp-content\/uploads\/2022\/08\/balancing-turbocharger-1200x800.jpg 1200w, https:\/\/turbo-balancer.com\/wp-content\/uploads\/2022\/08\/balancing-turbocharger-768x512.jpg 768w, https:\/\/turbo-balancer.com\/wp-content\/uploads\/2022\/08\/balancing-turbocharger-1536x1024.jpg 1536w\" sizes=\"auto, (max-width: 1920px) 100vw, 1920px\" \/>\t\t\t\t\t\t\t\t\t\t\t<\/div>\n\t\t\t\t<\/div>\n\n\t\t\t\t<div class=\"wrapper-content-banner wd-fill wd-items-middle wd-justify-center\">\n\t\t\t\t\t<div class=\"content-banner text-center\">\n\t\t\t\t\t\t<div class=\"banner-title-wrap\">\n\t\t\t\t\t\t\t\n\t\t\t\t\t\t\t\t\t\t\t\t\t\t\t<h3 class=\"banner-title wd-fontsize-l\" data-elementor-setting-key=\"title\">\n\t\t\t\t\t\t\t\t\tPrzyczyny awarii turbospr\u0119\u017carek\t\t\t\t\t\t\t\t<\/h3>\n\t\t\t\t\t\t\t\t\t\t\t\t\t<\/div>\n\n\t\t\t\t\t\t\n\t\t\t\t\t\t\t\t\t\t\t\t\t<div class=\"banner-btn-wrapper\">\n\t\t\t\t\t\t\t\t\t\t<div class=\"wd-button-wrapper text-center\" >\n\t\t\t<a class=\"btn btn-style-link btn-style- btn-size-default btn-color-primary btn-icon-pos-right\" >\n\t\t\t\t<span class=\"wd-btn-text\" data-elementor-setting-key=\"text\">\n\t\t\t\t\tCzytaj\t\t\t\t<\/span>\n\n\t\t\t\t\t\t\t<\/a>\n\t\t<\/div>\n\t\t\t\t\t\t\t\t\t<\/div>\n\t\t\t\t\t\t\t\t\t\t\t<\/div>\n\t\t\t\t<\/div>\n\t\t\t<\/div>\n\t\t<\/div>\n\t\t\t\t<\/div>\n\t\t\t\t<\/div>\n\t\t\t\t\t<\/div>\n\t\t<\/div>\n\t\t\t\t<div class=\"elementor-column elementor-col-33 elementor-top-column elementor-element elementor-element-a426531\" data-id=\"a426531\" data-element_type=\"column\">\n\t\t\t<div class=\"elementor-widget-wrap elementor-element-populated\">\n\t\t\t\t\t\t\t\t<div class=\"elementor-element elementor-element-74dd00f elementor-widget elementor-widget-wd_banner\" data-id=\"74dd00f\" data-element_type=\"widget\" data-widget_type=\"wd_banner.default\">\n\t\t\t\t<div class=\"elementor-widget-container\">\n\t\t\t\t\t<div class=\"promo-banner-wrapper\">\n\t\t\t<div class=\"promo-banner banner-mask banner-hover-zoom color-scheme- banner-btn-size-default banner-btn-style-link with-btn banner-btn-position-hover cursor-pointer\" onclick=\"window.location.href='https:\/\/turbo-balancer.com\/pl\/etapy-regeneracji-turbosprezarek\/'\">\n\t\t\t\t<div class=\"main-wrapp-img\">\n\t\t\t\t\t<div class=\"banner-image wd-without-height\">\n\t\t\t\t\t\t\t\t\t\t\t\t\t<img loading=\"lazy\" decoding=\"async\" width=\"1920\" height=\"1280\" src=\"https:\/\/turbo-balancer.com\/wp-content\/uploads\/2022\/08\/turbocharger-2.jpg\" class=\"attachment-full size-full\" alt=\"\" srcset=\"https:\/\/turbo-balancer.com\/wp-content\/uploads\/2022\/08\/turbocharger-2.jpg 1920w, https:\/\/turbo-balancer.com\/wp-content\/uploads\/2022\/08\/turbocharger-2-400x267.jpg 400w, https:\/\/turbo-balancer.com\/wp-content\/uploads\/2022\/08\/turbocharger-2-1200x800.jpg 1200w, https:\/\/turbo-balancer.com\/wp-content\/uploads\/2022\/08\/turbocharger-2-768x512.jpg 768w, https:\/\/turbo-balancer.com\/wp-content\/uploads\/2022\/08\/turbocharger-2-1536x1024.jpg 1536w\" sizes=\"auto, (max-width: 1920px) 100vw, 1920px\" \/>\t\t\t\t\t\t\t\t\t\t\t<\/div>\n\t\t\t\t<\/div>\n\n\t\t\t\t<div class=\"wrapper-content-banner wd-fill wd-items-middle wd-justify-center\">\n\t\t\t\t\t<div class=\"content-banner text-center\">\n\t\t\t\t\t\t<div class=\"banner-title-wrap\">\n\t\t\t\t\t\t\t\n\t\t\t\t\t\t\t\t\t\t\t\t\t\t\t<h3 class=\"banner-title wd-fontsize-l\" data-elementor-setting-key=\"title\">\n\t\t\t\t\t\t\t\t\tEtapy regeneracji turbospr\u0119\u017carek\t\t\t\t\t\t\t\t<\/h3>\n\t\t\t\t\t\t\t\t\t\t\t\t\t<\/div>\n\n\t\t\t\t\t\t\n\t\t\t\t\t\t\t\t\t\t\t\t\t<div class=\"banner-btn-wrapper\">\n\t\t\t\t\t\t\t\t\t\t<div class=\"wd-button-wrapper text-center\" >\n\t\t\t<a class=\"btn btn-style-link btn-style- btn-size-default btn-color-primary btn-icon-pos-right\" >\n\t\t\t\t<span class=\"wd-btn-text\" data-elementor-setting-key=\"text\">\n\t\t\t\t\tCzytaj\t\t\t\t<\/span>\n\n\t\t\t\t\t\t\t<\/a>\n\t\t<\/div>\n\t\t\t\t\t\t\t\t\t<\/div>\n\t\t\t\t\t\t\t\t\t\t\t<\/div>\n\t\t\t\t<\/div>\n\t\t\t<\/div>\n\t\t<\/div>\n\t\t\t\t<\/div>\n\t\t\t\t<\/div>\n\t\t\t\t\t<\/div>\n\t\t<\/div>\n\t\t\t\t\t\t\t<\/div>\n\t\t<\/section>\n\t\t\t\t\t\t\t<\/div>\n\t\t","protected":false},"excerpt":{"rendered":"<p>Baza wiedzy Objawy uszkodzonej turbospr\u0119\u017carki Czytaj Przyczyny awarii turbospr\u0119\u017carek Czytaj Etapy regeneracji turbospr\u0119\u017carek Czytaj<\/p>\n","protected":false},"author":1,"featured_media":0,"parent":0,"menu_order":0,"comment_status":"closed","ping_status":"closed","template":"","meta":{"footnotes":""},"class_list":["post-11957","page","type-page","status-publish","hentry"],"_links":{"self":[{"href":"https:\/\/turbo-balancer.com\/pl\/wp-json\/wp\/v2\/pages\/11957","targetHints":{"allow":["GET"]}}],"collection":[{"href":"https:\/\/turbo-balancer.com\/pl\/wp-json\/wp\/v2\/pages"}],"about":[{"href":"https:\/\/turbo-balancer.com\/pl\/wp-json\/wp\/v2\/types\/page"}],"author":[{"embeddable":true,"href":"https:\/\/turbo-balancer.com\/pl\/wp-json\/wp\/v2\/users\/1"}],"replies":[{"embeddable":true,"href":"https:\/\/turbo-balancer.com\/pl\/wp-json\/wp\/v2\/comments?post=11957"}],"version-history":[{"count":22,"href":"https:\/\/turbo-balancer.com\/pl\/wp-json\/wp\/v2\/pages\/11957\/revisions"}],"predecessor-version":[{"id":12005,"href":"https:\/\/turbo-balancer.com\/pl\/wp-json\/wp\/v2\/pages\/11957\/revisions\/12005"}],"wp:attachment":[{"href":"https:\/\/turbo-balancer.com\/pl\/wp-json\/wp\/v2\/media?parent=11957"}],"curies":[{"name":"wp","href":"https:\/\/api.w.org\/{rel}","templated":true}]}}