{"id":13355,"date":"2022-05-29T18:06:53","date_gmt":"2022-05-29T16:06:53","guid":{"rendered":"https:\/\/turbo-balancer.com\/cmt-vsr-big\/"},"modified":"2024-05-05T16:43:29","modified_gmt":"2024-05-05T14:43:29","slug":"cmt-vsr-big","status":"publish","type":"page","link":"https:\/\/turbo-balancer.com\/pt-pt\/cmt-vsr-big\/","title":{"rendered":"CMT-VSR BIG"},"content":{"rendered":"\t\t<div data-elementor-type=\"wp-page\" data-elementor-id=\"13355\" class=\"elementor elementor-13355 elementor-8958\">\n\t\t\t\t\t\t\t\t\t<section class=\"elementor-section elementor-top-section elementor-element elementor-element-c060c89 elementor-section-full_width elementor-section-content-middle elementor-section-stretched elementor-section-height-default elementor-section-height-default wd-section-disabled\" data-id=\"c060c89\" data-element_type=\"section\" data-settings=\"{&quot;stretch_section&quot;:&quot;section-stretched&quot;}\">\n\t\t\t\t\t\t<div class=\"elementor-container elementor-column-gap-default\">\n\t\t\t\t\t<div class=\"elementor-column elementor-col-100 elementor-top-column elementor-element elementor-element-83d1f2c\" data-id=\"83d1f2c\" data-element_type=\"column\">\n\t\t\t<div class=\"elementor-widget-wrap elementor-element-populated\">\n\t\t\t\t\t\t\t\t<div class=\"elementor-element elementor-element-8e6f32f elementor-widget elementor-widget-shortcode\" data-id=\"8e6f32f\" data-element_type=\"widget\" data-widget_type=\"shortcode.default\">\n\t\t\t\t<div class=\"elementor-widget-container\">\n\t\t\t\t\t<div class=\"elementor-shortcode\">[breadcrumb]<\/div>\n\t\t\t\t<\/div>\n\t\t\t\t<\/div>\n\t\t\t\t\t<\/div>\n\t\t<\/div>\n\t\t\t\t\t\t\t<\/div>\n\t\t<\/section>\n\t\t\t\t<section class=\"elementor-section elementor-top-section elementor-element elementor-element-ca96606 elementor-section-full_width elementor-section-content-middle elementor-section-stretched elementor-section-height-default elementor-section-height-default wd-section-disabled\" data-id=\"ca96606\" data-element_type=\"section\" data-settings=\"{&quot;stretch_section&quot;:&quot;section-stretched&quot;}\">\n\t\t\t\t\t\t<div class=\"elementor-container elementor-column-gap-default\">\n\t\t\t\t\t<div class=\"elementor-column elementor-col-50 elementor-top-column elementor-element elementor-element-9b991ac\" data-id=\"9b991ac\" data-element_type=\"column\">\n\t\t\t<div class=\"elementor-widget-wrap elementor-element-populated\">\n\t\t\t\t\t\t\t\t<div class=\"elementor-element elementor-element-9eecfc7 elementor-widget__width-initial elementor-widget elementor-widget-htmega-thumbgallery-addons\" data-id=\"9eecfc7\" data-element_type=\"widget\" data-widget_type=\"htmega-thumbgallery-addons.default\">\n\t\t\t\t<div class=\"elementor-widget-container\">\n\t\t\t            <div class=\"htmega-sliderarea htmega-thumbnails-style-2 sid9eecfc7\" >\r\n                <div class=\"htb-row row--5 htb-align-items-center mt--40\">\r\n\r\n                                            <div class=\"htb-col-lg-12\">\r\n                            <div class=\"ht-thumb-gallery\">\r\n                                <ul dir=\"ltr\" class=\"htmega-thumbgallery-for htmega-arrow-2\" data-settings=\"{&quot;arrows&quot;:false,&quot;arrow_prev_txt&quot;:false,&quot;arrow_next_txt&quot;:false,&quot;dots&quot;:false,&quot;autoplay&quot;:false,&quot;autoplay_speed&quot;:3000,&quot;animation_speed&quot;:300,&quot;pause_on_hover&quot;:true,&quot;center_mode&quot;:false,&quot;center_padding&quot;:0,&quot;display_columns&quot;:1,&quot;scroll_columns&quot;:1,&quot;tablet_width&quot;:750,&quot;tablet_display_columns&quot;:1,&quot;tablet_scroll_columns&quot;:1,&quot;mobile_width&quot;:360,&quot;mobile_display_columns&quot;:1,&quot;mobile_scroll_columns&quot;:1}\">\r\n                                                                            <li>\r\n                                            <img loading=\"lazy\" decoding=\"async\" width=\"1200\" height=\"800\" src=\"https:\/\/turbo-balancer.com\/wp-content\/uploads\/2024\/05\/CMT-VSR-BIG-7-1200x800.jpg\" class=\"attachment-large size-large\" alt=\"\" srcset=\"https:\/\/turbo-balancer.com\/wp-content\/uploads\/2024\/05\/CMT-VSR-BIG-7-1200x800.jpg 1200w, https:\/\/turbo-balancer.com\/wp-content\/uploads\/2024\/05\/CMT-VSR-BIG-7-400x267.jpg 400w, https:\/\/turbo-balancer.com\/wp-content\/uploads\/2024\/05\/CMT-VSR-BIG-7-768x512.jpg 768w, https:\/\/turbo-balancer.com\/wp-content\/uploads\/2024\/05\/CMT-VSR-BIG-7-1536x1024.jpg 1536w, https:\/\/turbo-balancer.com\/wp-content\/uploads\/2024\/05\/CMT-VSR-BIG-7-2048x1365.jpg 2048w\" sizes=\"auto, (max-width: 1200px) 100vw, 1200px\" \/>                                        <\/li>\r\n                                                                    <\/ul>\r\n\r\n                            <\/div>\r\n                        <\/div>\r\n\r\n                        <div class=\"htb-col-lg-12 htmega-nav-col\">\r\n                            <div class=\"htmega-thumbgallery-nav \" data-navsettings=\"{&quot;navarrows&quot;:true,&quot;navarrow_prev_txt&quot;:&quot;&lt;i aria-hidden=\\&quot;true\\&quot; class=\\&quot;fas fa-angle-left\\&quot;&gt;&lt;\\\/i&gt;&quot;,&quot;navarrow_next_txt&quot;:&quot;&lt;i aria-hidden=\\&quot;true\\&quot; class=\\&quot;fas fa-angle-right\\&quot;&gt;&lt;\\\/i&gt;&quot;,&quot;navdots&quot;:false,&quot;navvertical&quot;:false,&quot;navautoplay&quot;:false,&quot;navautoplay_speed&quot;:3000,&quot;navanimation_speed&quot;:300,&quot;navpause_on_hover&quot;:true,&quot;navcenter_mode&quot;:true,&quot;navcenter_padding&quot;:50,&quot;navdisplay_columns&quot;:4,&quot;navscroll_columns&quot;:1,&quot;navtablet_width&quot;:750,&quot;navtablet_display_columns&quot;:4,&quot;navtablet_scroll_columns&quot;:1,&quot;navmobile_width&quot;:100,&quot;navmobile_display_columns&quot;:null,&quot;navmobile_scroll_columns&quot;:null}\" >\r\n                                                                    <div class=\"small-thumb\">\r\n                                        <img loading=\"lazy\" decoding=\"async\" width=\"1200\" height=\"800\" src=\"https:\/\/turbo-balancer.com\/wp-content\/uploads\/2024\/05\/CMT-VSR-BIG-7-1200x800.jpg\" class=\"attachment-large size-large\" alt=\"\" srcset=\"https:\/\/turbo-balancer.com\/wp-content\/uploads\/2024\/05\/CMT-VSR-BIG-7-1200x800.jpg 1200w, https:\/\/turbo-balancer.com\/wp-content\/uploads\/2024\/05\/CMT-VSR-BIG-7-400x267.jpg 400w, https:\/\/turbo-balancer.com\/wp-content\/uploads\/2024\/05\/CMT-VSR-BIG-7-768x512.jpg 768w, https:\/\/turbo-balancer.com\/wp-content\/uploads\/2024\/05\/CMT-VSR-BIG-7-1536x1024.jpg 1536w, https:\/\/turbo-balancer.com\/wp-content\/uploads\/2024\/05\/CMT-VSR-BIG-7-2048x1365.jpg 2048w\" sizes=\"auto, (max-width: 1200px) 100vw, 1200px\" \/>                                    <\/div>\r\n                                                            <\/div>\r\n                        <\/div>\r\n                    \r\n                    <!-- End Thumb Gallery -->\r\n                <\/div>\r\n            <\/div>\r\n            \r\n                                <style>\r\n                         @media (max-width: 100px) {\r\n                            .sid9eecfc7 .htmega-nav-col {\r\n                                display:none;\r\n                                } \r\n                            }                    <\/style>\r\n\r\n                        \t\t<\/div>\n\t\t\t\t<\/div>\n\t\t\t\t\t<\/div>\n\t\t<\/div>\n\t\t\t\t<div class=\"elementor-column elementor-col-50 elementor-top-column elementor-element elementor-element-977ecf8\" data-id=\"977ecf8\" data-element_type=\"column\" data-settings=\"{&quot;background_background&quot;:&quot;classic&quot;,&quot;animation&quot;:&quot;none&quot;}\">\n\t\t\t<div class=\"elementor-widget-wrap elementor-element-populated\">\n\t\t\t\t\t\t\t\t<div class=\"elementor-element elementor-element-1620d7a elementor-widget elementor-widget-heading\" data-id=\"1620d7a\" data-element_type=\"widget\" data-widget_type=\"heading.default\">\n\t\t\t\t<div class=\"elementor-widget-container\">\n\t\t\t<style>\/*! elementor - v3.6.5 - 27-04-2022 *\/\n.elementor-heading-title{padding:0;margin:0;line-height:1}.elementor-widget-heading .elementor-heading-title[class*=elementor-size-]>a{color:inherit;font-size:inherit;line-height:inherit}.elementor-widget-heading .elementor-heading-title.elementor-size-small{font-size:15px}.elementor-widget-heading .elementor-heading-title.elementor-size-medium{font-size:19px}.elementor-widget-heading .elementor-heading-title.elementor-size-large{font-size:29px}.elementor-widget-heading .elementor-heading-title.elementor-size-xl{font-size:39px}.elementor-widget-heading .elementor-heading-title.elementor-size-xxl{font-size:59px}<\/style><h1 class=\"elementor-heading-title elementor-size-xl\">CMT-VSR BIG<\/h1>\t\t<\/div>\n\t\t\t\t<\/div>\n\t\t\t\t<div class=\"elementor-element elementor-element-6e6cb5a elementor-widget elementor-widget-wd_text_block\" data-id=\"6e6cb5a\" data-element_type=\"widget\" data-widget_type=\"wd_text_block.default\">\n\t\t\t\t<div class=\"elementor-widget-container\">\n\t\t\t\t\t<div class=\"wd-text-block reset-last-child text-left\">\n\t\t\t\n\t\t\t<p>M\u00c1QUINA DE BALANCEAMENTO DE CONJUNTO ROTATIVO EM ALTA VELOCIDADE<\/p>\n\t\t\t\t\t<\/div>\n\t\t\t\t<\/div>\n\t\t\t\t<\/div>\n\t\t\t\t<div class=\"elementor-element elementor-element-ed64f78 elementor-absolute elementor-widget elementor-widget-image\" data-id=\"ed64f78\" data-element_type=\"widget\" data-settings=\"{&quot;_position&quot;:&quot;absolute&quot;}\" data-widget_type=\"image.default\">\n\t\t\t\t<div class=\"elementor-widget-container\">\n\t\t\t<style>\/*! elementor - v3.6.5 - 27-04-2022 *\/\n.elementor-widget-image{text-align:center}.elementor-widget-image a{display:inline-block}.elementor-widget-image a img[src$=\".svg\"]{width:48px}.elementor-widget-image img{vertical-align:middle;display:inline-block}<\/style>\t\t\t\t\t\t\t\t\t\t\t\t<img loading=\"lazy\" decoding=\"async\" width=\"218\" height=\"21\" src=\"https:\/\/turbo-balancer.com\/wp-content\/uploads\/2022\/06\/industry-4.png\" class=\"attachment-large size-large\" alt=\"\" \/>\t\t\t\t\t\t\t\t\t\t\t\t\t\t\t<\/div>\n\t\t\t\t<\/div>\n\t\t\t\t\t<\/div>\n\t\t<\/div>\n\t\t\t\t\t\t\t<\/div>\n\t\t<\/section>\n\t\t\t\t<section class=\"elementor-section elementor-top-section elementor-element elementor-element-4f15d44 elementor-section-stretched elementor-section-boxed elementor-section-height-default elementor-section-height-default wd-section-disabled\" data-id=\"4f15d44\" data-element_type=\"section\" data-settings=\"{&quot;stretch_section&quot;:&quot;section-stretched&quot;,&quot;background_background&quot;:&quot;classic&quot;}\">\n\t\t\t\t\t\t<div class=\"elementor-container elementor-column-gap-default\">\n\t\t\t\t\t<div class=\"elementor-column elementor-col-100 elementor-top-column elementor-element elementor-element-ed9adf5\" data-id=\"ed9adf5\" data-element_type=\"column\" data-settings=\"{&quot;background_background&quot;:&quot;classic&quot;}\">\n\t\t\t<div class=\"elementor-widget-wrap elementor-element-populated\">\n\t\t\t\t\t\t\t\t<div class=\"elementor-element elementor-element-21a834a elementor-widget elementor-widget-wd_text_block\" data-id=\"21a834a\" data-element_type=\"widget\" data-widget_type=\"wd_text_block.default\">\n\t\t\t\t<div class=\"elementor-widget-container\">\n\t\t\t\t\t<div class=\"wd-text-block reset-last-child text-left\">\n\t\t\t\n\t\t\t<p>A \"CMT-VSR BIG\" \u00e9 dedicada a equilibrar o conjunto rotativo em alta velocidade de turbocompressores para carros de passeio, ve\u00edculos comerciais leves\/m\u00e9dios, caminh\u00f5es pesados, mar\u00edtimos, agr\u00edcolas e automobilismo. A m\u00e1quina garante uma alta efici\u00eancia de produ\u00e7\u00e3o, que \u00e9 de cerca de 150 a 200 n\u00facleos por turno de 450 minutos.<\/p><p>O conjunto rotativo \u00e9 instalado na configura\u00e7\u00e3o VSR usando flanges de montagem com dois grampos para segur\u00e1-lo firmemente. A roda da turbina \u00e9 acionada por ar comprimido fornecido atrav\u00e9s da manga de acionamento com sistema de bocal. Durante a medi\u00e7\u00e3o, o \u00f3leo \u00e9 fornecido na temperatura e press\u00e3o adequadas, de modo que as condi\u00e7\u00f5es de equil\u00edbrio sejam semelhantes \u00e0s do motor a combust\u00e3o. Como resultado da execu\u00e7\u00e3o da medi\u00e7\u00e3o, o gr\u00e1fico de vibra\u00e7\u00e3o do conjunto rotativo \u00e9 exibido em rela\u00e7\u00e3o ao valor da velocidade de rota\u00e7\u00e3o. Al\u00e9m disso, para facilitar a an\u00e1lise do gr\u00e1fico de vibra\u00e7\u00e3o, o software indica a posi\u00e7\u00e3o angular exata do desequil\u00edbrio. Equilibrando em uma gama completa de rota\u00e7\u00f5es, prolongando a vida \u00fatil do turbocompressor e eliminando efeitos assorosos indesejados.<\/p>\t\t\t<link rel=\"stylesheet\" id=\"elementor-post-13582-css\" href=\"https:\/\/turbo-balancer.com\/wp-content\/uploads\/elementor\/css\/post-13582.css?ver=1763480553\" type=\"text\/css\" media=\"all\">\n\t\t\t\t\t<div data-elementor-type=\"wp-post\" data-elementor-id=\"13582\" class=\"elementor elementor-13582 elementor-8963\">\n\t\t\t\t\t\t\t\t\t<section class=\"elementor-section elementor-top-section elementor-element elementor-element-7bd425a elementor-section-boxed elementor-section-height-default elementor-section-height-default wd-section-disabled\" data-id=\"7bd425a\" data-element_type=\"section\">\n\t\t\t\t\t\t<div class=\"elementor-container elementor-column-gap-default\">\n\t\t\t\t\t<div class=\"elementor-column elementor-col-100 elementor-top-column elementor-element elementor-element-5764f6a\" data-id=\"5764f6a\" data-element_type=\"column\">\n\t\t\t<div class=\"elementor-widget-wrap elementor-element-populated\">\n\t\t\t\t\t\t\t\t<div class=\"elementor-element elementor-element-0aba6a4 elementor-widget elementor-widget-htmega-datatable-addons\" data-id=\"0aba6a4\" data-element_type=\"widget\" data-widget_type=\"htmega-datatable-addons.default\">\n\t\t\t\t<div class=\"elementor-widget-container\">\n\t\t\t        <div class=\"htmega-table-style htmega-table-style-3 htb-table-responsive\">\r\n            <table class=\"htb-table \">\r\n                                    <thead>\r\n                        <tr>\r\n                            <th class='elementor-repeater-item-5a57080'>Descri\u00e7\u00e3o<\/th><th class='elementor-repeater-item-4380bbc'>Par\u00e2metros<\/th>                        <\/tr>\r\n                    <\/thead>\r\n                                <tbody>\r\n                                            <tr>\r\n                            <td class=\"elementor-repeater-item-5c7a240\" >Di\u00e2metro m\u00e1ximo da turbina<\/td><td class=\"elementor-repeater-item-a3669d0\" >91 mm (Indutor) | 80 mm (Rotor)<\/td>                        <\/tr>\r\n                                            <tr>\r\n                            <td class=\"elementor-repeater-item-8559729\" >Di\u00e2metro m\u00e1ximo da roda do compressor<\/td><td class=\"elementor-repeater-item-a14af62\" >109 mm<\/td>                        <\/tr>\r\n                                            <tr>\r\n                            <td class=\"elementor-repeater-item-6910cdb\" >Di\u00e2metro m\u00e1ximo do n\u00facleo<\/td><td class=\"elementor-repeater-item-d9b34f4\" >240 mm<\/td>                        <\/tr>\r\n                                            <tr>\r\n                            <td class=\"elementor-repeater-item-6a05e0b\" >Valor m\u00e1ximo de velocidade de rota\u00e7\u00e3o<\/td><td class=\"elementor-repeater-item-168cb20\" >300.000 rpm<\/td>                        <\/tr>\r\n                                            <tr>\r\n                            <td class=\"elementor-repeater-item-249bff8\" >Controle de velocidade \/ciclo<\/td><td class=\"elementor-repeater-item-10709cf\" >Autom\u00e1tico<\/td>                        <\/tr>\r\n                                            <tr>\r\n                            <td class=\"elementor-repeater-item-dcbe458\" >Unidade de medi\u00e7\u00e3o<\/td><td class=\"elementor-repeater-item-56d441a\" >g, m\/s2<\/td>                        <\/tr>\r\n                                            <tr>\r\n                            <td class=\"elementor-repeater-item-c52aa96\" >Pontos de corre\u00e7\u00e3o<\/td><td class=\"elementor-repeater-item-e7c877a\" >Calculados automaticamente<\/td>                        <\/tr>\r\n                                            <tr>\r\n                            <td class=\"elementor-repeater-item-3382e2c\" >Balanceamento de n\u00facleo contra-rota\u00e7\u00e3o<\/td><td class=\"elementor-repeater-item-909ef78\" >Sim<\/td>                        <\/tr>\r\n                                    <\/tbody>\r\n            <\/table>\r\n        <\/div>\r\n        \t\t<\/div>\n\t\t\t\t<\/div>\n\t\t\t\t<div class=\"elementor-element elementor-element-58232e6 elementor-widget elementor-widget-wd_title\" data-id=\"58232e6\" data-element_type=\"widget\" data-widget_type=\"wd_title.default\">\n\t\t\t\t<div class=\"elementor-widget-container\">\n\t\t\t\t\t<div class=\"title-wrapper set-mb-s reset-last-child wd-title-color-default wd-title-style-default wd-title-size-default text-center\">\n\n\t\t\t\n\t\t\t<div class=\"liner-continer\">\n\t\t\t\t<h4 class=\"woodmart-title-container title wd-fontsize-l\">M\u00c1QUINA DE BALANCEAMENTO DE BAIXA VELOCIDADE<\/h4> \n\t\t\t\t\t\t\t<\/div>\n\n\t\t\t\t\t<\/div>\n\t\t\t\t<\/div>\n\t\t\t\t<\/div>\n\t\t\t\t<div class=\"elementor-element elementor-element-0fe28b7 elementor-widget elementor-widget-htmega-datatable-addons\" data-id=\"0fe28b7\" data-element_type=\"widget\" data-widget_type=\"htmega-datatable-addons.default\">\n\t\t\t\t<div class=\"elementor-widget-container\">\n\t\t\t        <div class=\"htmega-table-style htmega-table-style-3 htb-table-responsive\">\r\n            <table class=\"htb-table \">\r\n                                    <thead>\r\n                        <tr>\r\n                            <th class='elementor-repeater-item-5a57080'>Descri\u00e7\u00e3o<\/th><th class='elementor-repeater-item-4380bbc'>Par\u00e2metros<\/th>                        <\/tr>\r\n                    <\/thead>\r\n                                <tbody>\r\n                                            <tr>\r\n                            <td class=\"elementor-repeater-item-5c7a240\" > Peso m\u00e1ximo da montagem do n\u00facleo<\/td><td class=\"elementor-repeater-item-10709cf\" >16 kg<\/td>                        <\/tr>\r\n                                            <tr>\r\n                            <td class=\"elementor-repeater-item-dcbe458\" >Unidade de medi\u00e7\u00e3o<\/td><td class=\"elementor-repeater-item-56d441a\" >mg, gmm<\/td>                        <\/tr>\r\n                                            <tr>\r\n                            <td class=\"elementor-repeater-item-c52aa96\" >Precis\u00e3o de medi\u00e7\u00e3o<\/td><td class=\"elementor-repeater-item-e7c877a\" >0.02 gmm \u2013 0,3 gmm para n\u00facleo turbocompressor de caminh\u00e3o leve <\/br>0.15 gmm \u2013 0,9 gmm para n\u00facleo turbocompressor de caminh\u00e3o pesado<\/td>                        <\/tr>\r\n                                            <tr>\r\n                            <td class=\"elementor-repeater-item-3382e2c\" >Velocidade de equil\u00edbrio<\/td><td class=\"elementor-repeater-item-909ef78\" >6.000 rpm para o conjunto do n\u00facleo do turbocompressor de caminh\u00e3o leve<br\/>4.000 rpm para conjunto de n\u00facleo de turbocompressor de caminh\u00e3o pesado<\/td>                        <\/tr>\r\n                                    <\/tbody>\r\n            <\/table>\r\n        <\/div>\r\n        \t\t<\/div>\n\t\t\t\t<\/div>\n\t\t\t\t\t<\/div>\n\t\t<\/div>\n\t\t\t\t\t\t\t<\/div>\n\t\t<\/section>\n\t\t\t\t<section class=\"elementor-section elementor-top-section elementor-element elementor-element-cd19735 elementor-section-boxed elementor-section-height-default elementor-section-height-default wd-section-disabled\" data-id=\"cd19735\" data-element_type=\"section\">\n\t\t\t\t\t\t<div class=\"elementor-container elementor-column-gap-default\">\n\t\t\t\t\t<div class=\"elementor-column elementor-col-100 elementor-top-column elementor-element elementor-element-2afede1\" data-id=\"2afede1\" data-element_type=\"column\">\n\t\t\t<div class=\"elementor-widget-wrap elementor-element-populated\">\n\t\t\t\t\t\t\t\t<div class=\"elementor-element elementor-element-1bc1c0b elementor-widget elementor-widget-wd_title\" data-id=\"1bc1c0b\" data-element_type=\"widget\" data-widget_type=\"wd_title.default\">\n\t\t\t\t<div class=\"elementor-widget-container\">\n\t\t\t\t\t<div class=\"title-wrapper set-mb-s reset-last-child wd-title-color-default wd-title-style-default wd-title-size-default text-center\">\n\n\t\t\t\n\t\t\t<div class=\"liner-continer\">\n\t\t\t\t<h4 class=\"woodmart-title-container title wd-fontsize-l\">DADOS GERAIS<\/h4> \n\t\t\t\t\t\t\t<\/div>\n\n\t\t\t\t\t<\/div>\n\t\t\t\t<\/div>\n\t\t\t\t<\/div>\n\t\t\t\t<div class=\"elementor-element elementor-element-d609a86 elementor-widget elementor-widget-htmega-datatable-addons\" data-id=\"d609a86\" data-element_type=\"widget\" data-widget_type=\"htmega-datatable-addons.default\">\n\t\t\t\t<div class=\"elementor-widget-container\">\n\t\t\t        <div class=\"htmega-table-style htmega-table-style-3 htb-table-responsive\">\r\n            <table class=\"htb-table \">\r\n                                    <thead>\r\n                        <tr>\r\n                            <th class='elementor-repeater-item-5a57080'>Descri\u00e7\u00e3o<\/th><th class='elementor-repeater-item-4380bbc'>Par\u00e2metros<\/th>                        <\/tr>\r\n                    <\/thead>\r\n                                <tbody>\r\n                                            <tr>\r\n                            <td class=\"elementor-repeater-item-154d033\" >Filtragem de \u00f3leo<\/td><td class=\"elementor-repeater-item-d2175e3\" >Multiest\u00e1gio<\/td>                        <\/tr>\r\n                                            <tr>\r\n                            <td class=\"elementor-repeater-item-4c14748\" >Porta de seguran\u00e7a<\/td><td class=\"elementor-repeater-item-81e63fb\" >Tipo C com interruptor de seguran\u00e7a com travamento de prote\u00e7\u00e3o<\/td>                        <\/tr>\r\n                                            <tr>\r\n                            <td class=\"elementor-repeater-item-8856efb\" >Di\u00e2metro do tubo de alimenta\u00e7\u00e3o de ar<\/td><td class=\"elementor-repeater-item-fb45e01\" >1\"<\/td>                        <\/tr>\r\n                                            <tr>\r\n                            <td class=\"elementor-repeater-item-b347740\" >Press\u00e3o do compressor de ar<\/td><td class=\"elementor-repeater-item-be610d8\" >8 bar<\/td>                        <\/tr>\r\n                                            <tr>\r\n                            <td class=\"elementor-repeater-item-b308131\" >Capacidade necess\u00e1ria do tanque de ar<\/td><td class=\"elementor-repeater-item-fe7c595\" >Para turbocompressores leves: \u2265 500 l <br\/>Para grandes turbocompressores: \u2265 1000 l<\/td>                        <\/tr>\r\n                                            <tr>\r\n                            <td class=\"elementor-repeater-item-6c52299\" >Peso da m\u00e1quina<\/td><td class=\"elementor-repeater-item-94686f1\" >450 kg<\/td>                        <\/tr>\r\n                                            <tr>\r\n                            <td class=\"elementor-repeater-item-5716c96\" >Fonte de alimenta\u00e7\u00e3o (conex\u00e3o)<\/td><td class=\"elementor-repeater-item-9484d19\" >230 V, 50\/60 Hz ou outros<\/td>                        <\/tr>\r\n                                            <tr>\r\n                            <td class=\"elementor-repeater-item-f4238ac\" >Tamanho da m\u00e1quina<\/td><td class=\"elementor-repeater-item-d6c8434\" >1.950 mm x 1.000 mm x 1.750 mm<\/td>                        <\/tr>\r\n                                    <\/tbody>\r\n            <\/table>\r\n        <\/div>\r\n        \t\t<\/div>\n\t\t\t\t<\/div>\n\t\t\t\t\t<\/div>\n\t\t<\/div>\n\t\t\t\t\t\t\t<\/div>\n\t\t<\/section>\n\t\t\t\t\t\t\t<\/div>\n\t\t\n\t\t\t\t\t<\/div>\n\t\t\t\t<\/div>\n\t\t\t\t<\/div>\n\t\t\t\t\t<\/div>\n\t\t<\/div>\n\t\t\t\t\t\t\t<\/div>\n\t\t<\/section>\n\t\t\t\t\t\t\t<\/div>\n\t\t","protected":false},"excerpt":{"rendered":"<p>[breadcrumb] CMT-VSR BIG M\u00c1QUINA DE BALANCEAMENTO DE CONJUNTO ROTATIVO EM ALTA VELOCIDADE A &#8220;CMT-VSR BIG&#8221; \u00e9 dedicada a equilibrar o<\/p>\n","protected":false},"author":1,"featured_media":13155,"parent":0,"menu_order":0,"comment_status":"closed","ping_status":"closed","template":"","meta":{"footnotes":""},"class_list":["post-13355","page","type-page","status-publish","has-post-thumbnail","hentry"],"_links":{"self":[{"href":"https:\/\/turbo-balancer.com\/pt-pt\/wp-json\/wp\/v2\/pages\/13355","targetHints":{"allow":["GET"]}}],"collection":[{"href":"https:\/\/turbo-balancer.com\/pt-pt\/wp-json\/wp\/v2\/pages"}],"about":[{"href":"https:\/\/turbo-balancer.com\/pt-pt\/wp-json\/wp\/v2\/types\/page"}],"author":[{"embeddable":true,"href":"https:\/\/turbo-balancer.com\/pt-pt\/wp-json\/wp\/v2\/users\/1"}],"replies":[{"embeddable":true,"href":"https:\/\/turbo-balancer.com\/pt-pt\/wp-json\/wp\/v2\/comments?post=13355"}],"version-history":[{"count":8,"href":"https:\/\/turbo-balancer.com\/pt-pt\/wp-json\/wp\/v2\/pages\/13355\/revisions"}],"predecessor-version":[{"id":17346,"href":"https:\/\/turbo-balancer.com\/pt-pt\/wp-json\/wp\/v2\/pages\/13355\/revisions\/17346"}],"wp:featuredmedia":[{"embeddable":true,"href":"https:\/\/turbo-balancer.com\/pt-pt\/wp-json\/wp\/v2\/media\/13155"}],"wp:attachment":[{"href":"https:\/\/turbo-balancer.com\/pt-pt\/wp-json\/wp\/v2\/media?parent=13355"}],"curies":[{"name":"wp","href":"https:\/\/api.w.org\/{rel}","templated":true}]}}