{"id":13365,"date":"2022-06-12T00:38:15","date_gmt":"2022-06-11T22:38:15","guid":{"rendered":"https:\/\/turbo-balancer.com\/cmt-tr-polimer\/"},"modified":"2024-08-14T11:20:28","modified_gmt":"2024-08-14T09:20:28","slug":"cmt-tr-polimer","status":"publish","type":"page","link":"https:\/\/turbo-balancer.com\/pt-pt\/cmt-tr-polimer\/","title":{"rendered":"CMT-TR POLIMER"},"content":{"rendered":"\t\t<div data-elementor-type=\"wp-page\" data-elementor-id=\"13365\" class=\"elementor elementor-13365 elementor-9215\">\n\t\t\t\t\t\t\t\t\t<section class=\"elementor-section elementor-top-section elementor-element elementor-element-c060c89 elementor-section-full_width elementor-section-content-middle elementor-section-stretched elementor-section-height-default elementor-section-height-default wd-section-disabled\" data-id=\"c060c89\" data-element_type=\"section\" data-settings=\"{&quot;stretch_section&quot;:&quot;section-stretched&quot;}\">\n\t\t\t\t\t\t<div class=\"elementor-container elementor-column-gap-default\">\n\t\t\t\t\t<div class=\"elementor-column elementor-col-100 elementor-top-column elementor-element elementor-element-83d1f2c\" data-id=\"83d1f2c\" data-element_type=\"column\">\n\t\t\t<div class=\"elementor-widget-wrap elementor-element-populated\">\n\t\t\t\t\t\t\t\t<div class=\"elementor-element elementor-element-8e6f32f elementor-widget elementor-widget-shortcode\" data-id=\"8e6f32f\" data-element_type=\"widget\" data-widget_type=\"shortcode.default\">\n\t\t\t\t<div class=\"elementor-widget-container\">\n\t\t\t\t\t<div class=\"elementor-shortcode\">[breadcrumb]<\/div>\n\t\t\t\t<\/div>\n\t\t\t\t<\/div>\n\t\t\t\t\t<\/div>\n\t\t<\/div>\n\t\t\t\t\t\t\t<\/div>\n\t\t<\/section>\n\t\t\t\t<section class=\"elementor-section elementor-top-section elementor-element elementor-element-ca96606 elementor-section-full_width elementor-section-content-middle elementor-section-stretched elementor-section-height-default elementor-section-height-default wd-section-disabled\" data-id=\"ca96606\" data-element_type=\"section\" data-settings=\"{&quot;stretch_section&quot;:&quot;section-stretched&quot;}\">\n\t\t\t\t\t\t<div class=\"elementor-container elementor-column-gap-default\">\n\t\t\t\t\t<div class=\"elementor-column elementor-col-50 elementor-top-column elementor-element elementor-element-9b991ac\" data-id=\"9b991ac\" data-element_type=\"column\">\n\t\t\t<div class=\"elementor-widget-wrap elementor-element-populated\">\n\t\t\t\t\t\t\t\t<div class=\"elementor-element elementor-element-9eecfc7 elementor-widget__width-initial elementor-widget elementor-widget-htmega-thumbgallery-addons\" data-id=\"9eecfc7\" data-element_type=\"widget\" data-widget_type=\"htmega-thumbgallery-addons.default\">\n\t\t\t\t<div class=\"elementor-widget-container\">\n\t\t\t            <div class=\"htmega-sliderarea htmega-thumbnails-style-2 sid9eecfc7\" >\r\n                <div class=\"htb-row row--5 htb-align-items-center mt--40\">\r\n\r\n                                            <div class=\"htb-col-lg-12\">\r\n                            <div class=\"ht-thumb-gallery\">\r\n                                <ul dir=\"ltr\" class=\"htmega-thumbgallery-for htmega-arrow-2\" data-settings=\"{&quot;arrows&quot;:false,&quot;arrow_prev_txt&quot;:false,&quot;arrow_next_txt&quot;:false,&quot;dots&quot;:false,&quot;autoplay&quot;:false,&quot;autoplay_speed&quot;:3000,&quot;animation_speed&quot;:300,&quot;pause_on_hover&quot;:true,&quot;center_mode&quot;:false,&quot;center_padding&quot;:0,&quot;display_columns&quot;:1,&quot;scroll_columns&quot;:1,&quot;tablet_width&quot;:750,&quot;tablet_display_columns&quot;:1,&quot;tablet_scroll_columns&quot;:1,&quot;mobile_width&quot;:360,&quot;mobile_display_columns&quot;:1,&quot;mobile_scroll_columns&quot;:1}\">\r\n                                                                            <li>\r\n                                            <img loading=\"lazy\" decoding=\"async\" width=\"534\" height=\"800\" src=\"https:\/\/turbo-balancer.com\/wp-content\/uploads\/2024\/08\/CMT-TR-Polimer_CIMAT-534x800.png\" class=\"attachment-large size-large\" alt=\"\" srcset=\"https:\/\/turbo-balancer.com\/wp-content\/uploads\/2024\/08\/CMT-TR-Polimer_CIMAT-534x800.png 534w, https:\/\/turbo-balancer.com\/wp-content\/uploads\/2024\/08\/CMT-TR-Polimer_CIMAT-200x300.png 200w, https:\/\/turbo-balancer.com\/wp-content\/uploads\/2024\/08\/CMT-TR-Polimer_CIMAT-768x1151.png 768w, https:\/\/turbo-balancer.com\/wp-content\/uploads\/2024\/08\/CMT-TR-Polimer_CIMAT-1025x1536.png 1025w, https:\/\/turbo-balancer.com\/wp-content\/uploads\/2024\/08\/CMT-TR-Polimer_CIMAT-1366x2048.png 1366w\" sizes=\"auto, (max-width: 534px) 100vw, 534px\" \/>                                        <\/li>\r\n                                                                    <\/ul>\r\n\r\n                            <\/div>\r\n                        <\/div>\r\n\r\n                        <div class=\"htb-col-lg-12 htmega-nav-col\">\r\n                            <div class=\"htmega-thumbgallery-nav \" data-navsettings=\"{&quot;navarrows&quot;:true,&quot;navarrow_prev_txt&quot;:&quot;&lt;i aria-hidden=\\&quot;true\\&quot; class=\\&quot;fas fa-angle-left\\&quot;&gt;&lt;\\\/i&gt;&quot;,&quot;navarrow_next_txt&quot;:&quot;&lt;i aria-hidden=\\&quot;true\\&quot; class=\\&quot;fas fa-angle-right\\&quot;&gt;&lt;\\\/i&gt;&quot;,&quot;navdots&quot;:false,&quot;navvertical&quot;:false,&quot;navautoplay&quot;:false,&quot;navautoplay_speed&quot;:3000,&quot;navanimation_speed&quot;:300,&quot;navpause_on_hover&quot;:true,&quot;navcenter_mode&quot;:true,&quot;navcenter_padding&quot;:50,&quot;navdisplay_columns&quot;:4,&quot;navscroll_columns&quot;:1,&quot;navtablet_width&quot;:750,&quot;navtablet_display_columns&quot;:4,&quot;navtablet_scroll_columns&quot;:1,&quot;navmobile_width&quot;:100,&quot;navmobile_display_columns&quot;:null,&quot;navmobile_scroll_columns&quot;:null}\" >\r\n                                                                    <div class=\"small-thumb\">\r\n                                        <img loading=\"lazy\" decoding=\"async\" width=\"534\" height=\"800\" src=\"https:\/\/turbo-balancer.com\/wp-content\/uploads\/2024\/08\/CMT-TR-Polimer_CIMAT-534x800.png\" class=\"attachment-large size-large\" alt=\"\" srcset=\"https:\/\/turbo-balancer.com\/wp-content\/uploads\/2024\/08\/CMT-TR-Polimer_CIMAT-534x800.png 534w, https:\/\/turbo-balancer.com\/wp-content\/uploads\/2024\/08\/CMT-TR-Polimer_CIMAT-200x300.png 200w, https:\/\/turbo-balancer.com\/wp-content\/uploads\/2024\/08\/CMT-TR-Polimer_CIMAT-768x1151.png 768w, https:\/\/turbo-balancer.com\/wp-content\/uploads\/2024\/08\/CMT-TR-Polimer_CIMAT-1025x1536.png 1025w, https:\/\/turbo-balancer.com\/wp-content\/uploads\/2024\/08\/CMT-TR-Polimer_CIMAT-1366x2048.png 1366w\" sizes=\"auto, (max-width: 534px) 100vw, 534px\" \/>                                    <\/div>\r\n                                                            <\/div>\r\n                        <\/div>\r\n                    \r\n                    <!-- End Thumb Gallery -->\r\n                <\/div>\r\n            <\/div>\r\n            \r\n                                <style>\r\n                         @media (max-width: 100px) {\r\n                            .sid9eecfc7 .htmega-nav-col {\r\n                                display:none;\r\n                                } \r\n                            }                    <\/style>\r\n\r\n                        \t\t<\/div>\n\t\t\t\t<\/div>\n\t\t\t\t\t<\/div>\n\t\t<\/div>\n\t\t\t\t<div class=\"elementor-column elementor-col-50 elementor-top-column elementor-element elementor-element-977ecf8\" data-id=\"977ecf8\" data-element_type=\"column\" data-settings=\"{&quot;background_background&quot;:&quot;classic&quot;,&quot;animation&quot;:&quot;none&quot;}\">\n\t\t\t<div class=\"elementor-widget-wrap elementor-element-populated\">\n\t\t\t\t\t\t\t\t<div class=\"elementor-element elementor-element-1620d7a elementor-widget elementor-widget-heading\" data-id=\"1620d7a\" data-element_type=\"widget\" data-widget_type=\"heading.default\">\n\t\t\t\t<div class=\"elementor-widget-container\">\n\t\t\t<style>\/*! elementor - v3.6.5 - 27-04-2022 *\/\n.elementor-heading-title{padding:0;margin:0;line-height:1}.elementor-widget-heading .elementor-heading-title[class*=elementor-size-]>a{color:inherit;font-size:inherit;line-height:inherit}.elementor-widget-heading .elementor-heading-title.elementor-size-small{font-size:15px}.elementor-widget-heading .elementor-heading-title.elementor-size-medium{font-size:19px}.elementor-widget-heading .elementor-heading-title.elementor-size-large{font-size:29px}.elementor-widget-heading .elementor-heading-title.elementor-size-xl{font-size:39px}.elementor-widget-heading .elementor-heading-title.elementor-size-xxl{font-size:59px}<\/style><h1 class=\"elementor-heading-title elementor-size-xl\">CMT-TR POLIMER<\/h1>\t\t<\/div>\n\t\t\t\t<\/div>\n\t\t\t\t<div class=\"elementor-element elementor-element-6e6cb5a elementor-widget elementor-widget-wd_text_block\" data-id=\"6e6cb5a\" data-element_type=\"widget\" data-widget_type=\"wd_text_block.default\">\n\t\t\t\t<div class=\"elementor-widget-container\">\n\t\t\t\t\t<div class=\"wd-text-block reset-last-child text-left\">\n\t\t\t\n\t\t\tDestina-se a equilibrar os eixos rotores dos turbocompressores em carros de passeio, caminh\u00f5es, barcos ou pe\u00e7as agr\u00edcolas\n\t\t\t\t\t<\/div>\n\t\t\t\t<\/div>\n\t\t\t\t<\/div>\n\t\t\t\t<div class=\"elementor-element elementor-element-4897f63 elementor-absolute elementor-widget elementor-widget-image\" data-id=\"4897f63\" data-element_type=\"widget\" data-settings=\"{&quot;_position&quot;:&quot;absolute&quot;}\" data-widget_type=\"image.default\">\n\t\t\t\t<div class=\"elementor-widget-container\">\n\t\t\t<style>\/*! elementor - v3.6.5 - 27-04-2022 *\/\n.elementor-widget-image{text-align:center}.elementor-widget-image a{display:inline-block}.elementor-widget-image a img[src$=\".svg\"]{width:48px}.elementor-widget-image img{vertical-align:middle;display:inline-block}<\/style>\t\t\t\t\t\t\t\t\t\t\t\t<img loading=\"lazy\" decoding=\"async\" width=\"218\" height=\"21\" src=\"https:\/\/turbo-balancer.com\/wp-content\/uploads\/2022\/06\/industry-4.png\" class=\"attachment-large size-large\" alt=\"\" \/>\t\t\t\t\t\t\t\t\t\t\t\t\t\t\t<\/div>\n\t\t\t\t<\/div>\n\t\t\t\t\t<\/div>\n\t\t<\/div>\n\t\t\t\t\t\t\t<\/div>\n\t\t<\/section>\n\t\t\t\t<section class=\"elementor-section elementor-top-section elementor-element elementor-element-4f15d44 elementor-section-stretched elementor-section-boxed elementor-section-height-default elementor-section-height-default wd-section-disabled\" data-id=\"4f15d44\" data-element_type=\"section\" data-settings=\"{&quot;stretch_section&quot;:&quot;section-stretched&quot;,&quot;background_background&quot;:&quot;classic&quot;}\">\n\t\t\t\t\t\t<div class=\"elementor-container elementor-column-gap-default\">\n\t\t\t\t\t<div class=\"elementor-column elementor-col-100 elementor-top-column elementor-element elementor-element-ed9adf5\" data-id=\"ed9adf5\" data-element_type=\"column\" data-settings=\"{&quot;background_background&quot;:&quot;classic&quot;}\">\n\t\t\t<div class=\"elementor-widget-wrap elementor-element-populated\">\n\t\t\t\t\t\t\t\t<div class=\"elementor-element elementor-element-054dfb6 elementor-widget elementor-widget-wd_text_block\" data-id=\"054dfb6\" data-element_type=\"widget\" data-widget_type=\"wd_text_block.default\">\n\t\t\t\t<div class=\"elementor-widget-container\">\n\t\t\t\t\t<div class=\"wd-text-block reset-last-child text-left\">\n\t\t\t\n\t\t\t\t\t\t<link rel=\"stylesheet\" id=\"elementor-post-13421-css\" href=\"https:\/\/turbo-balancer.com\/wp-content\/uploads\/elementor\/css\/post-13421.css?ver=1763519808\" type=\"text\/css\" media=\"all\">\n\t\t\t\t\t<div data-elementor-type=\"wp-post\" data-elementor-id=\"13421\" class=\"elementor elementor-13421 elementor-9222\">\n\t\t\t\t\t\t\t\t\t<section class=\"elementor-section elementor-top-section elementor-element elementor-element-7bd425a elementor-section-boxed elementor-section-height-default elementor-section-height-default wd-section-disabled\" data-id=\"7bd425a\" data-element_type=\"section\">\n\t\t\t\t\t\t<div class=\"elementor-container elementor-column-gap-default\">\n\t\t\t\t\t<div class=\"elementor-column elementor-col-100 elementor-top-column elementor-element elementor-element-5764f6a\" data-id=\"5764f6a\" data-element_type=\"column\">\n\t\t\t<div class=\"elementor-widget-wrap elementor-element-populated\">\n\t\t\t\t\t\t\t\t<div class=\"elementor-element elementor-element-71cd90f elementor-widget elementor-widget-wd_title\" data-id=\"71cd90f\" data-element_type=\"widget\" data-widget_type=\"wd_title.default\">\n\t\t\t\t<div class=\"elementor-widget-container\">\n\t\t\t\t\t<div class=\"title-wrapper set-mb-s reset-last-child wd-title-color-default wd-title-style-default wd-title-size-default text-center\">\n\n\t\t\t\n\t\t\t<div class=\"liner-continer\">\n\t\t\t\t<h4 class=\"woodmart-title-container title wd-fontsize-l\">M\u00c1QUINA DE BALANCEAMENTO DE ROTORES<br \/>\n<\/h4> \n\t\t\t\t\t\t\t<\/div>\n\n\t\t\t\t\t<\/div>\n\t\t\t\t<\/div>\n\t\t\t\t<\/div>\n\t\t\t\t<div class=\"elementor-element elementor-element-642bb5b elementor-widget elementor-widget-htmega-datatable-addons\" data-id=\"642bb5b\" data-element_type=\"widget\" data-widget_type=\"htmega-datatable-addons.default\">\n\t\t\t\t<div class=\"elementor-widget-container\">\n\t\t\t        <div class=\"htmega-table-style htmega-table-style-3 htb-table-responsive\">\r\n            <table class=\"htb-table \">\r\n                                    <thead>\r\n                        <tr>\r\n                            <th class='elementor-repeater-item-5a57080'>Descri\u00e7\u00e3o<\/th><th class='elementor-repeater-item-4380bbc'>Par\u00e2metros<\/th>                        <\/tr>\r\n                    <\/thead>\r\n                                <tbody>\r\n                                            <tr>\r\n                            <td class=\"elementor-repeater-item-5716c96\" > Peso m\u00e1ximo do rotor<\/td><td class=\"elementor-repeater-item-9484d19\" >5 kg<\/td>                        <\/tr>\r\n                                            <tr>\r\n                            <td class=\"elementor-repeater-item-b36d13e\" >Di\u00e2metro do rotor m\u00e1ximo<\/td><td class=\"elementor-repeater-item-3a2145b\" >200 mm<\/td>                        <\/tr>\r\n                                            <tr>\r\n                            <td class=\"elementor-repeater-item-37cc0bd\" >Dist\u00e2ncia entre centros de suporte<\/td><td class=\"elementor-repeater-item-086a6fe\" >200 mm<\/td>                        <\/tr>\r\n                                            <tr>\r\n                            <td class=\"elementor-repeater-item-59e5f50\" >Faixa de di\u00e2metro do mancal do rotor<\/td><td class=\"elementor-repeater-item-ebb18d0\" >5 \u2013 25 mm<\/td>                        <\/tr>\r\n                                            <tr>\r\n                            <td class=\"elementor-repeater-item-22613a0\" >Unidade de medi\u00e7\u00e3o<\/td><td class=\"elementor-repeater-item-0947870\" >mg, gmm<\/td>                        <\/tr>\r\n                                            <tr>\r\n                            <td class=\"elementor-repeater-item-602b3fb\" >N\u00famero de planos de remedia\u00e7\u00e3o<\/td><td class=\"elementor-repeater-item-6539b24\" >2<\/td>                        <\/tr>\r\n                                            <tr>\r\n                            <td class=\"elementor-repeater-item-3bc10f9\" >Incerteza de medi\u00e7\u00e3o<\/td><td class=\"elementor-repeater-item-ffd9ea3\" >0,05 gmm<\/td>                        <\/tr>\r\n                                            <tr>\r\n                            <td class=\"elementor-repeater-item-53581a6\" >Relat\u00f3rio de Redu\u00e7\u00e3o de Desequil\u00edbrio<\/td><td class=\"elementor-repeater-item-9c3114f\" >\u2265 95%<\/td>                        <\/tr>\r\n                                            <tr>\r\n                            <td class=\"elementor-repeater-item-5d68a1e\" >Velocidade m\u00e1xima de rota\u00e7\u00e3o<\/td><td class=\"elementor-repeater-item-2a440d8\" >16.000 rpm<\/td>                        <\/tr>\r\n                                            <tr>\r\n                            <td class=\"elementor-repeater-item-64e9fc1\" >Controle de velocidade<\/td><td class=\"elementor-repeater-item-47043da\" >Continuamente ajust\u00e1vel<\/td>                        <\/tr>\r\n                                            <tr>\r\n                            <td class=\"elementor-repeater-item-d3d6141\" >Tipo de motor<\/td><td class=\"elementor-repeater-item-bb8a133\" >Servo drive<\/td>                        <\/tr>\r\n                                            <tr>\r\n                            <td class=\"elementor-repeater-item-b840aae\" >Pot\u00eancia do motor servo<\/td><td class=\"elementor-repeater-item-b77ff2b\" >400 watts<\/td>                        <\/tr>\r\n                                            <tr>\r\n                            <td class=\"elementor-repeater-item-ba0482e\" >Indexa\u00e7\u00e3o autom\u00e1tica do rotor<\/td><td class=\"elementor-repeater-item-7d5735e\" >Sim<\/td>                        <\/tr>\r\n                                            <tr>\r\n                            <td class=\"elementor-repeater-item-eeabc5f\" >Indexa\u00e7\u00e3o angular manual<\/td><td class=\"elementor-repeater-item-a853aed\" >Sim<\/td>                        <\/tr>\r\n                                            <tr>\r\n                            <td class=\"elementor-repeater-item-9a2afc3\" >Tipo de sensor de velocidade<\/td><td class=\"elementor-repeater-item-6ab5f25\" >Contraste<\/td>                        <\/tr>\r\n                                            <tr>\r\n                            <td class=\"elementor-repeater-item-12f4f5b\" >Material habitacional<\/td><td class=\"elementor-repeater-item-55fb994\" >Pol\u00edmero<\/td>                        <\/tr>\r\n                                            <tr>\r\n                            <td class=\"elementor-repeater-item-38b5aaa\" >Blocos em V para balanceamento de rotor leve<\/td><td class=\"elementor-repeater-item-ed7e555\" >Sim<\/td>                        <\/tr>\r\n                                            <tr>\r\n                            <td class=\"elementor-repeater-item-b6c3680\" >Altura do rolamento ajust\u00e1vel <\/td><td class=\"elementor-repeater-item-df245bf\" >Opcional<\/td>                        <\/tr>\r\n                                            <tr>\r\n                            <td class=\"elementor-repeater-item-baa8312\" >Calibra\u00e7\u00e3o espec\u00edfica do rotor<\/td><td class=\"elementor-repeater-item-9b24cde\" >Um processo de calibra\u00e7\u00e3o padr\u00e3o que requer a realiza\u00e7\u00e3o de ciclos de calibra\u00e7\u00e3o com peso de teste para criar um arquivo de configura\u00e7\u00e3o de rotor<\/td>                        <\/tr>\r\n                                            <tr>\r\n                            <td class=\"elementor-repeater-item-76ab5ff\" >Rotor de calibra\u00e7\u00e3o \"ABC\"<\/td><td class=\"elementor-repeater-item-342eaa2\" >Processo de calibra\u00e7\u00e3o simples que n\u00e3o requer ciclos de calibra\u00e7\u00e3o para criar um arquivo de configura\u00e7\u00e3o do rotor<\/td>                        <\/tr>\r\n                                            <tr>\r\n                            <td class=\"elementor-repeater-item-2142ddf\" >Porta de seguran\u00e7a<\/td><td class=\"elementor-repeater-item-adfe9bd\" >Tipo C com interruptor de seguran\u00e7a com travamento de prote\u00e7\u00e3o<\/td>                        <\/tr>\r\n                                            <tr>\r\n                            <td class=\"elementor-repeater-item-28f256e\" >Peso da m\u00e1quina<\/td><td class=\"elementor-repeater-item-7c65bfe\" >450 kg<\/td>                        <\/tr>\r\n                                            <tr>\r\n                            <td class=\"elementor-repeater-item-ba87fc8\" >Fonte de alimenta\u00e7\u00e3o (conex\u00e3o)<\/td><td class=\"elementor-repeater-item-6c2670a\" >230 V, 50\/60 Hz ou outros<\/td>                        <\/tr>\r\n                                            <tr>\r\n                            <td class=\"elementor-repeater-item-1099be8\" >Tamanho da m\u00e1quina<\/td><td class=\"elementor-repeater-item-56525e5\" >1.750 mm x 1.000 mm x 1.750 mm<\/td>                        <\/tr>\r\n                                    <\/tbody>\r\n            <\/table>\r\n        <\/div>\r\n        \t\t<\/div>\n\t\t\t\t<\/div>\n\t\t\t\t\t<\/div>\n\t\t<\/div>\n\t\t\t\t\t\t\t<\/div>\n\t\t<\/section>\n\t\t\t\t\t\t\t<\/div>\n\t\t\n\t\t\t\t\t<\/div>\n\t\t\t\t<\/div>\n\t\t\t\t<\/div>\n\t\t\t\t\t<\/div>\n\t\t<\/div>\n\t\t\t\t\t\t\t<\/div>\n\t\t<\/section>\n\t\t\t\t\t\t\t<\/div>\n\t\t","protected":false},"excerpt":{"rendered":"<p>[breadcrumb] CMT-TR POLIMER Destina-se a equilibrar os eixos rotores dos turbocompressores em carros de passeio, caminh\u00f5es, barcos ou pe\u00e7as agr\u00edcolas<\/p>\n","protected":false},"author":1,"featured_media":13149,"parent":0,"menu_order":0,"comment_status":"closed","ping_status":"closed","template":"","meta":{"footnotes":""},"class_list":["post-13365","page","type-page","status-publish","has-post-thumbnail","hentry"],"_links":{"self":[{"href":"https:\/\/turbo-balancer.com\/pt-pt\/wp-json\/wp\/v2\/pages\/13365","targetHints":{"allow":["GET"]}}],"collection":[{"href":"https:\/\/turbo-balancer.com\/pt-pt\/wp-json\/wp\/v2\/pages"}],"about":[{"href":"https:\/\/turbo-balancer.com\/pt-pt\/wp-json\/wp\/v2\/types\/page"}],"author":[{"embeddable":true,"href":"https:\/\/turbo-balancer.com\/pt-pt\/wp-json\/wp\/v2\/users\/1"}],"replies":[{"embeddable":true,"href":"https:\/\/turbo-balancer.com\/pt-pt\/wp-json\/wp\/v2\/comments?post=13365"}],"version-history":[{"count":8,"href":"https:\/\/turbo-balancer.com\/pt-pt\/wp-json\/wp\/v2\/pages\/13365\/revisions"}],"predecessor-version":[{"id":17546,"href":"https:\/\/turbo-balancer.com\/pt-pt\/wp-json\/wp\/v2\/pages\/13365\/revisions\/17546"}],"wp:featuredmedia":[{"embeddable":true,"href":"https:\/\/turbo-balancer.com\/pt-pt\/wp-json\/wp\/v2\/media\/13149"}],"wp:attachment":[{"href":"https:\/\/turbo-balancer.com\/pt-pt\/wp-json\/wp\/v2\/media?parent=13365"}],"curies":[{"name":"wp","href":"https:\/\/api.w.org\/{rel}","templated":true}]}}