{"id":12241,"date":"2021-10-12T15:51:09","date_gmt":"2021-10-12T13:51:09","guid":{"rendered":"https:\/\/turbo-balancer.com\/despre-noi\/"},"modified":"2022-12-20T21:19:05","modified_gmt":"2022-12-20T20:19:05","slug":"despre-noi","status":"publish","type":"page","link":"https:\/\/turbo-balancer.com\/ro\/despre-noi\/","title":{"rendered":"Despre noi"},"content":{"rendered":"\t\t<div data-elementor-type=\"wp-page\" data-elementor-id=\"12241\" class=\"elementor elementor-12241 elementor-4400\">\n\t\t\t\t\t\t\t\t\t<section class=\"elementor-section elementor-top-section elementor-element elementor-element-68f64a5 elementor-section-content-middle elementor-section-boxed elementor-section-height-default elementor-section-height-default wd-section-disabled\" data-id=\"68f64a5\" data-element_type=\"section\">\n\t\t\t\t\t\t<div class=\"elementor-container elementor-column-gap-default\">\n\t\t\t\t\t<div class=\"elementor-column elementor-col-50 elementor-top-column elementor-element elementor-element-abe1ee5\" data-id=\"abe1ee5\" data-element_type=\"column\">\n\t\t\t<div class=\"elementor-widget-wrap\">\n\t\t\t\t\t\t\t\t\t<\/div>\n\t\t<\/div>\n\t\t\t\t<div class=\"elementor-column elementor-col-50 elementor-top-column elementor-element elementor-element-49de4f1\" data-id=\"49de4f1\" data-element_type=\"column\">\n\t\t\t<div class=\"elementor-widget-wrap\">\n\t\t\t\t\t\t\t\t\t<\/div>\n\t\t<\/div>\n\t\t\t\t\t\t\t<\/div>\n\t\t<\/section>\n\t\t\t\t<section class=\"elementor-section elementor-top-section elementor-element elementor-element-cf0e1ff elementor-section-boxed elementor-section-height-default elementor-section-height-default wd-section-disabled\" data-id=\"cf0e1ff\" data-element_type=\"section\">\n\t\t\t\t\t\t<div class=\"elementor-container elementor-column-gap-default\">\n\t\t\t\t\t<div class=\"elementor-column elementor-col-100 elementor-top-column elementor-element elementor-element-d4582ab\" data-id=\"d4582ab\" data-element_type=\"column\">\n\t\t\t<div class=\"elementor-widget-wrap elementor-element-populated\">\n\t\t\t\t\t\t\t\t<div class=\"elementor-element elementor-element-de6816b elementor-widget elementor-widget-wd_title\" data-id=\"de6816b\" data-element_type=\"widget\" data-widget_type=\"wd_title.default\">\n\t\t\t\t<div class=\"elementor-widget-container\">\n\t\t\t\t\t<div class=\"title-wrapper set-mb-s reset-last-child wd-title-color-primary wd-title-style-default wd-title-size-large text-center\">\n\n\t\t\t\n\t\t\t<div class=\"liner-continer\">\n\t\t\t\t<h4 class=\"woodmart-title-container title wd-fontsize-xxl\">Istoria Cimat pe scurt!<\/h4> \n\t\t\t\t\t\t\t<\/div>\n\n\t\t\t\t\t\t\t<div class=\"title-after_title set-cont-mb-s reset-last-child wd-fontsize-s\">\n\t\t\t\t\t<p>Cimat Sp.z o.o. a fost fondat\u0103 \u00een 1987 de trei doctoranzi ai universit\u0103\u021bii tehnice de atunci din Bydgoszcz, care ast\u0103zi se nume\u0219te Universitatea de Tehnologie \u0219i \u0218tiin\u021be ale Vie\u021bii.<\/p><p>La acea vreme, cei trei b\u0103rba\u021bi, Andrzej Topolinski, Miroslaw Malec \u0219i Ludwik Ciolczyk, au decis s\u0103 \u00eenfiin\u021beze o companie care s\u0103 ofere servicii de suport tehnic companiilor din domeniul analizei vibra\u021biilor \u0219i echilibr\u0103rii dinamice. Primele modele ale aparatului de m\u0103surare ROTORTEST i-au permis tinerei companii s\u0103-\u0219i stabilizeze existen\u021ba \u00een anii 1990, c\u00e2nd companiile poloneze aflate \u00een schimbare trebuiau s\u0103-\u0219i modernizeze ma\u0219inile de echilibrare, \u00een special \u00een ceea ce prive\u0219te electronica \u00eenvechit\u0103. De asemenea, CIMAT a \u00eenceput s\u0103 furnizeze pie\u021bei poloneze ma\u0219ini complete de echilibrare pentru diverse industrii. De la \u00eenceputul noului secol, CIMAT s-a extins constant \u00eentr-o nou\u0103 pia\u021b\u0103 de echipamente care deserve\u0219te magazinele de remanufactur\u0103 de turbocompresoare. Ma\u0219inile de echilibrare pentru componente \u0219i ansamble centrale de turbocompresoare \u0219i apoi dispozitivele de reglare a sistemelor cu geometrie variabil\u0103 Turbo Test au permis chiar dezvoltarea pie\u021bei recondi\u021bion\u0103rii turbocompresoarelor \u00een Polonia. Aderarea Poloniei la Uniunea European\u0103 \u00een 2004 a fost o alt\u0103 piatr\u0103 de hotar \u00een dezvoltarea companiei \u0219i a permis cre\u0219terea acesteia \u00een continuare. Extinderea pe pie\u021bele europene \u0219i non-europene a \u00eensemnat c\u0103 jum\u0103tate din unit\u0103\u021bile produse \u00een prezent sunt expediate \u00een str\u0103in\u0103tate. Activitatea companiei pe pie\u021bele externe a f\u0103cut ca aceasta s\u0103 fie remarcat\u0103 de c\u0103tre managerii Burke Porter Group, care construia, printre altele, un holding format din companii de \u00eenalt\u0103 tehnologie care \u00ee\u0219i desf\u0103\u0219oar\u0103 activitatea \u00een zona industriei auto.<\/p>\t\t\t\t<\/div>\n\t\t\t\t\t<\/div>\n\t\t\t\t<\/div>\n\t\t\t\t<\/div>\n\t\t\t\t<div class=\"elementor-element elementor-element-3b8f1c6 elementor-widget elementor-widget-wd_image_or_svg\" data-id=\"3b8f1c6\" data-element_type=\"widget\" data-widget_type=\"wd_image_or_svg.default\">\n\t\t\t\t<div class=\"elementor-widget-container\">\n\t\t\t\n\t\t<div class=\"wd-image text-center\">\n\t\t\t\t\t\t\t\t<img loading=\"lazy\" decoding=\"async\" width=\"1000\" height=\"487\" src=\"https:\/\/turbo-balancer.com\/wp-content\/uploads\/2022\/08\/cimat-company-new.jpg\" class=\"attachment-full size-full\" alt=\"\" srcset=\"https:\/\/turbo-balancer.com\/wp-content\/uploads\/2022\/08\/cimat-company-new.jpg 1000w, https:\/\/turbo-balancer.com\/wp-content\/uploads\/2022\/08\/cimat-company-new-400x195.jpg 400w, https:\/\/turbo-balancer.com\/wp-content\/uploads\/2022\/08\/cimat-company-new-768x374.jpg 768w\" sizes=\"auto, (max-width: 1000px) 100vw, 1000px\" \/>\t\t\t\t\t<\/div>\n\n\t\t\t\t<\/div>\n\t\t\t\t<\/div>\n\t\t\t\t\t<\/div>\n\t\t<\/div>\n\t\t\t\t\t\t\t<\/div>\n\t\t<\/section>\n\t\t\t\t<section class=\"elementor-section elementor-top-section elementor-element elementor-element-790c39a elementor-section-content-middle elementor-section-boxed elementor-section-height-default elementor-section-height-default wd-section-disabled\" data-id=\"790c39a\" data-element_type=\"section\">\n\t\t\t\t\t\t<div class=\"elementor-container elementor-column-gap-default\">\n\t\t\t\t\t<div class=\"elementor-column elementor-col-50 elementor-top-column elementor-element elementor-element-6b96681\" data-id=\"6b96681\" data-element_type=\"column\">\n\t\t\t<div class=\"elementor-widget-wrap elementor-element-populated\">\n\t\t\t\t\t\t\t\t<div class=\"elementor-element elementor-element-6862710 elementor-widget elementor-widget-wd_image_or_svg\" data-id=\"6862710\" data-element_type=\"widget\" data-widget_type=\"wd_image_or_svg.default\">\n\t\t\t\t<div class=\"elementor-widget-container\">\n\t\t\t\n\t\t<div class=\"wd-image text-right\">\n\t\t\t\t\t\t\t\t<img loading=\"lazy\" decoding=\"async\" width=\"689\" height=\"430\" src=\"https:\/\/turbo-balancer.com\/wp-content\/uploads\/2022\/06\/mapa.jpg\" class=\"attachment-full size-full\" alt=\"\" srcset=\"https:\/\/turbo-balancer.com\/wp-content\/uploads\/2022\/06\/mapa.jpg 689w, https:\/\/turbo-balancer.com\/wp-content\/uploads\/2022\/06\/mapa-400x250.jpg 400w\" sizes=\"auto, (max-width: 689px) 100vw, 689px\" \/>\t\t\t\t\t<\/div>\n\n\t\t\t\t<\/div>\n\t\t\t\t<\/div>\n\t\t\t\t\t<\/div>\n\t\t<\/div>\n\t\t\t\t<div class=\"elementor-column elementor-col-50 elementor-top-column elementor-element elementor-element-b4a0030\" data-id=\"b4a0030\" data-element_type=\"column\" data-settings=\"{&quot;background_background&quot;:&quot;classic&quot;}\">\n\t\t\t<div class=\"elementor-widget-wrap elementor-element-populated\">\n\t\t\t\t\t\t\t\t<div class=\"elementor-element elementor-element-aa6d5e1 color-scheme-inherit text-left elementor-widget elementor-widget-text-editor\" data-id=\"aa6d5e1\" data-element_type=\"widget\" data-widget_type=\"text-editor.default\">\n\t\t\t\t<div class=\"elementor-widget-container\">\n\t\t\t<style>\/*! elementor - v3.6.5 - 27-04-2022 *\/\n.elementor-widget-text-editor.elementor-drop-cap-view-stacked .elementor-drop-cap{background-color:#818a91;color:#fff}.elementor-widget-text-editor.elementor-drop-cap-view-framed .elementor-drop-cap{color:#818a91;border:3px solid;background-color:transparent}.elementor-widget-text-editor:not(.elementor-drop-cap-view-default) .elementor-drop-cap{margin-top:8px}.elementor-widget-text-editor:not(.elementor-drop-cap-view-default) .elementor-drop-cap-letter{width:1em;height:1em}.elementor-widget-text-editor .elementor-drop-cap{float:left;text-align:center;line-height:1;font-size:50px}.elementor-widget-text-editor .elementor-drop-cap-letter{display:inline-block}<\/style>\t\t\t\t<p style=\"margin-bottom: var(--wd-tags-mb); font-style: normal; font-variant-ligatures: normal; font-variant-caps: normal; font-weight: 400; font-family: 'Open Sans', Arial, Helvetica, sans-serif; font-size: 16px; white-space: pre-wrap;\">Pia\u021ba apar\u021bine companiilor care ofer\u0103 servicii complete \u0219i profesionale. Cu utilajul Cimat este posibil s\u0103 se efectueze un proces complet de recondi\u021bionare a turbocompresorului.<\/p><p style=\"margin-bottom: 0px; font-style: normal; font-variant-ligatures: normal; font-variant-caps: normal; font-weight: 400; font-family: 'Open Sans', Arial, Helvetica, sans-serif; font-size: 16px; white-space: pre-wrap;\">Echipamente de renume ale produc\u0103torului polonez, lider mondial \u00een recondi\u021bionarea turbocompresoarelor,<br>\u00eenseamn\u0103 o precizie mai mare \u0219i cel mai bun efect posibil al serviciului oferit.<\/p><p> <\/p>\t\t\t\t\t\t<\/div>\n\t\t\t\t<\/div>\n\t\t\t\t\t<\/div>\n\t\t<\/div>\n\t\t\t\t\t\t\t<\/div>\n\t\t<\/section>\n\t\t\t\t<section class=\"elementor-section elementor-top-section elementor-element elementor-element-b79a165 elementor-section-full_width elementor-section-content-middle elementor-section-height-default elementor-section-height-default wd-section-disabled\" data-id=\"b79a165\" data-element_type=\"section\" data-settings=\"{&quot;background_background&quot;:&quot;classic&quot;}\">\n\t\t\t\t\t\t<div class=\"elementor-container elementor-column-gap-default\">\n\t\t\t\t\t<div class=\"elementor-column elementor-col-100 elementor-top-column elementor-element elementor-element-a62cca8\" data-id=\"a62cca8\" data-element_type=\"column\">\n\t\t\t<div class=\"elementor-widget-wrap elementor-element-populated\">\n\t\t\t\t\t\t\t\t<div class=\"elementor-element elementor-element-ce1c6ed elementor-widget elementor-widget-heading\" data-id=\"ce1c6ed\" data-element_type=\"widget\" data-widget_type=\"heading.default\">\n\t\t\t\t<div class=\"elementor-widget-container\">\n\t\t\t<style>\/*! elementor - v3.6.5 - 27-04-2022 *\/\n.elementor-heading-title{padding:0;margin:0;line-height:1}.elementor-widget-heading .elementor-heading-title[class*=elementor-size-]>a{color:inherit;font-size:inherit;line-height:inherit}.elementor-widget-heading .elementor-heading-title.elementor-size-small{font-size:15px}.elementor-widget-heading .elementor-heading-title.elementor-size-medium{font-size:19px}.elementor-widget-heading .elementor-heading-title.elementor-size-large{font-size:29px}.elementor-widget-heading .elementor-heading-title.elementor-size-xl{font-size:39px}.elementor-widget-heading .elementor-heading-title.elementor-size-xxl{font-size:59px}<\/style><h2 class=\"elementor-heading-title elementor-size-default\">CUM AR\u0102T\u0102M AST\u0102ZI<\/h2>\t\t<\/div>\n\t\t\t\t<\/div>\n\t\t\t\t<div class=\"elementor-element elementor-element-0c916b6 elementor-widget__width-initial elementor-aspect-ratio-169 elementor-widget elementor-widget-video\" data-id=\"0c916b6\" data-element_type=\"widget\" data-settings=\"{&quot;youtube_url&quot;:&quot;https:\\\/\\\/youtu.be\\\/ivMhsLG_4Lo&quot;,&quot;modestbranding&quot;:&quot;yes&quot;,&quot;video_type&quot;:&quot;youtube&quot;,&quot;controls&quot;:&quot;yes&quot;,&quot;aspect_ratio&quot;:&quot;169&quot;}\" data-widget_type=\"video.default\">\n\t\t\t\t<div class=\"elementor-widget-container\">\n\t\t\t<style>\/*! elementor - v3.6.5 - 27-04-2022 *\/\n.elementor-widget-video .elementor-widget-container{overflow:hidden;-webkit-transform:translateZ(0);transform:translateZ(0)}.elementor-widget-video .elementor-open-inline .elementor-custom-embed-image-overlay{position:absolute;top:0;left:0;width:100%;height:100%;background-size:cover;background-position:50%}.elementor-widget-video .elementor-custom-embed-image-overlay{cursor:pointer;text-align:center}.elementor-widget-video .elementor-custom-embed-image-overlay:hover .elementor-custom-embed-play i{opacity:1}.elementor-widget-video .elementor-custom-embed-image-overlay img{display:block;width:100%}.elementor-widget-video .e-hosted-video .elementor-video{-o-object-fit:cover;object-fit:cover}<\/style>\t\t<div class=\"elementor-wrapper elementor-fit-aspect-ratio elementor-open-inline\">\n\t\t\t<div class=\"elementor-video\"><\/div>\t\t<\/div>\n\t\t\t\t<\/div>\n\t\t\t\t<\/div>\n\t\t\t\t\t<\/div>\n\t\t<\/div>\n\t\t\t\t\t\t\t<\/div>\n\t\t<\/section>\n\t\t\t\t\t\t\t<\/div>\n\t\t","protected":false},"excerpt":{"rendered":"<p>Istoria Cimat pe scurt! Cimat Sp.z o.o. a fost fondat\u0103 \u00een 1987 de trei doctoranzi ai universit\u0103\u021bii tehnice de atunci<\/p>\n","protected":false},"author":1,"featured_media":0,"parent":0,"menu_order":0,"comment_status":"closed","ping_status":"closed","template":"","meta":{"footnotes":""},"class_list":["post-12241","page","type-page","status-publish","hentry"],"_links":{"self":[{"href":"https:\/\/turbo-balancer.com\/ro\/wp-json\/wp\/v2\/pages\/12241","targetHints":{"allow":["GET"]}}],"collection":[{"href":"https:\/\/turbo-balancer.com\/ro\/wp-json\/wp\/v2\/pages"}],"about":[{"href":"https:\/\/turbo-balancer.com\/ro\/wp-json\/wp\/v2\/types\/page"}],"author":[{"embeddable":true,"href":"https:\/\/turbo-balancer.com\/ro\/wp-json\/wp\/v2\/users\/1"}],"replies":[{"embeddable":true,"href":"https:\/\/turbo-balancer.com\/ro\/wp-json\/wp\/v2\/comments?post=12241"}],"version-history":[{"count":8,"href":"https:\/\/turbo-balancer.com\/ro\/wp-json\/wp\/v2\/pages\/12241\/revisions"}],"predecessor-version":[{"id":14212,"href":"https:\/\/turbo-balancer.com\/ro\/wp-json\/wp\/v2\/pages\/12241\/revisions\/14212"}],"wp:attachment":[{"href":"https:\/\/turbo-balancer.com\/ro\/wp-json\/wp\/v2\/media?parent=12241"}],"curies":[{"name":"wp","href":"https:\/\/api.w.org\/{rel}","templated":true}]}}